{"id":990499,"date":"2024-04-09T19:36:42","date_gmt":"2024-04-09T18:36:42","guid":{"rendered":"https:\/\/serafima2024.live-website.com\/startseite\/"},"modified":"2026-01-26T20:10:36","modified_gmt":"2026-01-26T19:10:36","slug":"startseite","status":"publish","type":"page","link":"https:\/\/www.serafimaint.com\/de\/","title":{"rendered":"Startseite"},"content":{"rendered":"<div class=\"vgblk-rw-wrapper limit-wrapper\">\n<h5>\n\tUNTERNEHMEN\n\t<\/h5>\n\t<h2>Serafima &#8211; Ihr Partner f\u00fcr <strong>Innovation, Service und Spitzenleistung<\/strong><\/h2>\n Wir bei Serafima sind mehr als nur ein globaler Serviceanbieter f\u00fcr alle Marken von Ventilatoren, Gebl\u00e4sen, Kompressoren und dem einzigartigen TZT-Zentrifugentrockner. Wir verstehen uns als Ihr engagierter Partner, der Sie in jeder Phase des Lebenszyklus Ihres Systems begleitet &#8211; von der Wartung und Reparatur bis hin zum vollst\u00e4ndigen Austausch oder der Entwicklung v\u00f6llig neuer Maschinen.<br \/>Unser Anspruch reicht weit \u00fcber branchenspezifische Standards hinaus: Wir bieten Ihnen einen umfassenden Service, der individuell auf Ihre Bed\u00fcrfnisse zugeschnitten ist und neue Ma\u00dfst\u00e4be setzt.<br \/>Mit \u00fcber 20 Jahren Erfahrung stellen wir uns jeden Tag eine zentrale Frage: <strong>Was unterscheidet einen herausragenden Service- und Gesch\u00e4ftspartner von einem lediglich guten?<\/strong> Unsere Antwort liegt nicht nur darin, was wir tun, sondern vor allem darin, wie wir denken.<br \/>F\u00fcr uns ist Service mehr als nur eine Aufgabe &#8211; es ist unser Versprechen an Sie, stets Spitzenleistungen zu liefern. Diese Haltung treibt uns an, umfassende Unterst\u00fctzung und innovative L\u00f6sungen zu bieten, die f\u00fcr Sie den Unterschied machen &#8211; nachhaltig und messbar.      \n<p> CEO: <a href=\"https:\/\/www.linkedin.com\/in\/stephan-jakob-2185522b\/?originalSubdomain=de\">Stephan Jakob<\/a><\/p>\n\t\t\t\t\t\t\t<img loading=\"lazy\" decoding=\"async\" src=\"https:\/\/www.serafimaint.com\/wp-content\/uploads\/2024\/06\/Unterschrift_SJ.jpg\" alt=\"Unterschrift_SJ\" itemprop=\"image\" height=\"221\" width=\"427\" title=\"Unterschrift_SJ\" onerror=\"this.style.display='none'\"  sizes=\"auto, (max-width: 768px) 100vw, 100vw\" srcset=\"https:\/\/www.serafimaint.com\/wp-content\/uploads\/2024\/06\/Unterschrift_SJ.jpg 427w, https:\/\/www.serafimaint.com\/wp-content\/uploads\/2024\/06\/Unterschrift_SJ-300x155.jpg 300w, https:\/\/www.serafimaint.com\/wp-content\/uploads\/2024\/06\/Unterschrift_SJ-420x217.jpg 420w, https:\/\/www.serafimaint.com\/wp-content\/uploads\/2024\/06\/Unterschrift_SJ-315x163.jpg 315w\" \/>\t\t\t\t\t\t\t\n\t<h2><strong>Leistungen<\/strong><\/h2>\n\t\t\t\t\t\t\t<img loading=\"lazy\" decoding=\"async\" src=\"https:\/\/www.serafimaint.com\/wp-content\/uploads\/2024\/04\/technician-100x100.png\" alt=\"technician\" itemprop=\"image\" height=\"100\" width=\"100\" title=\"technician\" onerror=\"this.style.display='none'\"  sizes=\"auto, (max-width: 768px) 100vw, 100vw\" srcset=\"https:\/\/www.serafimaint.com\/wp-content\/uploads\/2024\/04\/technician-100x100.png 100w, https:\/\/www.serafimaint.com\/wp-content\/uploads\/2024\/04\/technician-300x300.png 300w, https:\/\/www.serafimaint.com\/wp-content\/uploads\/2024\/04\/technician-150x150.png 150w, https:\/\/www.serafimaint.com\/wp-content\/uploads\/2024\/04\/technician-420x420.png 420w, https:\/\/www.serafimaint.com\/wp-content\/uploads\/2024\/04\/technician-315x315.png 315w, https:\/\/www.serafimaint.com\/wp-content\/uploads\/2024\/04\/technician.png 512w\" \/>\t\t\t\t\t\t\t\n\t<h3><strong>Vor-Ort Service<\/strong><\/h3>\n\t<p>Von der Wartung bis zur Reparatur &#8211; wir bieten effiziente, ATEX-konforme vor-Ort-L\u00f6sungen, damit Ihre Anlagen reibungslos laufen.<\/p>\n\t\t\t\t\t\t\t<img loading=\"lazy\" decoding=\"async\" src=\"https:\/\/www.serafimaint.com\/wp-content\/uploads\/2024\/04\/wrench-100x100.png\" alt=\"wrench\" itemprop=\"image\" height=\"100\" width=\"100\" title=\"wrench\" onerror=\"this.style.display='none'\"  sizes=\"auto, (max-width: 768px) 100vw, 100vw\" srcset=\"https:\/\/www.serafimaint.com\/wp-content\/uploads\/2024\/04\/wrench-100x100.png 100w, https:\/\/www.serafimaint.com\/wp-content\/uploads\/2024\/04\/wrench-300x300.png 300w, https:\/\/www.serafimaint.com\/wp-content\/uploads\/2024\/04\/wrench-150x150.png 150w, https:\/\/www.serafimaint.com\/wp-content\/uploads\/2024\/04\/wrench-420x420.png 420w, https:\/\/www.serafimaint.com\/wp-content\/uploads\/2024\/04\/wrench-315x315.png 315w, https:\/\/www.serafimaint.com\/wp-content\/uploads\/2024\/04\/wrench.png 512w\" \/>\t\t\t\t\t\t\t\n\t<h3>Innerbetriebliche <strong>Reparaturen<\/strong><\/h3>\n\t<p>Ist eine Vor-Ort-Reparatur nicht m\u00f6glich oder sinnvoll, sorgt unser Inhouse-Service f\u00fcr eine schnelle und fachgerechte L\u00f6sung &#8211; auch bei anspruchsvollen Problemen.<\/p>\n\t\t\t\t\t\t\t<img loading=\"lazy\" decoding=\"async\" src=\"https:\/\/www.serafimaint.com\/wp-content\/uploads\/2024\/04\/spare-parts-100x100.png\" alt=\"spare-parts\" itemprop=\"image\" height=\"100\" width=\"100\" title=\"spare-parts\" onerror=\"this.style.display='none'\"  sizes=\"auto, (max-width: 768px) 100vw, 100vw\" srcset=\"https:\/\/www.serafimaint.com\/wp-content\/uploads\/2024\/04\/spare-parts-100x100.png 100w, https:\/\/www.serafimaint.com\/wp-content\/uploads\/2024\/04\/spare-parts-300x300.png 300w, https:\/\/www.serafimaint.com\/wp-content\/uploads\/2024\/04\/spare-parts-150x150.png 150w, https:\/\/www.serafimaint.com\/wp-content\/uploads\/2024\/04\/spare-parts-420x420.png 420w, https:\/\/www.serafimaint.com\/wp-content\/uploads\/2024\/04\/spare-parts-315x315.png 315w, https:\/\/www.serafimaint.com\/wp-content\/uploads\/2024\/04\/spare-parts.png 512w\" \/>\t\t\t\t\t\t\t\n\t<h3><strong>Ersatzteile<\/strong><\/h3>\n\t<p>Zuverl\u00e4ssige OEM- und alternative Ersatzteile f\u00fcr Ventilatoren und Kompressoren &#8211; rasch geliefert und f\u00fcr eine reibungslose Funktion ausgelegt.<\/p>\n\t\t\t\t\t\t\t<img loading=\"lazy\" decoding=\"async\" src=\"https:\/\/www.serafimaint.com\/wp-content\/uploads\/2024\/04\/mechanical-100x100.png\" alt=\"mechanical\" itemprop=\"image\" height=\"100\" width=\"100\" title=\"mechanical\" onerror=\"this.style.display='none'\"  sizes=\"auto, (max-width: 768px) 100vw, 100vw\" srcset=\"https:\/\/www.serafimaint.com\/wp-content\/uploads\/2024\/04\/mechanical-100x100.png 100w, https:\/\/www.serafimaint.com\/wp-content\/uploads\/2024\/04\/mechanical-300x300.png 300w, https:\/\/www.serafimaint.com\/wp-content\/uploads\/2024\/04\/mechanical-150x150.png 150w, https:\/\/www.serafimaint.com\/wp-content\/uploads\/2024\/04\/mechanical-420x420.png 420w, https:\/\/www.serafimaint.com\/wp-content\/uploads\/2024\/04\/mechanical-315x315.png 315w, https:\/\/www.serafimaint.com\/wp-content\/uploads\/2024\/04\/mechanical.png 512w\" \/>\t\t\t\t\t\t\t\n\t<h3>Ersatzger\u00e4te <strong>&amp; neue Maschinen<\/strong><\/h3>\n\t<p>Wir bieten die, Fertigung, Lieferung und Installation neuer Ventilatoren, Gebl\u00e4se und Kompressoren f\u00fcr Greenfield- und Brownfield-Projekte &#8211; effizient und reibungslos.<\/p>\n\t\t\t\t\t\t\t<img loading=\"lazy\" decoding=\"async\" src=\"https:\/\/www.serafimaint.com\/wp-content\/uploads\/2024\/04\/team2-100x100.png\" alt=\"team2\" itemprop=\"image\" height=\"100\" width=\"100\" title=\"team2\" onerror=\"this.style.display='none'\"  sizes=\"auto, (max-width: 768px) 100vw, 100vw\" srcset=\"https:\/\/www.serafimaint.com\/wp-content\/uploads\/2024\/04\/team2-100x100.png 100w, https:\/\/www.serafimaint.com\/wp-content\/uploads\/2024\/04\/team2-300x300.png 300w, https:\/\/www.serafimaint.com\/wp-content\/uploads\/2024\/04\/team2-150x150.png 150w, https:\/\/www.serafimaint.com\/wp-content\/uploads\/2024\/04\/team2-420x420.png 420w, https:\/\/www.serafimaint.com\/wp-content\/uploads\/2024\/04\/team2-315x315.png 315w, https:\/\/www.serafimaint.com\/wp-content\/uploads\/2024\/04\/team2.png 512w\" \/>\t\t\t\t\t\t\t\n\t<h3><strong>Zentrifugentrockner TZT, FSD<\/strong> Kompetenzteam<\/h3>\n\t<p>Wir liefern innovative Ingenieursl\u00f6sungen, nachhaltiges Design und umfassenden Support, um die Leistung Ihres <strong>Zentrifugentrockners TZT, FSD<\/strong> zu maximieren.<\/p>\n\t\t\t\t\t\t\t<img loading=\"lazy\" decoding=\"async\" src=\"https:\/\/www.serafimaint.com\/wp-content\/uploads\/2024\/04\/headphones-100x100.png\" alt=\"headphones\" itemprop=\"image\" height=\"100\" width=\"100\" title=\"headphones\" onerror=\"this.style.display='none'\"  sizes=\"auto, (max-width: 768px) 100vw, 100vw\" srcset=\"https:\/\/www.serafimaint.com\/wp-content\/uploads\/2024\/04\/headphones-100x100.png 100w, https:\/\/www.serafimaint.com\/wp-content\/uploads\/2024\/04\/headphones-300x300.png 300w, https:\/\/www.serafimaint.com\/wp-content\/uploads\/2024\/04\/headphones-150x150.png 150w, https:\/\/www.serafimaint.com\/wp-content\/uploads\/2024\/04\/headphones-420x420.png 420w, https:\/\/www.serafimaint.com\/wp-content\/uploads\/2024\/04\/headphones-315x315.png 315w, https:\/\/www.serafimaint.com\/wp-content\/uploads\/2024\/04\/headphones.png 512w\" \/>\t\t\t\t\t\t\t\n\t<h3>Technische <strong>Unterst\u00fctzung<\/strong><\/h3>\n\t<p>Von Wartung bis zur Einhaltung der Richtlinien und Gesetze &#8211; unsere ma\u00dfgeschneiderten Beratungsdienstleistungen optimieren Ihre Anlagen f\u00fcr maximale Effizienz und Sicherheit.<\/p>\n\t\t\t\t\t\t\t<img loading=\"lazy\" decoding=\"async\" src=\"https:\/\/www.serafimaint.com\/wp-content\/uploads\/2024\/10\/welding-mask_2.png\" alt=\"welding-mask_2\" itemprop=\"image\" height=\"512\" width=\"512\" title=\"welding-mask_2\" onerror=\"this.style.display='none'\"  sizes=\"auto, (max-width: 768px) 100vw, 100vw\" srcset=\"https:\/\/www.serafimaint.com\/wp-content\/uploads\/2024\/10\/welding-mask_2.png 512w, https:\/\/www.serafimaint.com\/wp-content\/uploads\/2024\/10\/welding-mask_2-300x300.png 300w, https:\/\/www.serafimaint.com\/wp-content\/uploads\/2024\/10\/welding-mask_2-150x150.png 150w, https:\/\/www.serafimaint.com\/wp-content\/uploads\/2024\/10\/welding-mask_2-420x420.png 420w, https:\/\/www.serafimaint.com\/wp-content\/uploads\/2024\/10\/welding-mask_2-315x315.png 315w, https:\/\/www.serafimaint.com\/wp-content\/uploads\/2024\/10\/welding-mask_2-100x100.png 100w\" \/>\t\t\t\t\t\t\t\n\t<h3>Zertifizierte <strong>Schwei\u00dftechnik-Experten<\/strong><\/h3>\n\t<p>Unsere Schwei\u00dftechnik- und Reverse-Engineering-Experten nutzen moderne Scantechnologie, um Laufr\u00e4der und Bauteile exakt nachzubilden und Stillstandszeiten zu minimieren.<\/p>\n\t\t\t\t\t\t\t<img loading=\"lazy\" decoding=\"async\" src=\"https:\/\/www.serafimaint.com\/wp-content\/uploads\/2024\/10\/raas.png\" alt=\"raas\" itemprop=\"image\" height=\"2134\" width=\"2134\" title=\"raas\" onerror=\"this.style.display='none'\"  sizes=\"auto, (max-width: 768px) 100vw, 100vw\" srcset=\"https:\/\/www.serafimaint.com\/wp-content\/uploads\/2024\/10\/raas.png 2134w, https:\/\/www.serafimaint.com\/wp-content\/uploads\/2024\/10\/raas-300x300.png 300w, https:\/\/www.serafimaint.com\/wp-content\/uploads\/2024\/10\/raas-1024x1024.png 1024w, https:\/\/www.serafimaint.com\/wp-content\/uploads\/2024\/10\/raas-150x150.png 150w, https:\/\/www.serafimaint.com\/wp-content\/uploads\/2024\/10\/raas-768x768.png 768w, https:\/\/www.serafimaint.com\/wp-content\/uploads\/2024\/10\/raas-1536x1536.png 1536w, https:\/\/www.serafimaint.com\/wp-content\/uploads\/2024\/10\/raas-2048x2048.png 2048w, https:\/\/www.serafimaint.com\/wp-content\/uploads\/2024\/10\/raas-1260x1260.png 1260w, https:\/\/www.serafimaint.com\/wp-content\/uploads\/2024\/10\/raas-630x630.png 630w, https:\/\/www.serafimaint.com\/wp-content\/uploads\/2024\/10\/raas-420x420.png 420w, https:\/\/www.serafimaint.com\/wp-content\/uploads\/2024\/10\/raas-840x840.png 840w, https:\/\/www.serafimaint.com\/wp-content\/uploads\/2024\/10\/raas-315x315.png 315w, https:\/\/www.serafimaint.com\/wp-content\/uploads\/2024\/10\/raas-100x100.png 100w\" \/>\t\t\t\t\t\t\t\n\t<h3>Moderne Zustands\u00fcberwachung mit <strong>RaaS<\/strong><\/h3>\n\t<p>Mit RaaS setzen wir neue Ma\u00dfst\u00e4be im Condition Monitoring &#8211; voller Zugriff auf Rohdaten und Analysen f\u00fcr fundierte, unabh\u00e4ngige Wartungsentscheidungen.<\/p>\n\t\t\t\t\t\t\t<img loading=\"lazy\" decoding=\"async\" src=\"https:\/\/www.serafimaint.com\/wp-content\/uploads\/2025\/02\/atex.png\" alt=\"atex\" itemprop=\"image\" height=\"512\" width=\"512\" title=\"atex\" onerror=\"this.style.display='none'\"  sizes=\"auto, (max-width: 768px) 100vw, 100vw\" srcset=\"https:\/\/www.serafimaint.com\/wp-content\/uploads\/2025\/02\/atex.png 512w, https:\/\/www.serafimaint.com\/wp-content\/uploads\/2025\/02\/atex-300x300.png 300w, https:\/\/www.serafimaint.com\/wp-content\/uploads\/2025\/02\/atex-150x150.png 150w, https:\/\/www.serafimaint.com\/wp-content\/uploads\/2025\/02\/atex-420x420.png 420w, https:\/\/www.serafimaint.com\/wp-content\/uploads\/2025\/02\/atex-315x315.png 315w, https:\/\/www.serafimaint.com\/wp-content\/uploads\/2025\/02\/atex-100x100.png 100w\" \/>\t\t\t\t\t\t\t\n\t<h3><strong>ATEX<\/strong>-Experten<\/h3>\n\t<p>Mit fundiertem Wissen \u00fcber ATEX-Vorgaben liefern wir sichere, zuverl\u00e4ssige L\u00f6sungen &#8211; von Zone-0-Gebl\u00e4sen bis hin zu schnellen Reparaturen und Vor-Ort-Service.<\/p>\n\t<h2>Willkommen bei Serafima<\/h2>\n\t<h3><strong>Ein Synonym f\u00fcr Exzellenz<\/strong><\/h3>\n\t<p>Wir sind stolz darauf, einen erstklassigen Kundenservice, un\u00fcbertroffene Qualit\u00e4t und beispiellose Flexibilit\u00e4t zu bieten. Wir sind auf Fluidik- und Prozesssysteme spezialisiert und beliefern alle Arten von Industrien, insbesondere die chemische, petrochemische und Stahlindustrie. Unser Engagement geht \u00fcber das blo\u00dfe Verstehen Ihrer Bed\u00fcrfnisse hinaus; wir sind bestrebt, sie umfassend und nachhaltig zu erf\u00fcllen.<\/p>\n\t<h2><strong>Gemeinsam<\/strong> wachsen.<\/h2>\n\t<p>Werden Sie Teil eines dynamischen Teams, das Innovation vorantreibt. Bei Serafima f\u00f6rdern wir Talente und vereinen sie in einem inspirierenden Arbeitsumfeld &#8211; mit einer klaren Vision. Sind Sie bereit, die Zukunft mitzugestalten?<\/p>\n\t<a href=\"https:\/\/serafima2024.live-website.com\/careers-fans-blowers-compressors-manufacturer\/\" target=\"_self\" role=\"button\">\n\t\t\t\t\tOffene Stellen\n\t<\/a>\n\t\t\t\t\t\t\t<img loading=\"lazy\" decoding=\"async\" src=\"https:\/\/www.serafimaint.com\/wp-content\/uploads\/2024\/08\/Jakob_Stephan-removebg-preview.png\" alt=\"Jakob_Stephan-removebg-preview\" itemprop=\"image\" height=\"500\" width=\"500\" title=\"Jakob_Stephan-removebg-preview\" onerror=\"this.style.display='none'\"  sizes=\"auto, (max-width: 768px) 100vw, 100vw\" srcset=\"https:\/\/www.serafimaint.com\/wp-content\/uploads\/2024\/08\/Jakob_Stephan-removebg-preview.png 500w, https:\/\/www.serafimaint.com\/wp-content\/uploads\/2024\/08\/Jakob_Stephan-removebg-preview-300x300.png 300w, https:\/\/www.serafimaint.com\/wp-content\/uploads\/2024\/08\/Jakob_Stephan-removebg-preview-150x150.png 150w, https:\/\/www.serafimaint.com\/wp-content\/uploads\/2024\/08\/Jakob_Stephan-removebg-preview-420x420.png 420w, https:\/\/www.serafimaint.com\/wp-content\/uploads\/2024\/08\/Jakob_Stephan-removebg-preview-315x315.png 315w, https:\/\/www.serafimaint.com\/wp-content\/uploads\/2024\/08\/Jakob_Stephan-removebg-preview-100x100.png 100w\" \/>\t\t\t\t\t\t\t\n\t<h4><img loading=\"lazy\" decoding=\"async\" src=\"https:\/\/serafima2024.live-website.com\/wp-content\/uploads\/2017\/05\/Captura-de-ecra-2024-04-13-as-00.17.49.png\" alt=\"\" width=\"68\" height=\"61\"\/><\/h4>\n<h4>Wir m\u00f6chten Ihnen helfen!<\/h4>\n<h5>\n\tWir sind 24 Stunden am Tag, 365 Tage im Jahr f\u00fcr Sie da:<br \/>\n\t<\/h5>\n<h4>\n\t\t\t<a href=\"tel:491728367981\" title=\"Rufen Sie an unter +49 172 8367981\" target=\"_self\">\n\tRufen Sie an unter +49 172 8367981\n\t\t\t<\/a>\n\t<\/h4>\n\t<a href=\"https:\/\/serafima2024.live-website.com\/support-germany-fans-blowers-compressors-manufacturer\/#contact-form\" target=\"_self\" role=\"button\">\n\t\t\t\t\toder f\u00fcllen Sie unser Formular aus\n\t<\/a>\n\n<\/div><!-- .vgblk-rw-wrapper -->","protected":false},"excerpt":{"rendered":"<p>UNTERNEHMEN Serafima &#8211; Ihr Partner f\u00fcr Innovation, Service und Spitzenleistung Wir bei Serafima sind mehr als nur ein globaler Serviceanbieter f\u00fcr alle Marken von Ventilatoren, Gebl\u00e4sen, Kompressoren und dem einzigartigen&#8230;<\/p>\n","protected":false},"author":1,"featured_media":990179,"parent":0,"menu_order":0,"comment_status":"closed","ping_status":"closed","template":"","meta":{"inline_featured_image":false,"footnotes":""},"class_list":["post-990499","page","type-page","status-publish","has-post-thumbnail","hentry"],"yoast_head":"<!-- This site is optimized with the Yoast SEO plugin v27.4 - https:\/\/yoast.com\/product\/yoast-seo-wordpress\/ -->\n<title>Serafima - Ventilatoren Gebl\u00e4se Kompressoren Hersteller und Anbieter<\/title>\n<meta name=\"description\" content=\"Serafima ist ein globaler Dienstleister und Maschinenhersteller, der sich auf rotierende Anlagen, einschlie\u00dflich Ventilatoren, Gebl\u00e4se und Kompressoren, spezialisiert hat.\" \/>\n<meta name=\"robots\" content=\"index, follow, max-snippet:-1, max-image-preview:large, max-video-preview:-1\" \/>\n<link rel=\"canonical\" href=\"https:\/\/www.serafimaint.com\/de\/\" \/>\n<meta property=\"og:locale\" content=\"de_DE\" \/>\n<meta property=\"og:type\" content=\"article\" \/>\n<meta property=\"og:title\" content=\"Serafima - Ventilatoren Gebl\u00e4se Kompressoren Hersteller und Anbieter\" \/>\n<meta property=\"og:description\" content=\"Serafima ist ein globaler Dienstleister und Maschinenhersteller, der sich auf rotierende Anlagen, einschlie\u00dflich Ventilatoren, Gebl\u00e4se und Kompressoren, spezialisiert hat.\" \/>\n<meta property=\"og:url\" content=\"https:\/\/www.serafimaint.com\/de\/\" \/>\n<meta property=\"og:site_name\" content=\"Serafima\" \/>\n<meta property=\"article:publisher\" content=\"https:\/\/www.facebook.com\/serafimaservice\" \/>\n<meta property=\"article:modified_time\" content=\"2026-01-26T19:10:36+00:00\" \/>\n<meta property=\"og:image\" content=\"https:\/\/www.serafimaint.com\/wp-content\/uploads\/2024\/04\/modification-1.jpg\" \/>\n\t<meta property=\"og:image:width\" content=\"1866\" \/>\n\t<meta property=\"og:image:height\" content=\"1400\" \/>\n\t<meta property=\"og:image:type\" content=\"image\/jpeg\" \/>\n<meta name=\"twitter:card\" content=\"summary_large_image\" \/>\n<meta name=\"twitter:label1\" content=\"Gesch\u00e4tzte Lesezeit\" \/>\n\t<meta name=\"twitter:data1\" content=\"3\u00a0Minuten\" \/>\n<script type=\"application\/ld+json\" class=\"yoast-schema-graph\">{\"@context\":\"https:\\\/\\\/schema.org\",\"@graph\":[{\"@type\":\"WebPage\",\"@id\":\"https:\\\/\\\/www.serafimaint.com\\\/de\\\/\",\"url\":\"https:\\\/\\\/www.serafimaint.com\\\/de\\\/\",\"name\":\"Serafima - Ventilatoren Gebl\u00e4se Kompressoren Hersteller und Anbieter\",\"isPartOf\":{\"@id\":\"https:\\\/\\\/www.serafimaint.com\\\/de\\\/#website\"},\"primaryImageOfPage\":{\"@id\":\"https:\\\/\\\/www.serafimaint.com\\\/de\\\/#primaryimage\"},\"image\":{\"@id\":\"https:\\\/\\\/www.serafimaint.com\\\/de\\\/#primaryimage\"},\"thumbnailUrl\":\"https:\\\/\\\/www.serafimaint.com\\\/wp-content\\\/uploads\\\/2024\\\/04\\\/modification-1.jpg\",\"datePublished\":\"2024-04-09T18:36:42+00:00\",\"dateModified\":\"2026-01-26T19:10:36+00:00\",\"description\":\"Serafima ist ein globaler Dienstleister und Maschinenhersteller, der sich auf rotierende Anlagen, einschlie\u00dflich Ventilatoren, Gebl\u00e4se und Kompressoren, spezialisiert hat.\",\"breadcrumb\":{\"@id\":\"https:\\\/\\\/www.serafimaint.com\\\/de\\\/#breadcrumb\"},\"inLanguage\":\"de\",\"potentialAction\":[{\"@type\":\"ReadAction\",\"target\":[\"https:\\\/\\\/www.serafimaint.com\\\/de\\\/\"]}]},{\"@type\":\"ImageObject\",\"inLanguage\":\"de\",\"@id\":\"https:\\\/\\\/www.serafimaint.com\\\/de\\\/#primaryimage\",\"url\":\"https:\\\/\\\/www.serafimaint.com\\\/wp-content\\\/uploads\\\/2024\\\/04\\\/modification-1.jpg\",\"contentUrl\":\"https:\\\/\\\/www.serafimaint.com\\\/wp-content\\\/uploads\\\/2024\\\/04\\\/modification-1.jpg\",\"width\":1866,\"height\":1400},{\"@type\":\"BreadcrumbList\",\"@id\":\"https:\\\/\\\/www.serafimaint.com\\\/de\\\/#breadcrumb\",\"itemListElement\":[{\"@type\":\"ListItem\",\"position\":1,\"name\":\"Home\",\"item\":\"https:\\\/\\\/www.serafimaint.com\\\/de\\\/\"},{\"@type\":\"ListItem\",\"position\":2,\"name\":\"Startseite\"}]},{\"@type\":\"WebSite\",\"@id\":\"https:\\\/\\\/www.serafimaint.com\\\/de\\\/#website\",\"url\":\"https:\\\/\\\/www.serafimaint.com\\\/de\\\/\",\"name\":\"Serafima\",\"description\":\"\",\"publisher\":{\"@id\":\"https:\\\/\\\/www.serafimaint.com\\\/de\\\/#organization\"},\"potentialAction\":[{\"@type\":\"SearchAction\",\"target\":{\"@type\":\"EntryPoint\",\"urlTemplate\":\"https:\\\/\\\/www.serafimaint.com\\\/de\\\/?s={search_term_string}\"},\"query-input\":{\"@type\":\"PropertyValueSpecification\",\"valueRequired\":true,\"valueName\":\"search_term_string\"}}],\"inLanguage\":\"de\"},{\"@type\":\"Organization\",\"@id\":\"https:\\\/\\\/www.serafimaint.com\\\/de\\\/#organization\",\"name\":\"Serafima\",\"url\":\"https:\\\/\\\/www.serafimaint.com\\\/de\\\/\",\"logo\":{\"@type\":\"ImageObject\",\"inLanguage\":\"de\",\"@id\":\"https:\\\/\\\/www.serafimaint.com\\\/de\\\/#\\\/schema\\\/logo\\\/image\\\/\",\"url\":\"https:\\\/\\\/www.serafimaint.com\\\/wp-content\\\/uploads\\\/2024\\\/04\\\/logo300.png\",\"contentUrl\":\"https:\\\/\\\/www.serafimaint.com\\\/wp-content\\\/uploads\\\/2024\\\/04\\\/logo300.png\",\"width\":300,\"height\":82,\"caption\":\"Serafima\"},\"image\":{\"@id\":\"https:\\\/\\\/www.serafimaint.com\\\/de\\\/#\\\/schema\\\/logo\\\/image\\\/\"},\"sameAs\":[\"https:\\\/\\\/www.facebook.com\\\/serafimaservice\",\"https:\\\/\\\/www.xing.com\\\/pages\\\/serafimagmbh-co-kg\",\"https:\\\/\\\/www.linkedin.com\\\/company\\\/53425691\"]}]}<\/script>\n<!-- \/ Yoast SEO plugin. -->","yoast_head_json":{"title":"Serafima - Ventilatoren Gebl\u00e4se Kompressoren Hersteller und Anbieter","description":"Serafima ist ein globaler Dienstleister und Maschinenhersteller, der sich auf rotierende Anlagen, einschlie\u00dflich Ventilatoren, Gebl\u00e4se und Kompressoren, spezialisiert hat.","robots":{"index":"index","follow":"follow","max-snippet":"max-snippet:-1","max-image-preview":"max-image-preview:large","max-video-preview":"max-video-preview:-1"},"canonical":"https:\/\/www.serafimaint.com\/de\/","og_locale":"de_DE","og_type":"article","og_title":"Serafima - Ventilatoren Gebl\u00e4se Kompressoren Hersteller und Anbieter","og_description":"Serafima ist ein globaler Dienstleister und Maschinenhersteller, der sich auf rotierende Anlagen, einschlie\u00dflich Ventilatoren, Gebl\u00e4se und Kompressoren, spezialisiert hat.","og_url":"https:\/\/www.serafimaint.com\/de\/","og_site_name":"Serafima","article_publisher":"https:\/\/www.facebook.com\/serafimaservice","article_modified_time":"2026-01-26T19:10:36+00:00","og_image":[{"width":1866,"height":1400,"url":"https:\/\/www.serafimaint.com\/wp-content\/uploads\/2024\/04\/modification-1.jpg","type":"image\/jpeg"}],"twitter_card":"summary_large_image","twitter_misc":{"Gesch\u00e4tzte Lesezeit":"3\u00a0Minuten"},"schema":{"@context":"https:\/\/schema.org","@graph":[{"@type":"WebPage","@id":"https:\/\/www.serafimaint.com\/de\/","url":"https:\/\/www.serafimaint.com\/de\/","name":"Serafima - Ventilatoren Gebl\u00e4se Kompressoren Hersteller und Anbieter","isPartOf":{"@id":"https:\/\/www.serafimaint.com\/de\/#website"},"primaryImageOfPage":{"@id":"https:\/\/www.serafimaint.com\/de\/#primaryimage"},"image":{"@id":"https:\/\/www.serafimaint.com\/de\/#primaryimage"},"thumbnailUrl":"https:\/\/www.serafimaint.com\/wp-content\/uploads\/2024\/04\/modification-1.jpg","datePublished":"2024-04-09T18:36:42+00:00","dateModified":"2026-01-26T19:10:36+00:00","description":"Serafima ist ein globaler Dienstleister und Maschinenhersteller, der sich auf rotierende Anlagen, einschlie\u00dflich Ventilatoren, Gebl\u00e4se und Kompressoren, spezialisiert hat.","breadcrumb":{"@id":"https:\/\/www.serafimaint.com\/de\/#breadcrumb"},"inLanguage":"de","potentialAction":[{"@type":"ReadAction","target":["https:\/\/www.serafimaint.com\/de\/"]}]},{"@type":"ImageObject","inLanguage":"de","@id":"https:\/\/www.serafimaint.com\/de\/#primaryimage","url":"https:\/\/www.serafimaint.com\/wp-content\/uploads\/2024\/04\/modification-1.jpg","contentUrl":"https:\/\/www.serafimaint.com\/wp-content\/uploads\/2024\/04\/modification-1.jpg","width":1866,"height":1400},{"@type":"BreadcrumbList","@id":"https:\/\/www.serafimaint.com\/de\/#breadcrumb","itemListElement":[{"@type":"ListItem","position":1,"name":"Home","item":"https:\/\/www.serafimaint.com\/de\/"},{"@type":"ListItem","position":2,"name":"Startseite"}]},{"@type":"WebSite","@id":"https:\/\/www.serafimaint.com\/de\/#website","url":"https:\/\/www.serafimaint.com\/de\/","name":"Serafima","description":"","publisher":{"@id":"https:\/\/www.serafimaint.com\/de\/#organization"},"potentialAction":[{"@type":"SearchAction","target":{"@type":"EntryPoint","urlTemplate":"https:\/\/www.serafimaint.com\/de\/?s={search_term_string}"},"query-input":{"@type":"PropertyValueSpecification","valueRequired":true,"valueName":"search_term_string"}}],"inLanguage":"de"},{"@type":"Organization","@id":"https:\/\/www.serafimaint.com\/de\/#organization","name":"Serafima","url":"https:\/\/www.serafimaint.com\/de\/","logo":{"@type":"ImageObject","inLanguage":"de","@id":"https:\/\/www.serafimaint.com\/de\/#\/schema\/logo\/image\/","url":"https:\/\/www.serafimaint.com\/wp-content\/uploads\/2024\/04\/logo300.png","contentUrl":"https:\/\/www.serafimaint.com\/wp-content\/uploads\/2024\/04\/logo300.png","width":300,"height":82,"caption":"Serafima"},"image":{"@id":"https:\/\/www.serafimaint.com\/de\/#\/schema\/logo\/image\/"},"sameAs":["https:\/\/www.facebook.com\/serafimaservice","https:\/\/www.xing.com\/pages\/serafimagmbh-co-kg","https:\/\/www.linkedin.com\/company\/53425691"]}]}},"jetpack_sharing_enabled":true,"_links":{"self":[{"href":"https:\/\/www.serafimaint.com\/de\/wp-json\/wp\/v2\/pages\/990499","targetHints":{"allow":["GET"]}}],"collection":[{"href":"https:\/\/www.serafimaint.com\/de\/wp-json\/wp\/v2\/pages"}],"about":[{"href":"https:\/\/www.serafimaint.com\/de\/wp-json\/wp\/v2\/types\/page"}],"author":[{"embeddable":true,"href":"https:\/\/www.serafimaint.com\/de\/wp-json\/wp\/v2\/users\/1"}],"replies":[{"embeddable":true,"href":"https:\/\/www.serafimaint.com\/de\/wp-json\/wp\/v2\/comments?post=990499"}],"version-history":[{"count":2,"href":"https:\/\/www.serafimaint.com\/de\/wp-json\/wp\/v2\/pages\/990499\/revisions"}],"predecessor-version":[{"id":992030,"href":"https:\/\/www.serafimaint.com\/de\/wp-json\/wp\/v2\/pages\/990499\/revisions\/992030"}],"wp:featuredmedia":[{"embeddable":true,"href":"https:\/\/www.serafimaint.com\/de\/wp-json\/wp\/v2\/media\/990179"}],"wp:attachment":[{"href":"https:\/\/www.serafimaint.com\/de\/wp-json\/wp\/v2\/media?parent=990499"}],"curies":[{"name":"wp","href":"https:\/\/api.w.org\/{rel}","templated":true}]}}