{"id":990563,"date":"2024-05-06T23:04:28","date_gmt":"2024-05-06T22:04:28","guid":{"rendered":"https:\/\/serafima2024.live-website.com\/anmeldung-zum-newsletter\/"},"modified":"2025-10-23T19:44:43","modified_gmt":"2025-10-23T18:44:43","slug":"anmeldung-zum-newsletter","status":"publish","type":"page","link":"https:\/\/www.serafimaint.com\/de\/anmeldung-zum-newsletter\/","title":{"rendered":"Anmeldung zum Newsletter"},"content":{"rendered":"<div class=\"vgblk-rw-wrapper limit-wrapper\">\n\n\t<h2>Newsletter<\/h2>\n<h4>\n\tRegistrieren Sie sich und erfahren Sie mehr\n\t<\/h4>\n\t<p>Ich m\u00f6chte regelm\u00e4\u00dfig Informationen von der Serafima GmbH &amp; Co. erhalten. Bitte nehmen Sie mich in Ihren Newsletter auf.<\/p>\n\tHinweis: F\u00fcr diesen Inhalt ist JavaScript erforderlich.\n        <!-- That data is being printed as a workaround to page builders reordering the order of the scripts loaded-->\n\t\t\t\t\t\t\t<img loading=\"lazy\" decoding=\"async\" src=\"https:\/\/www.serafimaint.com\/wp-content\/uploads\/2024\/05\/newsletter2.jpg\" alt=\"newsletter2\" itemprop=\"image\" height=\"644\" width=\"1200\" title=\"newsletter2\" onerror=\"this.style.display='none'\"  sizes=\"auto, (max-width: 768px) 100vw, 100vw\" srcset=\"https:\/\/www.serafimaint.com\/wp-content\/uploads\/2024\/05\/newsletter2.jpg 1200w, https:\/\/www.serafimaint.com\/wp-content\/uploads\/2024\/05\/newsletter2-300x161.jpg 300w, https:\/\/www.serafimaint.com\/wp-content\/uploads\/2024\/05\/newsletter2-1024x550.jpg 1024w, https:\/\/www.serafimaint.com\/wp-content\/uploads\/2024\/05\/newsletter2-768x412.jpg 768w, https:\/\/www.serafimaint.com\/wp-content\/uploads\/2024\/05\/newsletter2-630x338.jpg 630w, https:\/\/www.serafimaint.com\/wp-content\/uploads\/2024\/05\/newsletter2-420x225.jpg 420w, https:\/\/www.serafimaint.com\/wp-content\/uploads\/2024\/05\/newsletter2-840x451.jpg 840w, https:\/\/www.serafimaint.com\/wp-content\/uploads\/2024\/05\/newsletter2-315x169.jpg 315w\" \/>\t\t\t\t\t\t\t\n\n<\/div><!-- .vgblk-rw-wrapper -->","protected":false},"excerpt":{"rendered":"<p>Newsletter Registrieren Sie sich und erfahren Sie mehr Ich m\u00f6chte regelm\u00e4\u00dfig Informationen von der Serafima GmbH &amp; Co. erhalten. Bitte nehmen Sie mich in Ihren Newsletter auf. Hinweis: F\u00fcr diesen&#8230;<\/p>\n","protected":false},"author":1,"featured_media":0,"parent":0,"menu_order":0,"comment_status":"closed","ping_status":"closed","template":"","meta":{"inline_featured_image":false,"footnotes":""},"class_list":["post-990563","page","type-page","status-publish","hentry"],"yoast_head":"<!-- This site is optimized with the Yoast SEO plugin v27.4 - https:\/\/yoast.com\/product\/yoast-seo-wordpress\/ -->\n<title>Anmeldung zum Newsletter - Serafima<\/title>\n<meta name=\"description\" content=\"Serafima ist ein globaler Dienstleister und Maschinenhersteller, der sich auf rotierende Anlagen, einschlie\u00dflich Ventilatoren, Gebl\u00e4se und Kompressoren, spezialisiert hat.\" \/>\n<meta name=\"robots\" content=\"index, follow, max-snippet:-1, max-image-preview:large, max-video-preview:-1\" \/>\n<link rel=\"canonical\" href=\"https:\/\/www.serafimaint.com\/de\/anmeldung-zum-newsletter\/\" \/>\n<meta property=\"og:locale\" content=\"de_DE\" \/>\n<meta property=\"og:type\" content=\"article\" \/>\n<meta property=\"og:title\" content=\"Anmeldung zum Newsletter - Serafima\" \/>\n<meta property=\"og:description\" content=\"Serafima ist ein globaler Dienstleister und Maschinenhersteller, der sich auf rotierende Anlagen, einschlie\u00dflich Ventilatoren, Gebl\u00e4se und Kompressoren, spezialisiert hat.\" \/>\n<meta property=\"og:url\" content=\"https:\/\/www.serafimaint.com\/de\/anmeldung-zum-newsletter\/\" \/>\n<meta property=\"og:site_name\" content=\"Serafima\" \/>\n<meta property=\"article:publisher\" content=\"https:\/\/www.facebook.com\/serafimaservice\" \/>\n<meta property=\"article:modified_time\" content=\"2025-10-23T18:44:43+00:00\" \/>\n<meta property=\"og:image\" content=\"https:\/\/www.serafimaint.com\/wp-content\/uploads\/2024\/05\/newsletter2.jpg\" \/>\n<meta name=\"twitter:card\" content=\"summary_large_image\" \/>\n<script type=\"application\/ld+json\" class=\"yoast-schema-graph\">{\"@context\":\"https:\\\/\\\/schema.org\",\"@graph\":[{\"@type\":\"WebPage\",\"@id\":\"https:\\\/\\\/www.serafimaint.com\\\/de\\\/anmeldung-zum-newsletter\\\/\",\"url\":\"https:\\\/\\\/www.serafimaint.com\\\/de\\\/anmeldung-zum-newsletter\\\/\",\"name\":\"Anmeldung zum Newsletter - Serafima\",\"isPartOf\":{\"@id\":\"https:\\\/\\\/www.serafimaint.com\\\/de\\\/#website\"},\"primaryImageOfPage\":{\"@id\":\"https:\\\/\\\/www.serafimaint.com\\\/de\\\/anmeldung-zum-newsletter\\\/#primaryimage\"},\"image\":{\"@id\":\"https:\\\/\\\/www.serafimaint.com\\\/de\\\/anmeldung-zum-newsletter\\\/#primaryimage\"},\"thumbnailUrl\":\"https:\\\/\\\/www.serafimaint.com\\\/wp-content\\\/uploads\\\/2024\\\/05\\\/newsletter2.jpg\",\"datePublished\":\"2024-05-06T22:04:28+00:00\",\"dateModified\":\"2025-10-23T18:44:43+00:00\",\"description\":\"Serafima ist ein globaler Dienstleister und Maschinenhersteller, der sich auf rotierende Anlagen, einschlie\u00dflich Ventilatoren, Gebl\u00e4se und Kompressoren, spezialisiert hat.\",\"breadcrumb\":{\"@id\":\"https:\\\/\\\/www.serafimaint.com\\\/de\\\/anmeldung-zum-newsletter\\\/#breadcrumb\"},\"inLanguage\":\"de\",\"potentialAction\":[{\"@type\":\"ReadAction\",\"target\":[\"https:\\\/\\\/www.serafimaint.com\\\/de\\\/anmeldung-zum-newsletter\\\/\"]}]},{\"@type\":\"ImageObject\",\"inLanguage\":\"de\",\"@id\":\"https:\\\/\\\/www.serafimaint.com\\\/de\\\/anmeldung-zum-newsletter\\\/#primaryimage\",\"url\":\"https:\\\/\\\/www.serafimaint.com\\\/wp-content\\\/uploads\\\/2024\\\/05\\\/newsletter2.jpg\",\"contentUrl\":\"https:\\\/\\\/www.serafimaint.com\\\/wp-content\\\/uploads\\\/2024\\\/05\\\/newsletter2.jpg\"},{\"@type\":\"BreadcrumbList\",\"@id\":\"https:\\\/\\\/www.serafimaint.com\\\/de\\\/anmeldung-zum-newsletter\\\/#breadcrumb\",\"itemListElement\":[{\"@type\":\"ListItem\",\"position\":1,\"name\":\"Home\",\"item\":\"https:\\\/\\\/www.serafimaint.com\\\/de\\\/\"},{\"@type\":\"ListItem\",\"position\":2,\"name\":\"Anmeldung zum Newsletter\"}]},{\"@type\":\"WebSite\",\"@id\":\"https:\\\/\\\/www.serafimaint.com\\\/de\\\/#website\",\"url\":\"https:\\\/\\\/www.serafimaint.com\\\/de\\\/\",\"name\":\"Serafima\",\"description\":\"\",\"publisher\":{\"@id\":\"https:\\\/\\\/www.serafimaint.com\\\/de\\\/#organization\"},\"potentialAction\":[{\"@type\":\"SearchAction\",\"target\":{\"@type\":\"EntryPoint\",\"urlTemplate\":\"https:\\\/\\\/www.serafimaint.com\\\/de\\\/?s={search_term_string}\"},\"query-input\":{\"@type\":\"PropertyValueSpecification\",\"valueRequired\":true,\"valueName\":\"search_term_string\"}}],\"inLanguage\":\"de\"},{\"@type\":\"Organization\",\"@id\":\"https:\\\/\\\/www.serafimaint.com\\\/de\\\/#organization\",\"name\":\"Serafima\",\"url\":\"https:\\\/\\\/www.serafimaint.com\\\/de\\\/\",\"logo\":{\"@type\":\"ImageObject\",\"inLanguage\":\"de\",\"@id\":\"https:\\\/\\\/www.serafimaint.com\\\/de\\\/#\\\/schema\\\/logo\\\/image\\\/\",\"url\":\"https:\\\/\\\/www.serafimaint.com\\\/wp-content\\\/uploads\\\/2024\\\/04\\\/logo300.png\",\"contentUrl\":\"https:\\\/\\\/www.serafimaint.com\\\/wp-content\\\/uploads\\\/2024\\\/04\\\/logo300.png\",\"width\":300,\"height\":82,\"caption\":\"Serafima\"},\"image\":{\"@id\":\"https:\\\/\\\/www.serafimaint.com\\\/de\\\/#\\\/schema\\\/logo\\\/image\\\/\"},\"sameAs\":[\"https:\\\/\\\/www.facebook.com\\\/serafimaservice\",\"https:\\\/\\\/www.xing.com\\\/pages\\\/serafimagmbh-co-kg\",\"https:\\\/\\\/www.linkedin.com\\\/company\\\/53425691\"]}]}<\/script>\n<!-- \/ Yoast SEO plugin. -->","yoast_head_json":{"title":"Anmeldung zum Newsletter - Serafima","description":"Serafima ist ein globaler Dienstleister und Maschinenhersteller, der sich auf rotierende Anlagen, einschlie\u00dflich Ventilatoren, Gebl\u00e4se und Kompressoren, spezialisiert hat.","robots":{"index":"index","follow":"follow","max-snippet":"max-snippet:-1","max-image-preview":"max-image-preview:large","max-video-preview":"max-video-preview:-1"},"canonical":"https:\/\/www.serafimaint.com\/de\/anmeldung-zum-newsletter\/","og_locale":"de_DE","og_type":"article","og_title":"Anmeldung zum Newsletter - Serafima","og_description":"Serafima ist ein globaler Dienstleister und Maschinenhersteller, der sich auf rotierende Anlagen, einschlie\u00dflich Ventilatoren, Gebl\u00e4se und Kompressoren, spezialisiert hat.","og_url":"https:\/\/www.serafimaint.com\/de\/anmeldung-zum-newsletter\/","og_site_name":"Serafima","article_publisher":"https:\/\/www.facebook.com\/serafimaservice","article_modified_time":"2025-10-23T18:44:43+00:00","og_image":[{"url":"https:\/\/www.serafimaint.com\/wp-content\/uploads\/2024\/05\/newsletter2.jpg","type":"","width":"","height":""}],"twitter_card":"summary_large_image","schema":{"@context":"https:\/\/schema.org","@graph":[{"@type":"WebPage","@id":"https:\/\/www.serafimaint.com\/de\/anmeldung-zum-newsletter\/","url":"https:\/\/www.serafimaint.com\/de\/anmeldung-zum-newsletter\/","name":"Anmeldung zum Newsletter - Serafima","isPartOf":{"@id":"https:\/\/www.serafimaint.com\/de\/#website"},"primaryImageOfPage":{"@id":"https:\/\/www.serafimaint.com\/de\/anmeldung-zum-newsletter\/#primaryimage"},"image":{"@id":"https:\/\/www.serafimaint.com\/de\/anmeldung-zum-newsletter\/#primaryimage"},"thumbnailUrl":"https:\/\/www.serafimaint.com\/wp-content\/uploads\/2024\/05\/newsletter2.jpg","datePublished":"2024-05-06T22:04:28+00:00","dateModified":"2025-10-23T18:44:43+00:00","description":"Serafima ist ein globaler Dienstleister und Maschinenhersteller, der sich auf rotierende Anlagen, einschlie\u00dflich Ventilatoren, Gebl\u00e4se und Kompressoren, spezialisiert hat.","breadcrumb":{"@id":"https:\/\/www.serafimaint.com\/de\/anmeldung-zum-newsletter\/#breadcrumb"},"inLanguage":"de","potentialAction":[{"@type":"ReadAction","target":["https:\/\/www.serafimaint.com\/de\/anmeldung-zum-newsletter\/"]}]},{"@type":"ImageObject","inLanguage":"de","@id":"https:\/\/www.serafimaint.com\/de\/anmeldung-zum-newsletter\/#primaryimage","url":"https:\/\/www.serafimaint.com\/wp-content\/uploads\/2024\/05\/newsletter2.jpg","contentUrl":"https:\/\/www.serafimaint.com\/wp-content\/uploads\/2024\/05\/newsletter2.jpg"},{"@type":"BreadcrumbList","@id":"https:\/\/www.serafimaint.com\/de\/anmeldung-zum-newsletter\/#breadcrumb","itemListElement":[{"@type":"ListItem","position":1,"name":"Home","item":"https:\/\/www.serafimaint.com\/de\/"},{"@type":"ListItem","position":2,"name":"Anmeldung zum Newsletter"}]},{"@type":"WebSite","@id":"https:\/\/www.serafimaint.com\/de\/#website","url":"https:\/\/www.serafimaint.com\/de\/","name":"Serafima","description":"","publisher":{"@id":"https:\/\/www.serafimaint.com\/de\/#organization"},"potentialAction":[{"@type":"SearchAction","target":{"@type":"EntryPoint","urlTemplate":"https:\/\/www.serafimaint.com\/de\/?s={search_term_string}"},"query-input":{"@type":"PropertyValueSpecification","valueRequired":true,"valueName":"search_term_string"}}],"inLanguage":"de"},{"@type":"Organization","@id":"https:\/\/www.serafimaint.com\/de\/#organization","name":"Serafima","url":"https:\/\/www.serafimaint.com\/de\/","logo":{"@type":"ImageObject","inLanguage":"de","@id":"https:\/\/www.serafimaint.com\/de\/#\/schema\/logo\/image\/","url":"https:\/\/www.serafimaint.com\/wp-content\/uploads\/2024\/04\/logo300.png","contentUrl":"https:\/\/www.serafimaint.com\/wp-content\/uploads\/2024\/04\/logo300.png","width":300,"height":82,"caption":"Serafima"},"image":{"@id":"https:\/\/www.serafimaint.com\/de\/#\/schema\/logo\/image\/"},"sameAs":["https:\/\/www.facebook.com\/serafimaservice","https:\/\/www.xing.com\/pages\/serafimagmbh-co-kg","https:\/\/www.linkedin.com\/company\/53425691"]}]}},"jetpack_sharing_enabled":true,"_links":{"self":[{"href":"https:\/\/www.serafimaint.com\/de\/wp-json\/wp\/v2\/pages\/990563","targetHints":{"allow":["GET"]}}],"collection":[{"href":"https:\/\/www.serafimaint.com\/de\/wp-json\/wp\/v2\/pages"}],"about":[{"href":"https:\/\/www.serafimaint.com\/de\/wp-json\/wp\/v2\/types\/page"}],"author":[{"embeddable":true,"href":"https:\/\/www.serafimaint.com\/de\/wp-json\/wp\/v2\/users\/1"}],"replies":[{"embeddable":true,"href":"https:\/\/www.serafimaint.com\/de\/wp-json\/wp\/v2\/comments?post=990563"}],"version-history":[{"count":3,"href":"https:\/\/www.serafimaint.com\/de\/wp-json\/wp\/v2\/pages\/990563\/revisions"}],"predecessor-version":[{"id":991903,"href":"https:\/\/www.serafimaint.com\/de\/wp-json\/wp\/v2\/pages\/990563\/revisions\/991903"}],"wp:attachment":[{"href":"https:\/\/www.serafimaint.com\/de\/wp-json\/wp\/v2\/media?parent=990563"}],"curies":[{"name":"wp","href":"https:\/\/api.w.org\/{rel}","templated":true}]}}