{"id":990565,"date":"2024-04-18T22:40:59","date_gmt":"2024-04-18T21:40:59","guid":{"rendered":"https:\/\/serafima2024.live-website.com\/veroeffentlichungen\/"},"modified":"2025-03-11T21:06:58","modified_gmt":"2025-03-11T20:06:58","slug":"veroeffentlichungen","status":"publish","type":"page","link":"https:\/\/www.serafimaint.com\/de\/veroeffentlichungen\/","title":{"rendered":"Ver\u00f6ffentlichungen"},"content":{"rendered":"<div class=\"vgblk-rw-wrapper limit-wrapper\">\n<h3>\n\t\tDemn\u00e4chst verf\u00fcgbar &#8211; bleiben Sie gespannt!\n\t<\/h3>\n\t\t\t\t\t\t\t<img loading=\"lazy\" decoding=\"async\" width=\"150\" height=\"150\" src=\"https:\/\/turbodiscover.pt\/serafima\/wp-content\/uploads\/2024\/04\/reverse-eng-150x150.jpg\" alt=\"reverse-eng\" itemprop=\"image\" title=\"reverse-eng\" onerror=\"this.style.display='none'\"  sizes=\"auto, (max-width: 768px) 100vw, 100vw\" srcset=\"https:\/\/www.serafimaint.com\/wp-content\/uploads\/2024\/04\/reverse-eng-150x150.jpg 150w, https:\/\/www.serafimaint.com\/wp-content\/uploads\/2024\/04\/reverse-eng-315x315.jpg 315w, https:\/\/www.serafimaint.com\/wp-content\/uploads\/2024\/04\/reverse-eng-100x100.jpg 100w\" \/>\t\t\t\t\t\t\t\n\t<p>Wir arbeiten an spannenden Neuigkeiten f\u00fcr diesen Bereich. Schauen Sie bald wieder vorbei! In der Zwischenzeit laden wir Sie ein, unsere Webseite zu erkunden oder uns bei Fragen direkt zu kontaktieren.<\/p>\n\t\t\t<a href=\"#\" role=\"button\">\n\t\t\t\t\t\t\tNoch ist es leer\n\t\t\t\t\t<\/a>\n\t\tNoch ist es leer &#8230; aber etwas Spannendes ist in Arbeit!\t\n\n<\/div><!-- .vgblk-rw-wrapper -->","protected":false},"excerpt":{"rendered":"<p>Demn\u00e4chst verf\u00fcgbar &#8211; bleiben Sie gespannt! Wir arbeiten an spannenden Neuigkeiten f\u00fcr diesen Bereich. Schauen Sie bald wieder vorbei! In der Zwischenzeit laden wir Sie ein, unsere Webseite zu erkunden&#8230;<\/p>\n","protected":false},"author":1,"featured_media":0,"parent":0,"menu_order":0,"comment_status":"closed","ping_status":"closed","template":"","meta":{"inline_featured_image":false,"footnotes":""},"class_list":["post-990565","page","type-page","status-publish","hentry"],"yoast_head":"<!-- This site is optimized with the Yoast SEO plugin v27.4 - https:\/\/yoast.com\/product\/yoast-seo-wordpress\/ -->\n<title>Ver\u00f6ffentlichungen - Serafima<\/title>\n<meta name=\"description\" content=\"Serafima ist ein globaler Dienstleister und Maschinenhersteller, der sich auf rotierende Anlagen, einschlie\u00dflich Ventilatoren, Gebl\u00e4se und Kompressoren, spezialisiert hat.\" \/>\n<meta name=\"robots\" content=\"index, follow, max-snippet:-1, max-image-preview:large, max-video-preview:-1\" \/>\n<link rel=\"canonical\" href=\"https:\/\/www.serafimaint.com\/de\/veroeffentlichungen\/\" \/>\n<meta property=\"og:locale\" content=\"de_DE\" \/>\n<meta property=\"og:type\" content=\"article\" \/>\n<meta property=\"og:title\" content=\"Ver\u00f6ffentlichungen - Serafima\" \/>\n<meta property=\"og:description\" content=\"Serafima ist ein globaler Dienstleister und Maschinenhersteller, der sich auf rotierende Anlagen, einschlie\u00dflich Ventilatoren, Gebl\u00e4se und Kompressoren, spezialisiert hat.\" \/>\n<meta property=\"og:url\" content=\"https:\/\/www.serafimaint.com\/de\/veroeffentlichungen\/\" \/>\n<meta property=\"og:site_name\" content=\"Serafima\" \/>\n<meta property=\"article:publisher\" content=\"https:\/\/www.facebook.com\/serafimaservice\" \/>\n<meta property=\"article:modified_time\" content=\"2025-03-11T20:06:58+00:00\" \/>\n<meta property=\"og:image\" content=\"https:\/\/turbodiscover.pt\/serafima\/wp-content\/uploads\/2024\/04\/reverse-eng-150x150.jpg\" \/>\n<meta name=\"twitter:card\" content=\"summary_large_image\" \/>\n<script type=\"application\/ld+json\" class=\"yoast-schema-graph\">{\"@context\":\"https:\\\/\\\/schema.org\",\"@graph\":[{\"@type\":\"WebPage\",\"@id\":\"https:\\\/\\\/www.serafimaint.com\\\/de\\\/veroeffentlichungen\\\/\",\"url\":\"https:\\\/\\\/www.serafimaint.com\\\/de\\\/veroeffentlichungen\\\/\",\"name\":\"Ver\u00f6ffentlichungen - Serafima\",\"isPartOf\":{\"@id\":\"https:\\\/\\\/www.serafimaint.com\\\/de\\\/#website\"},\"primaryImageOfPage\":{\"@id\":\"https:\\\/\\\/www.serafimaint.com\\\/de\\\/veroeffentlichungen\\\/#primaryimage\"},\"image\":{\"@id\":\"https:\\\/\\\/www.serafimaint.com\\\/de\\\/veroeffentlichungen\\\/#primaryimage\"},\"thumbnailUrl\":\"https:\\\/\\\/turbodiscover.pt\\\/serafima\\\/wp-content\\\/uploads\\\/2024\\\/04\\\/reverse-eng-150x150.jpg\",\"datePublished\":\"2024-04-18T21:40:59+00:00\",\"dateModified\":\"2025-03-11T20:06:58+00:00\",\"description\":\"Serafima ist ein globaler Dienstleister und Maschinenhersteller, der sich auf rotierende Anlagen, einschlie\u00dflich Ventilatoren, Gebl\u00e4se und Kompressoren, spezialisiert hat.\",\"breadcrumb\":{\"@id\":\"https:\\\/\\\/www.serafimaint.com\\\/de\\\/veroeffentlichungen\\\/#breadcrumb\"},\"inLanguage\":\"de\",\"potentialAction\":[{\"@type\":\"ReadAction\",\"target\":[\"https:\\\/\\\/www.serafimaint.com\\\/de\\\/veroeffentlichungen\\\/\"]}]},{\"@type\":\"ImageObject\",\"inLanguage\":\"de\",\"@id\":\"https:\\\/\\\/www.serafimaint.com\\\/de\\\/veroeffentlichungen\\\/#primaryimage\",\"url\":\"https:\\\/\\\/turbodiscover.pt\\\/serafima\\\/wp-content\\\/uploads\\\/2024\\\/04\\\/reverse-eng-150x150.jpg\",\"contentUrl\":\"https:\\\/\\\/turbodiscover.pt\\\/serafima\\\/wp-content\\\/uploads\\\/2024\\\/04\\\/reverse-eng-150x150.jpg\"},{\"@type\":\"BreadcrumbList\",\"@id\":\"https:\\\/\\\/www.serafimaint.com\\\/de\\\/veroeffentlichungen\\\/#breadcrumb\",\"itemListElement\":[{\"@type\":\"ListItem\",\"position\":1,\"name\":\"Home\",\"item\":\"https:\\\/\\\/www.serafimaint.com\\\/de\\\/\"},{\"@type\":\"ListItem\",\"position\":2,\"name\":\"Ver\u00f6ffentlichungen\"}]},{\"@type\":\"WebSite\",\"@id\":\"https:\\\/\\\/www.serafimaint.com\\\/de\\\/#website\",\"url\":\"https:\\\/\\\/www.serafimaint.com\\\/de\\\/\",\"name\":\"Serafima\",\"description\":\"\",\"publisher\":{\"@id\":\"https:\\\/\\\/www.serafimaint.com\\\/de\\\/#organization\"},\"potentialAction\":[{\"@type\":\"SearchAction\",\"target\":{\"@type\":\"EntryPoint\",\"urlTemplate\":\"https:\\\/\\\/www.serafimaint.com\\\/de\\\/?s={search_term_string}\"},\"query-input\":{\"@type\":\"PropertyValueSpecification\",\"valueRequired\":true,\"valueName\":\"search_term_string\"}}],\"inLanguage\":\"de\"},{\"@type\":\"Organization\",\"@id\":\"https:\\\/\\\/www.serafimaint.com\\\/de\\\/#organization\",\"name\":\"Serafima\",\"url\":\"https:\\\/\\\/www.serafimaint.com\\\/de\\\/\",\"logo\":{\"@type\":\"ImageObject\",\"inLanguage\":\"de\",\"@id\":\"https:\\\/\\\/www.serafimaint.com\\\/de\\\/#\\\/schema\\\/logo\\\/image\\\/\",\"url\":\"https:\\\/\\\/www.serafimaint.com\\\/wp-content\\\/uploads\\\/2024\\\/04\\\/logo300.png\",\"contentUrl\":\"https:\\\/\\\/www.serafimaint.com\\\/wp-content\\\/uploads\\\/2024\\\/04\\\/logo300.png\",\"width\":300,\"height\":82,\"caption\":\"Serafima\"},\"image\":{\"@id\":\"https:\\\/\\\/www.serafimaint.com\\\/de\\\/#\\\/schema\\\/logo\\\/image\\\/\"},\"sameAs\":[\"https:\\\/\\\/www.facebook.com\\\/serafimaservice\",\"https:\\\/\\\/www.xing.com\\\/pages\\\/serafimagmbh-co-kg\",\"https:\\\/\\\/www.linkedin.com\\\/company\\\/53425691\"]}]}<\/script>\n<!-- \/ Yoast SEO plugin. -->","yoast_head_json":{"title":"Ver\u00f6ffentlichungen - Serafima","description":"Serafima ist ein globaler Dienstleister und Maschinenhersteller, der sich auf rotierende Anlagen, einschlie\u00dflich Ventilatoren, Gebl\u00e4se und Kompressoren, spezialisiert hat.","robots":{"index":"index","follow":"follow","max-snippet":"max-snippet:-1","max-image-preview":"max-image-preview:large","max-video-preview":"max-video-preview:-1"},"canonical":"https:\/\/www.serafimaint.com\/de\/veroeffentlichungen\/","og_locale":"de_DE","og_type":"article","og_title":"Ver\u00f6ffentlichungen - Serafima","og_description":"Serafima ist ein globaler Dienstleister und Maschinenhersteller, der sich auf rotierende Anlagen, einschlie\u00dflich Ventilatoren, Gebl\u00e4se und Kompressoren, spezialisiert hat.","og_url":"https:\/\/www.serafimaint.com\/de\/veroeffentlichungen\/","og_site_name":"Serafima","article_publisher":"https:\/\/www.facebook.com\/serafimaservice","article_modified_time":"2025-03-11T20:06:58+00:00","og_image":[{"url":"https:\/\/turbodiscover.pt\/serafima\/wp-content\/uploads\/2024\/04\/reverse-eng-150x150.jpg","type":"","width":"","height":""}],"twitter_card":"summary_large_image","schema":{"@context":"https:\/\/schema.org","@graph":[{"@type":"WebPage","@id":"https:\/\/www.serafimaint.com\/de\/veroeffentlichungen\/","url":"https:\/\/www.serafimaint.com\/de\/veroeffentlichungen\/","name":"Ver\u00f6ffentlichungen - Serafima","isPartOf":{"@id":"https:\/\/www.serafimaint.com\/de\/#website"},"primaryImageOfPage":{"@id":"https:\/\/www.serafimaint.com\/de\/veroeffentlichungen\/#primaryimage"},"image":{"@id":"https:\/\/www.serafimaint.com\/de\/veroeffentlichungen\/#primaryimage"},"thumbnailUrl":"https:\/\/turbodiscover.pt\/serafima\/wp-content\/uploads\/2024\/04\/reverse-eng-150x150.jpg","datePublished":"2024-04-18T21:40:59+00:00","dateModified":"2025-03-11T20:06:58+00:00","description":"Serafima ist ein globaler Dienstleister und Maschinenhersteller, der sich auf rotierende Anlagen, einschlie\u00dflich Ventilatoren, Gebl\u00e4se und Kompressoren, spezialisiert hat.","breadcrumb":{"@id":"https:\/\/www.serafimaint.com\/de\/veroeffentlichungen\/#breadcrumb"},"inLanguage":"de","potentialAction":[{"@type":"ReadAction","target":["https:\/\/www.serafimaint.com\/de\/veroeffentlichungen\/"]}]},{"@type":"ImageObject","inLanguage":"de","@id":"https:\/\/www.serafimaint.com\/de\/veroeffentlichungen\/#primaryimage","url":"https:\/\/turbodiscover.pt\/serafima\/wp-content\/uploads\/2024\/04\/reverse-eng-150x150.jpg","contentUrl":"https:\/\/turbodiscover.pt\/serafima\/wp-content\/uploads\/2024\/04\/reverse-eng-150x150.jpg"},{"@type":"BreadcrumbList","@id":"https:\/\/www.serafimaint.com\/de\/veroeffentlichungen\/#breadcrumb","itemListElement":[{"@type":"ListItem","position":1,"name":"Home","item":"https:\/\/www.serafimaint.com\/de\/"},{"@type":"ListItem","position":2,"name":"Ver\u00f6ffentlichungen"}]},{"@type":"WebSite","@id":"https:\/\/www.serafimaint.com\/de\/#website","url":"https:\/\/www.serafimaint.com\/de\/","name":"Serafima","description":"","publisher":{"@id":"https:\/\/www.serafimaint.com\/de\/#organization"},"potentialAction":[{"@type":"SearchAction","target":{"@type":"EntryPoint","urlTemplate":"https:\/\/www.serafimaint.com\/de\/?s={search_term_string}"},"query-input":{"@type":"PropertyValueSpecification","valueRequired":true,"valueName":"search_term_string"}}],"inLanguage":"de"},{"@type":"Organization","@id":"https:\/\/www.serafimaint.com\/de\/#organization","name":"Serafima","url":"https:\/\/www.serafimaint.com\/de\/","logo":{"@type":"ImageObject","inLanguage":"de","@id":"https:\/\/www.serafimaint.com\/de\/#\/schema\/logo\/image\/","url":"https:\/\/www.serafimaint.com\/wp-content\/uploads\/2024\/04\/logo300.png","contentUrl":"https:\/\/www.serafimaint.com\/wp-content\/uploads\/2024\/04\/logo300.png","width":300,"height":82,"caption":"Serafima"},"image":{"@id":"https:\/\/www.serafimaint.com\/de\/#\/schema\/logo\/image\/"},"sameAs":["https:\/\/www.facebook.com\/serafimaservice","https:\/\/www.xing.com\/pages\/serafimagmbh-co-kg","https:\/\/www.linkedin.com\/company\/53425691"]}]}},"jetpack_sharing_enabled":true,"_links":{"self":[{"href":"https:\/\/www.serafimaint.com\/de\/wp-json\/wp\/v2\/pages\/990565","targetHints":{"allow":["GET"]}}],"collection":[{"href":"https:\/\/www.serafimaint.com\/de\/wp-json\/wp\/v2\/pages"}],"about":[{"href":"https:\/\/www.serafimaint.com\/de\/wp-json\/wp\/v2\/types\/page"}],"author":[{"embeddable":true,"href":"https:\/\/www.serafimaint.com\/de\/wp-json\/wp\/v2\/users\/1"}],"replies":[{"embeddable":true,"href":"https:\/\/www.serafimaint.com\/de\/wp-json\/wp\/v2\/comments?post=990565"}],"version-history":[{"count":0,"href":"https:\/\/www.serafimaint.com\/de\/wp-json\/wp\/v2\/pages\/990565\/revisions"}],"wp:attachment":[{"href":"https:\/\/www.serafimaint.com\/de\/wp-json\/wp\/v2\/media?parent=990565"}],"curies":[{"name":"wp","href":"https:\/\/api.w.org\/{rel}","templated":true}]}}