{"id":990572,"date":"2024-06-14T22:07:56","date_gmt":"2024-06-14T21:07:56","guid":{"rendered":"https:\/\/serafima2024.live-website.com\/raas-reliability-as-a-service\/"},"modified":"2026-03-03T17:11:28","modified_gmt":"2026-03-03T16:11:28","slug":"raas-reliability-as-a-service","status":"publish","type":"page","link":"https:\/\/www.serafimaint.com\/de\/raas-reliability-as-a-service\/","title":{"rendered":"RaaS-Next | Reliability as a Service"},"content":{"rendered":"<div class=\"vgblk-rw-wrapper limit-wrapper\">\n<h2 class=\"wp-block-heading\">Minimieren Sie Ausfallzeiten, Maximieren Sie Effizienz <\/h2>\n\n\n\n<figure class=\"wp-block-image size-large\"><img loading=\"lazy\" decoding=\"async\" width=\"1024\" height=\"576\" data-attachment-id=\"992090\" data-permalink=\"https:\/\/www.serafimaint.com\/de\/wattblicker-website-3335622_1280-2\/\" data-orig-file=\"https:\/\/www.serafimaint.com\/wp-content\/uploads\/2026\/03\/wattblicker-website-3335622_1280.png\" data-orig-size=\"1280,720\" data-comments-opened=\"0\" data-image-meta=\"{&quot;aperture&quot;:&quot;0&quot;,&quot;credit&quot;:&quot;&quot;,&quot;camera&quot;:&quot;&quot;,&quot;caption&quot;:&quot;&quot;,&quot;created_timestamp&quot;:&quot;0&quot;,&quot;copyright&quot;:&quot;&quot;,&quot;focal_length&quot;:&quot;0&quot;,&quot;iso&quot;:&quot;0&quot;,&quot;shutter_speed&quot;:&quot;0&quot;,&quot;title&quot;:&quot;&quot;,&quot;orientation&quot;:&quot;0&quot;}\" data-image-title=\"wattblicker-website-3335622_1280\" data-image-description=\"\" data-image-caption=\"\" data-large-file=\"https:\/\/www.serafimaint.com\/wp-content\/uploads\/2026\/03\/wattblicker-website-3335622_1280-1024x576.png\" src=\"https:\/\/www.serafimaint.com\/wp-content\/uploads\/2026\/03\/wattblicker-website-3335622_1280-1024x576.png\" alt=\"\" class=\"wp-image-992090\" srcset=\"https:\/\/www.serafimaint.com\/wp-content\/uploads\/2026\/03\/wattblicker-website-3335622_1280-1024x576.png 1024w, https:\/\/www.serafimaint.com\/wp-content\/uploads\/2026\/03\/wattblicker-website-3335622_1280-300x169.png 300w, https:\/\/www.serafimaint.com\/wp-content\/uploads\/2026\/03\/wattblicker-website-3335622_1280-768x432.png 768w, https:\/\/www.serafimaint.com\/wp-content\/uploads\/2026\/03\/wattblicker-website-3335622_1280-1260x709.png 1260w, https:\/\/www.serafimaint.com\/wp-content\/uploads\/2026\/03\/wattblicker-website-3335622_1280-630x354.png 630w, https:\/\/www.serafimaint.com\/wp-content\/uploads\/2026\/03\/wattblicker-website-3335622_1280-420x236.png 420w, https:\/\/www.serafimaint.com\/wp-content\/uploads\/2026\/03\/wattblicker-website-3335622_1280-840x473.png 840w, https:\/\/www.serafimaint.com\/wp-content\/uploads\/2026\/03\/wattblicker-website-3335622_1280-315x177.png 315w, https:\/\/www.serafimaint.com\/wp-content\/uploads\/2026\/03\/wattblicker-website-3335622_1280.png 1280w\" sizes=\"auto, (max-width: 1024px) 100vw, 1024px\" \/><\/figure>\n\n\n\n<p><br><br><br>Bei <strong>Serafima<\/strong> verstehen wir, wie entscheidend die \u00dcberwachung rotierender Maschinen ist, um unerwartete Ausf\u00e4lle zu vermeiden und Wartungsprozesse in unterschiedlichsten Branchen zu optimieren. Doch herk\u00f6mmliche Online-\u00dcberwachungssysteme schr\u00e4nken Nutzer oft ein &#8211; sie sind an einen einzigen Sensorhersteller gebunden und erhalten nur eingeschr\u00e4nkten Datenzugriff durch einen undurchsichtigen \u201eBlack-Box&#8220;-Ansatz.\u00a0Mit unserem innovativen <strong>Condition Monitoring-System<\/strong> setzen wir neue Ma\u00dfst\u00e4be: <strong>volle Transparenz, uneingeschr\u00e4nkter Zugang zu Rohdaten und absolute Kontrolle \u00fcber Ihre Analysen<\/strong>. Keine Abh\u00e4ngigkeit von Drittanbietern, keine versteckten Einschr\u00e4nkungen &#8211; sondern echte Datenhoheit f\u00fcr Betreiber.<\/p>\n\n\n\n<p><strong>Serafima &#8211; weil vorausschauende Wartung klare Einblicke braucht.<\/strong><br><br><br><\/p>\n\n\n\n<figure class=\"wp-block-image size-full\"><img loading=\"lazy\" decoding=\"async\" width=\"751\" height=\"480\" data-attachment-id=\"992092\" data-permalink=\"https:\/\/www.serafimaint.com\/de\/logo-23-2-2\/\" data-orig-file=\"https:\/\/www.serafimaint.com\/wp-content\/uploads\/2026\/03\/logo-23.2.png\" data-orig-size=\"751,480\" data-comments-opened=\"0\" data-image-meta=\"{&quot;aperture&quot;:&quot;0&quot;,&quot;credit&quot;:&quot;&quot;,&quot;camera&quot;:&quot;&quot;,&quot;caption&quot;:&quot;&quot;,&quot;created_timestamp&quot;:&quot;0&quot;,&quot;copyright&quot;:&quot;&quot;,&quot;focal_length&quot;:&quot;0&quot;,&quot;iso&quot;:&quot;0&quot;,&quot;shutter_speed&quot;:&quot;0&quot;,&quot;title&quot;:&quot;&quot;,&quot;orientation&quot;:&quot;0&quot;}\" data-image-title=\"logo-23.2\" data-image-description=\"\" data-image-caption=\"\" data-large-file=\"https:\/\/www.serafimaint.com\/wp-content\/uploads\/2026\/03\/logo-23.2.png\" src=\"https:\/\/www.serafimaint.com\/wp-content\/uploads\/2026\/03\/logo-23.2.png\" alt=\"\" class=\"wp-image-992092\" srcset=\"https:\/\/www.serafimaint.com\/wp-content\/uploads\/2026\/03\/logo-23.2.png 751w, https:\/\/www.serafimaint.com\/wp-content\/uploads\/2026\/03\/logo-23.2-300x192.png 300w, https:\/\/www.serafimaint.com\/wp-content\/uploads\/2026\/03\/logo-23.2-630x403.png 630w, https:\/\/www.serafimaint.com\/wp-content\/uploads\/2026\/03\/logo-23.2-420x268.png 420w, https:\/\/www.serafimaint.com\/wp-content\/uploads\/2026\/03\/logo-23.2-315x201.png 315w\" sizes=\"auto, (max-width: 751px) 100vw, 751px\" \/><\/figure>\n\n\n\n<h3 class=\"wp-block-heading\">Warum das Condition Monitoring-System von Serafima?<\/h3>\n\n\n\n<p>Raas Next bietet ein umfassendes System zur effizienten \u00dcberwachung des Maschinenzustands.<\/p>\n\n\n\n<p>Die L\u00f6sung kombiniert KI-gest\u00fctzte Algorithmen mit manuellen Analysefunktionen. Die benutzerfreundliche Oberfl\u00e4che erm\u00f6glicht einen schnellen Einstieg \u2013 im Grunde Ihr digitaler Schwingungsanalyst rund um die Uhr. Raas Next ist eine kontinuierliche KI-\u00dcberwachungssoftware, die Schwingungsdaten und andere Prozessinformationen verarbeitet, um Stillstandzeiten in verschiedensten Industrieumgebungen zu minimieren. Typische Nutzer sind Reliability Engineers, Schwingungsanalysten, Instandhaltungspersonal sowie Verantwortliche f\u00fcr Produktionseffizienz. Die L\u00f6sung eignet sich ideal f\u00fcr Industrien mit komplexen Datenstrukturen oder kleinere Werke, die eine automatisierte Instandhaltungs\u00fcberwachung anstreben. Experten erhalten leistungsstarke Analysewerkzeuge und KI-Funktionen, um die Performance ihrer Anlagen und Prozesse zu verstehen, zu \u00fcberwachen und vorherzusagen. Die Software liest nahtlos Daten aus allen offenen Schwingungssensorsystemen am Markt und erfordert keine spezifische Sensortechnologie.<\/p>\n\n\n\n<h2 class=\"wp-block-heading\">\n\t Unsere <strong>Dienstleistungen<\/strong>\n\t<\/h2>\n\n\n\n<p>\n\t\t\tZustands\u00fcberwachung\n\t\t<\/p>\n\n\n\n<p><img loading=\"lazy\" decoding=\"async\" src=\"https:\/\/turbodiscover.pt\/serafima\/wp-content\/uploads\/2024\/06\/Screenshot-2024-06-13-113259-300x146.png\" alt=\"\" width=\"382\" height=\"186\"><br>Maximale Verf\u00fcgbarkeit Ihrer rotierenden Maschinen &#8211; mit intelligenter Zustands\u00fcberwachung\ud83d\udd39 <strong>Umfassendes Condition Monitoring<\/strong> &#8211; \u00dcberwachung aller kritischen rotierenden Maschinen zur Sicherstellung einer hohen Anlagenverf\u00fcgbarkeit.\ud83d\udd39 <strong>Pr\u00e4zise Vibrations- &amp; Temperaturanalyse<\/strong> &#8211; Fr\u00fchzeitige Erkennung von Anomalien zur Vermeidung ungeplanter Stillst\u00e4nde.\ud83d\udd39 <strong>Gezielte Wartung &amp; Reparatur<\/strong> &#8211; Effiziente Planung und Durchf\u00fchrung von Instandhaltungsma\u00dfnahmen f\u00fcr alle Arten rotierender Maschinen.\ud83d\udd39 <strong>Detaillierte Ursachenanalyse<\/strong> &#8211; Identifikation von Problemquellen mit klaren Handlungsempfehlungen f\u00fcr nachhaltige L\u00f6sungen.&nbsp;\ud83d\udd39 <strong>Optimierte pr\u00e4ventive Wartung<\/strong> &#8211; Reduziert das Risiko ungeplanter Ausfallzeiten und erh\u00f6ht die Betriebssicherheit.&nbsp;\n\t\t\tMa\u00dfgeschneiderte \u00dcberwachungsstrategien\n\t\t<\/p>\n\n\n\n<p>Unser System bietet <strong>ein optimales \u00dcberwachungskonzept f\u00fcr jede rotierende Maschine<\/strong>, abgestimmt auf ihre <strong>Kritikalit\u00e4tsklassifizierung<\/strong>. So stellen wir sicher, dass genau die Maschinen priorisiert werden, die f\u00fcr Ihre Produktion am wichtigsten sind &#8211; f\u00fcr maximale Effizienz und minimale Ausfallzeiten.\n\t\t\tFr\u00fchwarnsystem und schnelle Reaktion\n\t\t<\/p>\n\n\n\n<p>Dank intelligenter Zustands\u00fcberwachung erkennen Sie <strong>drohende Ausf\u00e4lle rechtzeitig<\/strong> und k\u00f6nnen sofort reagieren, um Sch\u00e4den zu vermeiden und ungeplante Stillst\u00e4nde zu reduzieren.\n\t\t\tProaktive Wartungsverbesserung\n\t\t<\/p>\n\n\n\n<p>Durch die <strong>Optimierung der pr\u00e4ventiven Wartung<\/strong> minimieren Sie Risiken und reduzieren ungeplante Stillst\u00e4nde &#8211; f\u00fcr mehr Betriebssicherheit und maximale Verf\u00fcgbarkeit Ihrer Maschinen.\n\t\t\tKontinuierliche Servicebereitstellung\n\t\t<\/p>\n\n\n\n<p><strong>Rund um die Uhr f\u00fcr Sie da &#8211; 365 Tage im Jahr, 24\/7.<\/strong>Maximale Verf\u00fcgbarkeit und zuverl\u00e4ssiger Support &#8211; jederzeit, wenn Sie uns brauchen.<\/p>\n<\/div><!-- .vgblk-rw-wrapper -->","protected":false},"excerpt":{"rendered":"<p>Minimieren Sie Ausfallzeiten, Maximieren Sie Effizienz Bei Serafima verstehen wir, wie entscheidend die \u00dcberwachung rotierender Maschinen ist, um unerwartete Ausf\u00e4lle zu vermeiden und Wartungsprozesse in unterschiedlichsten Branchen zu optimieren. Doch&#8230;<\/p>\n","protected":false},"author":3,"featured_media":992092,"parent":0,"menu_order":0,"comment_status":"closed","ping_status":"closed","template":"","meta":{"inline_featured_image":false,"footnotes":""},"class_list":["post-990572","page","type-page","status-publish","has-post-thumbnail","hentry"],"yoast_head":"<!-- This site is optimized with the Yoast SEO plugin v27.4 - https:\/\/yoast.com\/product\/yoast-seo-wordpress\/ -->\n<title>RaaS-Next | Reliability as a Service - Serafima<\/title>\n<meta name=\"description\" content=\"Serafima ist ein globaler Dienstleister und Maschinenhersteller, der sich auf rotierende Anlagen, einschlie\u00dflich Ventilatoren, Gebl\u00e4se und Kompressoren, spezialisiert hat.\" \/>\n<meta name=\"robots\" content=\"index, follow, max-snippet:-1, max-image-preview:large, max-video-preview:-1\" \/>\n<link rel=\"canonical\" href=\"https:\/\/www.serafimaint.com\/de\/raas-reliability-as-a-service\/\" \/>\n<meta property=\"og:locale\" content=\"de_DE\" \/>\n<meta property=\"og:type\" content=\"article\" \/>\n<meta property=\"og:title\" content=\"RaaS-Next | Reliability as a Service - Serafima\" \/>\n<meta property=\"og:description\" content=\"Serafima ist ein globaler Dienstleister und Maschinenhersteller, der sich auf rotierende Anlagen, einschlie\u00dflich Ventilatoren, Gebl\u00e4se und Kompressoren, spezialisiert hat.\" \/>\n<meta property=\"og:url\" content=\"https:\/\/www.serafimaint.com\/de\/raas-reliability-as-a-service\/\" \/>\n<meta property=\"og:site_name\" content=\"Serafima\" \/>\n<meta property=\"article:publisher\" content=\"https:\/\/www.facebook.com\/serafimaservice\" \/>\n<meta property=\"article:modified_time\" content=\"2026-03-03T16:11:28+00:00\" \/>\n<meta property=\"og:image\" content=\"https:\/\/www.serafimaint.com\/wp-content\/uploads\/2026\/03\/logo-23.2.png\" \/>\n\t<meta property=\"og:image:width\" content=\"751\" \/>\n\t<meta property=\"og:image:height\" content=\"480\" \/>\n\t<meta property=\"og:image:type\" content=\"image\/png\" \/>\n<meta name=\"twitter:card\" content=\"summary_large_image\" \/>\n<meta name=\"twitter:label1\" content=\"Gesch\u00e4tzte Lesezeit\" \/>\n\t<meta name=\"twitter:data1\" content=\"2\u00a0Minuten\" \/>\n<script type=\"application\/ld+json\" class=\"yoast-schema-graph\">{\"@context\":\"https:\\\/\\\/schema.org\",\"@graph\":[{\"@type\":\"WebPage\",\"@id\":\"https:\\\/\\\/www.serafimaint.com\\\/de\\\/raas-reliability-as-a-service\\\/\",\"url\":\"https:\\\/\\\/www.serafimaint.com\\\/de\\\/raas-reliability-as-a-service\\\/\",\"name\":\"RaaS-Next | Reliability as a Service - Serafima\",\"isPartOf\":{\"@id\":\"https:\\\/\\\/www.serafimaint.com\\\/de\\\/#website\"},\"primaryImageOfPage\":{\"@id\":\"https:\\\/\\\/www.serafimaint.com\\\/de\\\/raas-reliability-as-a-service\\\/#primaryimage\"},\"image\":{\"@id\":\"https:\\\/\\\/www.serafimaint.com\\\/de\\\/raas-reliability-as-a-service\\\/#primaryimage\"},\"thumbnailUrl\":\"https:\\\/\\\/www.serafimaint.com\\\/wp-content\\\/uploads\\\/2026\\\/03\\\/logo-23.2.png\",\"datePublished\":\"2024-06-14T21:07:56+00:00\",\"dateModified\":\"2026-03-03T16:11:28+00:00\",\"description\":\"Serafima ist ein globaler Dienstleister und Maschinenhersteller, der sich auf rotierende Anlagen, einschlie\u00dflich Ventilatoren, Gebl\u00e4se und Kompressoren, spezialisiert hat.\",\"breadcrumb\":{\"@id\":\"https:\\\/\\\/www.serafimaint.com\\\/de\\\/raas-reliability-as-a-service\\\/#breadcrumb\"},\"inLanguage\":\"de\",\"potentialAction\":[{\"@type\":\"ReadAction\",\"target\":[\"https:\\\/\\\/www.serafimaint.com\\\/de\\\/raas-reliability-as-a-service\\\/\"]}]},{\"@type\":\"ImageObject\",\"inLanguage\":\"de\",\"@id\":\"https:\\\/\\\/www.serafimaint.com\\\/de\\\/raas-reliability-as-a-service\\\/#primaryimage\",\"url\":\"https:\\\/\\\/www.serafimaint.com\\\/wp-content\\\/uploads\\\/2026\\\/03\\\/logo-23.2.png\",\"contentUrl\":\"https:\\\/\\\/www.serafimaint.com\\\/wp-content\\\/uploads\\\/2026\\\/03\\\/logo-23.2.png\",\"width\":751,\"height\":480},{\"@type\":\"BreadcrumbList\",\"@id\":\"https:\\\/\\\/www.serafimaint.com\\\/de\\\/raas-reliability-as-a-service\\\/#breadcrumb\",\"itemListElement\":[{\"@type\":\"ListItem\",\"position\":1,\"name\":\"Home\",\"item\":\"https:\\\/\\\/www.serafimaint.com\\\/de\\\/\"},{\"@type\":\"ListItem\",\"position\":2,\"name\":\"RaaS-Next | Reliability as a Service\"}]},{\"@type\":\"WebSite\",\"@id\":\"https:\\\/\\\/www.serafimaint.com\\\/de\\\/#website\",\"url\":\"https:\\\/\\\/www.serafimaint.com\\\/de\\\/\",\"name\":\"Serafima\",\"description\":\"\",\"publisher\":{\"@id\":\"https:\\\/\\\/www.serafimaint.com\\\/de\\\/#organization\"},\"potentialAction\":[{\"@type\":\"SearchAction\",\"target\":{\"@type\":\"EntryPoint\",\"urlTemplate\":\"https:\\\/\\\/www.serafimaint.com\\\/de\\\/?s={search_term_string}\"},\"query-input\":{\"@type\":\"PropertyValueSpecification\",\"valueRequired\":true,\"valueName\":\"search_term_string\"}}],\"inLanguage\":\"de\"},{\"@type\":\"Organization\",\"@id\":\"https:\\\/\\\/www.serafimaint.com\\\/de\\\/#organization\",\"name\":\"Serafima\",\"url\":\"https:\\\/\\\/www.serafimaint.com\\\/de\\\/\",\"logo\":{\"@type\":\"ImageObject\",\"inLanguage\":\"de\",\"@id\":\"https:\\\/\\\/www.serafimaint.com\\\/de\\\/#\\\/schema\\\/logo\\\/image\\\/\",\"url\":\"https:\\\/\\\/www.serafimaint.com\\\/wp-content\\\/uploads\\\/2024\\\/04\\\/logo300.png\",\"contentUrl\":\"https:\\\/\\\/www.serafimaint.com\\\/wp-content\\\/uploads\\\/2024\\\/04\\\/logo300.png\",\"width\":300,\"height\":82,\"caption\":\"Serafima\"},\"image\":{\"@id\":\"https:\\\/\\\/www.serafimaint.com\\\/de\\\/#\\\/schema\\\/logo\\\/image\\\/\"},\"sameAs\":[\"https:\\\/\\\/www.facebook.com\\\/serafimaservice\",\"https:\\\/\\\/www.xing.com\\\/pages\\\/serafimagmbh-co-kg\",\"https:\\\/\\\/www.linkedin.com\\\/company\\\/53425691\"]}]}<\/script>\n<!-- \/ Yoast SEO plugin. -->","yoast_head_json":{"title":"RaaS-Next | Reliability as a Service - Serafima","description":"Serafima ist ein globaler Dienstleister und Maschinenhersteller, der sich auf rotierende Anlagen, einschlie\u00dflich Ventilatoren, Gebl\u00e4se und Kompressoren, spezialisiert hat.","robots":{"index":"index","follow":"follow","max-snippet":"max-snippet:-1","max-image-preview":"max-image-preview:large","max-video-preview":"max-video-preview:-1"},"canonical":"https:\/\/www.serafimaint.com\/de\/raas-reliability-as-a-service\/","og_locale":"de_DE","og_type":"article","og_title":"RaaS-Next | Reliability as a Service - Serafima","og_description":"Serafima ist ein globaler Dienstleister und Maschinenhersteller, der sich auf rotierende Anlagen, einschlie\u00dflich Ventilatoren, Gebl\u00e4se und Kompressoren, spezialisiert hat.","og_url":"https:\/\/www.serafimaint.com\/de\/raas-reliability-as-a-service\/","og_site_name":"Serafima","article_publisher":"https:\/\/www.facebook.com\/serafimaservice","article_modified_time":"2026-03-03T16:11:28+00:00","og_image":[{"width":751,"height":480,"url":"https:\/\/www.serafimaint.com\/wp-content\/uploads\/2026\/03\/logo-23.2.png","type":"image\/png"}],"twitter_card":"summary_large_image","twitter_misc":{"Gesch\u00e4tzte Lesezeit":"2\u00a0Minuten"},"schema":{"@context":"https:\/\/schema.org","@graph":[{"@type":"WebPage","@id":"https:\/\/www.serafimaint.com\/de\/raas-reliability-as-a-service\/","url":"https:\/\/www.serafimaint.com\/de\/raas-reliability-as-a-service\/","name":"RaaS-Next | Reliability as a Service - Serafima","isPartOf":{"@id":"https:\/\/www.serafimaint.com\/de\/#website"},"primaryImageOfPage":{"@id":"https:\/\/www.serafimaint.com\/de\/raas-reliability-as-a-service\/#primaryimage"},"image":{"@id":"https:\/\/www.serafimaint.com\/de\/raas-reliability-as-a-service\/#primaryimage"},"thumbnailUrl":"https:\/\/www.serafimaint.com\/wp-content\/uploads\/2026\/03\/logo-23.2.png","datePublished":"2024-06-14T21:07:56+00:00","dateModified":"2026-03-03T16:11:28+00:00","description":"Serafima ist ein globaler Dienstleister und Maschinenhersteller, der sich auf rotierende Anlagen, einschlie\u00dflich Ventilatoren, Gebl\u00e4se und Kompressoren, spezialisiert hat.","breadcrumb":{"@id":"https:\/\/www.serafimaint.com\/de\/raas-reliability-as-a-service\/#breadcrumb"},"inLanguage":"de","potentialAction":[{"@type":"ReadAction","target":["https:\/\/www.serafimaint.com\/de\/raas-reliability-as-a-service\/"]}]},{"@type":"ImageObject","inLanguage":"de","@id":"https:\/\/www.serafimaint.com\/de\/raas-reliability-as-a-service\/#primaryimage","url":"https:\/\/www.serafimaint.com\/wp-content\/uploads\/2026\/03\/logo-23.2.png","contentUrl":"https:\/\/www.serafimaint.com\/wp-content\/uploads\/2026\/03\/logo-23.2.png","width":751,"height":480},{"@type":"BreadcrumbList","@id":"https:\/\/www.serafimaint.com\/de\/raas-reliability-as-a-service\/#breadcrumb","itemListElement":[{"@type":"ListItem","position":1,"name":"Home","item":"https:\/\/www.serafimaint.com\/de\/"},{"@type":"ListItem","position":2,"name":"RaaS-Next | Reliability as a Service"}]},{"@type":"WebSite","@id":"https:\/\/www.serafimaint.com\/de\/#website","url":"https:\/\/www.serafimaint.com\/de\/","name":"Serafima","description":"","publisher":{"@id":"https:\/\/www.serafimaint.com\/de\/#organization"},"potentialAction":[{"@type":"SearchAction","target":{"@type":"EntryPoint","urlTemplate":"https:\/\/www.serafimaint.com\/de\/?s={search_term_string}"},"query-input":{"@type":"PropertyValueSpecification","valueRequired":true,"valueName":"search_term_string"}}],"inLanguage":"de"},{"@type":"Organization","@id":"https:\/\/www.serafimaint.com\/de\/#organization","name":"Serafima","url":"https:\/\/www.serafimaint.com\/de\/","logo":{"@type":"ImageObject","inLanguage":"de","@id":"https:\/\/www.serafimaint.com\/de\/#\/schema\/logo\/image\/","url":"https:\/\/www.serafimaint.com\/wp-content\/uploads\/2024\/04\/logo300.png","contentUrl":"https:\/\/www.serafimaint.com\/wp-content\/uploads\/2024\/04\/logo300.png","width":300,"height":82,"caption":"Serafima"},"image":{"@id":"https:\/\/www.serafimaint.com\/de\/#\/schema\/logo\/image\/"},"sameAs":["https:\/\/www.facebook.com\/serafimaservice","https:\/\/www.xing.com\/pages\/serafimagmbh-co-kg","https:\/\/www.linkedin.com\/company\/53425691"]}]}},"jetpack_sharing_enabled":true,"_links":{"self":[{"href":"https:\/\/www.serafimaint.com\/de\/wp-json\/wp\/v2\/pages\/990572","targetHints":{"allow":["GET"]}}],"collection":[{"href":"https:\/\/www.serafimaint.com\/de\/wp-json\/wp\/v2\/pages"}],"about":[{"href":"https:\/\/www.serafimaint.com\/de\/wp-json\/wp\/v2\/types\/page"}],"author":[{"embeddable":true,"href":"https:\/\/www.serafimaint.com\/de\/wp-json\/wp\/v2\/users\/3"}],"replies":[{"embeddable":true,"href":"https:\/\/www.serafimaint.com\/de\/wp-json\/wp\/v2\/comments?post=990572"}],"version-history":[{"count":5,"href":"https:\/\/www.serafimaint.com\/de\/wp-json\/wp\/v2\/pages\/990572\/revisions"}],"predecessor-version":[{"id":992101,"href":"https:\/\/www.serafimaint.com\/de\/wp-json\/wp\/v2\/pages\/990572\/revisions\/992101"}],"wp:featuredmedia":[{"embeddable":true,"href":"https:\/\/www.serafimaint.com\/de\/wp-json\/wp\/v2\/media\/992092"}],"wp:attachment":[{"href":"https:\/\/www.serafimaint.com\/de\/wp-json\/wp\/v2\/media?parent=990572"}],"curies":[{"name":"wp","href":"https:\/\/api.w.org\/{rel}","templated":true}]}}