{"id":990573,"date":"2024-04-10T22:46:51","date_gmt":"2024-04-10T21:46:51","guid":{"rendered":"https:\/\/serafima2024.live-website.com\/ueber-uns\/"},"modified":"2026-02-02T20:54:22","modified_gmt":"2026-02-02T19:54:22","slug":"ueber-uns","status":"publish","type":"page","link":"https:\/\/www.serafimaint.com\/de\/ueber-uns\/","title":{"rendered":"\u00dcber uns"},"content":{"rendered":"<div class=\"vgblk-rw-wrapper limit-wrapper\">\n<h2>\n\tWer <strong>wir sind<\/strong>\n\t<\/h2>\n\t<p><strong>Ihr <\/strong><strong>weltweiter Partner f\u00fcr<\/strong> <strong>Ventilatoren, Gebl\u00e4se,<\/strong> <strong>Kompressoren und den einzigartigen TZT-Zentrifugentrockner<\/strong><\/p>\n<p>Bei Serafima steht eines im Mittelpunkt: ein umfassender, herstellerunabh\u00e4ngiger Service, der den gesamten Lebenszyklus Ihrer Anlage abdeckt &#8211; branchen\u00fcbergreifend und individuell auf Ihre Bed\u00fcrfnisse zugeschnitten. Mit \u00fcber 20 Jahren Erfahrung stellen wir uns t\u00e4glich die entscheidende Frage: Was unterscheidet einen guten Servicepartner von einem herausragenden? <br \/>Unsere Antwort ist klar: Service ist mehr als eine Aufgabe &#8211; es ist eine Haltung. Diese Haltung pr\u00e4gt unser t\u00e4gliches Handeln und ist tief in unserer Unternehmens-DNA verwurzelt. Denn f\u00fcr uns steht eines an erster Stelle: Ihr Erfolg und wir setzen alles daran, Ihre Erwartungen zu \u00fcbertreffen..<\/p>\n<h5>\n\tWAS UNSERE KUNDEN SAGEN\n\t<\/h5>\n\t<h2>Wir bedienen Unternehmen<br \/>\n<strong>jeder Gr\u00f6\u00dfe<\/strong><\/h2>\n<h2>\n\tUnser Mehrwert\n\t<\/h2>\n\t<h5><strong>Steigerung der Betriebseffizienz<\/strong>: Mit unserem fachkundigen Service stellen wir sicher, dass Ihre Ger\u00e4te stets auf h\u00f6chstem Effizienzniveau arbeiten. Gut gewartete Anlagen verbrauchen weniger Energie, senken Ihre Betriebskosten und nutzen Ressourcen optimal. <\/h5>\n<p>&nbsp;<\/p>\n\t<h5><strong>Minimierte Ausfallzeiten<\/strong>: Mit rechtzeitiger Wartung und schnellen Reparaturen sorgen wir daf\u00fcr, dass Ihre Ger\u00e4te zuverl\u00e4ssig im Einsatz bleiben. So bleiben Ihre Produktionspl\u00e4ne auf Kurs, und teure Betriebsunterbrechungen geh\u00f6ren der Vergangenheit an. <\/h5>\n<p>&nbsp;<\/p>\n\t<h5><strong>Steigerung der Ger\u00e4tezuverl\u00e4ssigkeit<\/strong>: Regelm\u00e4\u00dfige und professionelle Wartung durch unser Expertenteam erh\u00f6ht die Zuverl\u00e4ssigkeit Ihrer rotierenden Maschinen deutlich. Unerwartete Ausf\u00e4lle werden minimiert, w\u00e4hrend die Lebensdauer Ihrer Maschinen nachhaltig verl\u00e4ngert wird.<\/h5>\n\t<h5><strong>Professionelle Fehlerdiagnose und Reparatur<\/strong>: Als erfahrener Serviceanbieter verf\u00fcgen wir \u00fcber das n\u00f6tige Know-how, um Probleme pr\u00e4zise zu analysieren und effektiv zu beheben. Dadurch stellen wir sicher, dass St\u00f6rungen schnell identifiziert, nachhaltig gel\u00f6st und wiederkehrende Probleme vermieden werden &#8211; f\u00fcr eine optimale Systemleistung. <\/h5>\n\t<h5><strong>Flexibilit\u00e4t, die \u00fcberzeugt:<\/strong> Als erstklassiger Serviceanbieter f\u00fcr rotierende Ger\u00e4te bieten wir Ihnen individuell abgestimmte Servicepl\u00e4ne, skalierbare Unterst\u00fctzung und 24\/7-Verf\u00fcgbarkeit. Ob Vor-Ort- oder Fernunterst\u00fctzung &#8211; wir stehen Ihnen jederzeit zur Seite. Zudem passen wir unsere Wartungspl\u00e4ne und Dienstleistungen proaktiv an Ihre spezifischen Anforderungen sowie an technologische Entwicklungen an, um maximale Effizienz und Zukunftssicherheit zu gew\u00e4hrleisten. <\/h5>\n<p>&nbsp;<\/p>\n\t<h5><strong>Kosteneffizienz durch Pr\u00e4vention<\/strong>: Zwar erfordert regelm\u00e4\u00dfige Wartung anfangs Investitionen, doch die langfristigen Einsparungen sind umso gr\u00f6\u00dfer. Durch pr\u00e4ventive Wartung vermeiden Sie kostenintensive Reparaturen und Ersatzbeschaffungen, reduzieren den Energieverbrauch und verl\u00e4ngern die Lebensdauer Ihrer Ger\u00e4te &#8211; ein klarer Vorteil f\u00fcr Ihre Betriebskosten und Wirtschaftlichkeit. <\/h5>\n\n<\/div><!-- .vgblk-rw-wrapper -->","protected":false},"excerpt":{"rendered":"<p>Wer wir sind Ihr weltweiter Partner f\u00fcr Ventilatoren, Gebl\u00e4se, Kompressoren und den einzigartigen TZT-Zentrifugentrockner Bei Serafima steht eines im Mittelpunkt: ein umfassender, herstellerunabh\u00e4ngiger Service, der den gesamten Lebenszyklus Ihrer Anlage&#8230;<\/p>\n","protected":false},"author":1,"featured_media":990172,"parent":0,"menu_order":0,"comment_status":"closed","ping_status":"closed","template":"","meta":{"inline_featured_image":false,"footnotes":""},"class_list":["post-990573","page","type-page","status-publish","has-post-thumbnail","hentry"],"yoast_head":"<!-- This site is optimized with the Yoast SEO plugin v27.4 - https:\/\/yoast.com\/product\/yoast-seo-wordpress\/ -->\n<title>Hersteller und Anbieter von Ventilatoren, Gebl\u00e4sen und Kompressoren - \u00dcber uns<\/title>\n<meta name=\"description\" content=\"Serafima ist ein weltweit t\u00e4tiger Dienstleister und Maschinenhersteller, spezialisiert auf rotierende Anlagen wie Ventilatoren, Gebl\u00e4se und Kompressoren.\" \/>\n<meta name=\"robots\" content=\"index, follow, max-snippet:-1, max-image-preview:large, max-video-preview:-1\" \/>\n<link rel=\"canonical\" href=\"https:\/\/www.serafimaint.com\/de\/ueber-uns\/\" \/>\n<meta property=\"og:locale\" content=\"de_DE\" \/>\n<meta property=\"og:type\" content=\"article\" \/>\n<meta property=\"og:title\" content=\"Hersteller und Anbieter von Ventilatoren, Gebl\u00e4sen und Kompressoren - \u00dcber uns\" \/>\n<meta property=\"og:description\" content=\"Serafima ist ein weltweit t\u00e4tiger Dienstleister und Maschinenhersteller, spezialisiert auf rotierende Anlagen wie Ventilatoren, Gebl\u00e4se und Kompressoren.\" \/>\n<meta property=\"og:url\" content=\"https:\/\/www.serafimaint.com\/de\/ueber-uns\/\" \/>\n<meta property=\"og:site_name\" content=\"Serafima\" \/>\n<meta property=\"article:publisher\" content=\"https:\/\/www.facebook.com\/serafimaservice\" \/>\n<meta property=\"article:modified_time\" content=\"2026-02-02T19:54:22+00:00\" \/>\n<meta property=\"og:image\" content=\"https:\/\/www.serafimaint.com\/wp-content\/uploads\/2024\/04\/csm_field-service-01_fca9946df8_sm.jpg\" \/>\n\t<meta property=\"og:image:width\" content=\"700\" \/>\n\t<meta property=\"og:image:height\" content=\"521\" \/>\n\t<meta property=\"og:image:type\" content=\"image\/jpeg\" \/>\n<meta name=\"twitter:card\" content=\"summary_large_image\" \/>\n<meta name=\"twitter:label1\" content=\"Gesch\u00e4tzte Lesezeit\" \/>\n\t<meta name=\"twitter:data1\" content=\"2\u00a0Minuten\" \/>\n<script type=\"application\/ld+json\" class=\"yoast-schema-graph\">{\"@context\":\"https:\\\/\\\/schema.org\",\"@graph\":[{\"@type\":\"WebPage\",\"@id\":\"https:\\\/\\\/www.serafimaint.com\\\/de\\\/ueber-uns\\\/\",\"url\":\"https:\\\/\\\/www.serafimaint.com\\\/de\\\/ueber-uns\\\/\",\"name\":\"Hersteller und Anbieter von Ventilatoren, Gebl\u00e4sen und Kompressoren - \u00dcber uns\",\"isPartOf\":{\"@id\":\"https:\\\/\\\/www.serafimaint.com\\\/de\\\/#website\"},\"primaryImageOfPage\":{\"@id\":\"https:\\\/\\\/www.serafimaint.com\\\/de\\\/ueber-uns\\\/#primaryimage\"},\"image\":{\"@id\":\"https:\\\/\\\/www.serafimaint.com\\\/de\\\/ueber-uns\\\/#primaryimage\"},\"thumbnailUrl\":\"https:\\\/\\\/www.serafimaint.com\\\/wp-content\\\/uploads\\\/2024\\\/04\\\/csm_field-service-01_fca9946df8_sm.jpg\",\"datePublished\":\"2024-04-10T21:46:51+00:00\",\"dateModified\":\"2026-02-02T19:54:22+00:00\",\"description\":\"Serafima ist ein weltweit t\u00e4tiger Dienstleister und Maschinenhersteller, spezialisiert auf rotierende Anlagen wie Ventilatoren, Gebl\u00e4se und Kompressoren.\",\"breadcrumb\":{\"@id\":\"https:\\\/\\\/www.serafimaint.com\\\/de\\\/ueber-uns\\\/#breadcrumb\"},\"inLanguage\":\"de\",\"potentialAction\":[{\"@type\":\"ReadAction\",\"target\":[\"https:\\\/\\\/www.serafimaint.com\\\/de\\\/ueber-uns\\\/\"]}]},{\"@type\":\"ImageObject\",\"inLanguage\":\"de\",\"@id\":\"https:\\\/\\\/www.serafimaint.com\\\/de\\\/ueber-uns\\\/#primaryimage\",\"url\":\"https:\\\/\\\/www.serafimaint.com\\\/wp-content\\\/uploads\\\/2024\\\/04\\\/csm_field-service-01_fca9946df8_sm.jpg\",\"contentUrl\":\"https:\\\/\\\/www.serafimaint.com\\\/wp-content\\\/uploads\\\/2024\\\/04\\\/csm_field-service-01_fca9946df8_sm.jpg\",\"width\":700,\"height\":521,\"caption\":\"Screenshot\"},{\"@type\":\"BreadcrumbList\",\"@id\":\"https:\\\/\\\/www.serafimaint.com\\\/de\\\/ueber-uns\\\/#breadcrumb\",\"itemListElement\":[{\"@type\":\"ListItem\",\"position\":1,\"name\":\"Home\",\"item\":\"https:\\\/\\\/www.serafimaint.com\\\/de\\\/\"},{\"@type\":\"ListItem\",\"position\":2,\"name\":\"\u00dcber uns\"}]},{\"@type\":\"WebSite\",\"@id\":\"https:\\\/\\\/www.serafimaint.com\\\/de\\\/#website\",\"url\":\"https:\\\/\\\/www.serafimaint.com\\\/de\\\/\",\"name\":\"Serafima\",\"description\":\"\",\"publisher\":{\"@id\":\"https:\\\/\\\/www.serafimaint.com\\\/de\\\/#organization\"},\"potentialAction\":[{\"@type\":\"SearchAction\",\"target\":{\"@type\":\"EntryPoint\",\"urlTemplate\":\"https:\\\/\\\/www.serafimaint.com\\\/de\\\/?s={search_term_string}\"},\"query-input\":{\"@type\":\"PropertyValueSpecification\",\"valueRequired\":true,\"valueName\":\"search_term_string\"}}],\"inLanguage\":\"de\"},{\"@type\":\"Organization\",\"@id\":\"https:\\\/\\\/www.serafimaint.com\\\/de\\\/#organization\",\"name\":\"Serafima\",\"url\":\"https:\\\/\\\/www.serafimaint.com\\\/de\\\/\",\"logo\":{\"@type\":\"ImageObject\",\"inLanguage\":\"de\",\"@id\":\"https:\\\/\\\/www.serafimaint.com\\\/de\\\/#\\\/schema\\\/logo\\\/image\\\/\",\"url\":\"https:\\\/\\\/www.serafimaint.com\\\/wp-content\\\/uploads\\\/2024\\\/04\\\/logo300.png\",\"contentUrl\":\"https:\\\/\\\/www.serafimaint.com\\\/wp-content\\\/uploads\\\/2024\\\/04\\\/logo300.png\",\"width\":300,\"height\":82,\"caption\":\"Serafima\"},\"image\":{\"@id\":\"https:\\\/\\\/www.serafimaint.com\\\/de\\\/#\\\/schema\\\/logo\\\/image\\\/\"},\"sameAs\":[\"https:\\\/\\\/www.facebook.com\\\/serafimaservice\",\"https:\\\/\\\/www.xing.com\\\/pages\\\/serafimagmbh-co-kg\",\"https:\\\/\\\/www.linkedin.com\\\/company\\\/53425691\"]}]}<\/script>\n<!-- \/ Yoast SEO plugin. -->","yoast_head_json":{"title":"Hersteller und Anbieter von Ventilatoren, Gebl\u00e4sen und Kompressoren - \u00dcber uns","description":"Serafima ist ein weltweit t\u00e4tiger Dienstleister und Maschinenhersteller, spezialisiert auf rotierende Anlagen wie Ventilatoren, Gebl\u00e4se und Kompressoren.","robots":{"index":"index","follow":"follow","max-snippet":"max-snippet:-1","max-image-preview":"max-image-preview:large","max-video-preview":"max-video-preview:-1"},"canonical":"https:\/\/www.serafimaint.com\/de\/ueber-uns\/","og_locale":"de_DE","og_type":"article","og_title":"Hersteller und Anbieter von Ventilatoren, Gebl\u00e4sen und Kompressoren - \u00dcber uns","og_description":"Serafima ist ein weltweit t\u00e4tiger Dienstleister und Maschinenhersteller, spezialisiert auf rotierende Anlagen wie Ventilatoren, Gebl\u00e4se und Kompressoren.","og_url":"https:\/\/www.serafimaint.com\/de\/ueber-uns\/","og_site_name":"Serafima","article_publisher":"https:\/\/www.facebook.com\/serafimaservice","article_modified_time":"2026-02-02T19:54:22+00:00","og_image":[{"width":700,"height":521,"url":"https:\/\/www.serafimaint.com\/wp-content\/uploads\/2024\/04\/csm_field-service-01_fca9946df8_sm.jpg","type":"image\/jpeg"}],"twitter_card":"summary_large_image","twitter_misc":{"Gesch\u00e4tzte Lesezeit":"2\u00a0Minuten"},"schema":{"@context":"https:\/\/schema.org","@graph":[{"@type":"WebPage","@id":"https:\/\/www.serafimaint.com\/de\/ueber-uns\/","url":"https:\/\/www.serafimaint.com\/de\/ueber-uns\/","name":"Hersteller und Anbieter von Ventilatoren, Gebl\u00e4sen und Kompressoren - \u00dcber uns","isPartOf":{"@id":"https:\/\/www.serafimaint.com\/de\/#website"},"primaryImageOfPage":{"@id":"https:\/\/www.serafimaint.com\/de\/ueber-uns\/#primaryimage"},"image":{"@id":"https:\/\/www.serafimaint.com\/de\/ueber-uns\/#primaryimage"},"thumbnailUrl":"https:\/\/www.serafimaint.com\/wp-content\/uploads\/2024\/04\/csm_field-service-01_fca9946df8_sm.jpg","datePublished":"2024-04-10T21:46:51+00:00","dateModified":"2026-02-02T19:54:22+00:00","description":"Serafima ist ein weltweit t\u00e4tiger Dienstleister und Maschinenhersteller, spezialisiert auf rotierende Anlagen wie Ventilatoren, Gebl\u00e4se und Kompressoren.","breadcrumb":{"@id":"https:\/\/www.serafimaint.com\/de\/ueber-uns\/#breadcrumb"},"inLanguage":"de","potentialAction":[{"@type":"ReadAction","target":["https:\/\/www.serafimaint.com\/de\/ueber-uns\/"]}]},{"@type":"ImageObject","inLanguage":"de","@id":"https:\/\/www.serafimaint.com\/de\/ueber-uns\/#primaryimage","url":"https:\/\/www.serafimaint.com\/wp-content\/uploads\/2024\/04\/csm_field-service-01_fca9946df8_sm.jpg","contentUrl":"https:\/\/www.serafimaint.com\/wp-content\/uploads\/2024\/04\/csm_field-service-01_fca9946df8_sm.jpg","width":700,"height":521,"caption":"Screenshot"},{"@type":"BreadcrumbList","@id":"https:\/\/www.serafimaint.com\/de\/ueber-uns\/#breadcrumb","itemListElement":[{"@type":"ListItem","position":1,"name":"Home","item":"https:\/\/www.serafimaint.com\/de\/"},{"@type":"ListItem","position":2,"name":"\u00dcber uns"}]},{"@type":"WebSite","@id":"https:\/\/www.serafimaint.com\/de\/#website","url":"https:\/\/www.serafimaint.com\/de\/","name":"Serafima","description":"","publisher":{"@id":"https:\/\/www.serafimaint.com\/de\/#organization"},"potentialAction":[{"@type":"SearchAction","target":{"@type":"EntryPoint","urlTemplate":"https:\/\/www.serafimaint.com\/de\/?s={search_term_string}"},"query-input":{"@type":"PropertyValueSpecification","valueRequired":true,"valueName":"search_term_string"}}],"inLanguage":"de"},{"@type":"Organization","@id":"https:\/\/www.serafimaint.com\/de\/#organization","name":"Serafima","url":"https:\/\/www.serafimaint.com\/de\/","logo":{"@type":"ImageObject","inLanguage":"de","@id":"https:\/\/www.serafimaint.com\/de\/#\/schema\/logo\/image\/","url":"https:\/\/www.serafimaint.com\/wp-content\/uploads\/2024\/04\/logo300.png","contentUrl":"https:\/\/www.serafimaint.com\/wp-content\/uploads\/2024\/04\/logo300.png","width":300,"height":82,"caption":"Serafima"},"image":{"@id":"https:\/\/www.serafimaint.com\/de\/#\/schema\/logo\/image\/"},"sameAs":["https:\/\/www.facebook.com\/serafimaservice","https:\/\/www.xing.com\/pages\/serafimagmbh-co-kg","https:\/\/www.linkedin.com\/company\/53425691"]}]}},"jetpack_sharing_enabled":true,"_links":{"self":[{"href":"https:\/\/www.serafimaint.com\/de\/wp-json\/wp\/v2\/pages\/990573","targetHints":{"allow":["GET"]}}],"collection":[{"href":"https:\/\/www.serafimaint.com\/de\/wp-json\/wp\/v2\/pages"}],"about":[{"href":"https:\/\/www.serafimaint.com\/de\/wp-json\/wp\/v2\/types\/page"}],"author":[{"embeddable":true,"href":"https:\/\/www.serafimaint.com\/de\/wp-json\/wp\/v2\/users\/1"}],"replies":[{"embeddable":true,"href":"https:\/\/www.serafimaint.com\/de\/wp-json\/wp\/v2\/comments?post=990573"}],"version-history":[{"count":1,"href":"https:\/\/www.serafimaint.com\/de\/wp-json\/wp\/v2\/pages\/990573\/revisions"}],"predecessor-version":[{"id":992054,"href":"https:\/\/www.serafimaint.com\/de\/wp-json\/wp\/v2\/pages\/990573\/revisions\/992054"}],"wp:featuredmedia":[{"embeddable":true,"href":"https:\/\/www.serafimaint.com\/de\/wp-json\/wp\/v2\/media\/990172"}],"wp:attachment":[{"href":"https:\/\/www.serafimaint.com\/de\/wp-json\/wp\/v2\/media?parent=990573"}],"curies":[{"name":"wp","href":"https:\/\/api.w.org\/{rel}","templated":true}]}}