{"id":990574,"date":"2017-07-31T12:47:23","date_gmt":"2017-07-31T11:47:23","guid":{"rendered":"https:\/\/serafima2024.live-website.com\/karriere\/"},"modified":"2025-10-23T19:20:24","modified_gmt":"2025-10-23T18:20:24","slug":"karriere","status":"publish","type":"page","link":"https:\/\/www.serafimaint.com\/de\/karriere\/","title":{"rendered":"Karriere"},"content":{"rendered":"<div class=\"vgblk-rw-wrapper limit-wrapper\">\n<h2>\n\t<strong>Gestalten Sie die <\/strong> <strong>Zukunft mit uns <\/strong>\n\t<\/h2>\n\t<p><strong>Werden Sie Teil der SERAFIMA-Erfolgsgeschichte!<\/strong><\/p>\n<p>Bei SERAFIMA bieten wir Ihnen vielf\u00e4ltige M\u00f6glichkeiten, um Ihre Zukunft erfolgreich zu gestalten.<\/p>\n<p>Ganz gleich, ob Sie am Anfang Ihrer Karriere stehen oder bereits jahrelange wertvolle Erfahrungen und Fachkenntnisse mitbringen, wir haben einen Platz f\u00fcr Sie. Wenn Sie ehrgeizig sind, gerne Verantwortung \u00fcbernehmen und Spa\u00df an einer dynamischen, abwechslungsreichen Arbeit haben, dann sind Sie bei SERAFIMA genau richtig. Bringen Sie Ihre Leidenschaft und Ihr Engagement ein und wachsen Sie mit uns!  <\/p>\n\t\t\t\t\t\t\t<img loading=\"lazy\" decoding=\"async\" width=\"2560\" height=\"1707\" src=\"https:\/\/serafima2024.live-website.com\/wp-content\/uploads\/2024\/05\/pexels-fauxels-3184418-scaled.jpg\" alt=\"pexels-fauxels-3184418\" itemprop=\"image\" title=\"pexels-fauxels-3184418\" onerror=\"this.style.display='none'\"  sizes=\"auto, (max-width: 768px) 100vw, 100vw\" srcset=\"https:\/\/www.serafimaint.com\/wp-content\/uploads\/2024\/05\/pexels-fauxels-3184418-scaled.jpg 2560w, https:\/\/www.serafimaint.com\/wp-content\/uploads\/2024\/05\/pexels-fauxels-3184418-300x200.jpg 300w, https:\/\/www.serafimaint.com\/wp-content\/uploads\/2024\/05\/pexels-fauxels-3184418-1024x683.jpg 1024w, https:\/\/www.serafimaint.com\/wp-content\/uploads\/2024\/05\/pexels-fauxels-3184418-768x512.jpg 768w, https:\/\/www.serafimaint.com\/wp-content\/uploads\/2024\/05\/pexels-fauxels-3184418-1536x1024.jpg 1536w, https:\/\/www.serafimaint.com\/wp-content\/uploads\/2024\/05\/pexels-fauxels-3184418-2048x1365.jpg 2048w, https:\/\/www.serafimaint.com\/wp-content\/uploads\/2024\/05\/pexels-fauxels-3184418-1260x840.jpg 1260w, https:\/\/www.serafimaint.com\/wp-content\/uploads\/2024\/05\/pexels-fauxels-3184418-630x420.jpg 630w, https:\/\/www.serafimaint.com\/wp-content\/uploads\/2024\/05\/pexels-fauxels-3184418-420x280.jpg 420w, https:\/\/www.serafimaint.com\/wp-content\/uploads\/2024\/05\/pexels-fauxels-3184418-840x560.jpg 840w, https:\/\/www.serafimaint.com\/wp-content\/uploads\/2024\/05\/pexels-fauxels-3184418-315x210.jpg 315w\" \/>\t\t\t\t\t\t\t\n\t\t\t\t\t\t\t<img loading=\"lazy\" decoding=\"async\" src=\"https:\/\/www.serafimaint.com\/wp-content\/uploads\/2025\/01\/DJI_0362-630x354.jpg\" alt=\"default\" itemprop=\"image\" height=\"354\" width=\"630\" title=\"default\" onerror=\"this.style.display='none'\"  sizes=\"auto, \" srcset=\"https:\/\/www.serafimaint.com\/wp-content\/uploads\/2025\/01\/DJI_0362-630x354.jpg 630w, https:\/\/www.serafimaint.com\/wp-content\/uploads\/2025\/01\/DJI_0362-300x169.jpg 300w, https:\/\/www.serafimaint.com\/wp-content\/uploads\/2025\/01\/DJI_0362-1024x576.jpg 1024w, https:\/\/www.serafimaint.com\/wp-content\/uploads\/2025\/01\/DJI_0362-768x432.jpg 768w, https:\/\/www.serafimaint.com\/wp-content\/uploads\/2025\/01\/DJI_0362-1536x864.jpg 1536w, https:\/\/www.serafimaint.com\/wp-content\/uploads\/2025\/01\/DJI_0362-2048x1152.jpg 2048w, https:\/\/www.serafimaint.com\/wp-content\/uploads\/2025\/01\/DJI_0362-1260x709.jpg 1260w, https:\/\/www.serafimaint.com\/wp-content\/uploads\/2025\/01\/DJI_0362-420x236.jpg 420w, https:\/\/www.serafimaint.com\/wp-content\/uploads\/2025\/01\/DJI_0362-840x473.jpg 840w, https:\/\/www.serafimaint.com\/wp-content\/uploads\/2025\/01\/DJI_0362-315x177.jpg 315w\" \/>\t\t\t\t\t\t\t\n<h2>\n\t<strong>Arbeiten bei Serafima:<\/strong><br \/>Was Sie erwarten k\u00f6nnen\n\t<\/h2>\n\t<ul>\n<li><strong>Attraktive Verg\u00fctung:<\/strong> Arbeitsvertr\u00e4ge, die sich an branchenspezifische Gehaltsskalen orientieren, erg\u00e4nzt durch verm\u00f6genswirksame oder andere Leistungen.<\/li>\n<li><strong>Flexibilit\u00e4t<\/strong>: Individuelle Arbeitszeitmodelle, die eine gesunde Work-Life-Balance f\u00f6rdern.<\/li>\n<li><strong>Autonomie &amp; Vielfalt:<\/strong> \u00dcbernehmen Sie abwechslungsreiche und spannende Aufgaben, die eigenverantwortliches Arbeiten f\u00f6rdern und Raum f\u00fcr Ihre pers\u00f6nliche Weiterentwicklung bieten.<\/li>\n<li><strong>Flache Hierarchien:<\/strong> Schnelle Entscheidungswege und eine offene, teamorientierte Unternehmenskultur.<\/li>\n<li><strong>Teamgeist:<\/strong> Ein engagiertes und motiviertes Team, das gemeinsam an einem Strang zieht, um gemeinsame Ziele zu erreichen.<\/li>\n<li><strong>Positive Arbeitsumgebung:<\/strong> Eine wertsch\u00e4tzende Unternehmenskultur, die von Respekt, Vertrauen und offener Kommunikation gepr\u00e4gt ist.<\/li>\n<li><strong>Direkter Zugang zur F\u00fchrungsebene:<\/strong> Dank unserer offenen T\u00fcr-Politik stehen Ihnen die Unternehmensinhaber und die Gesch\u00e4ftsf\u00fchrung jederzeit f\u00fcr den direkten Austausch zur Verf\u00fcgung.<\/li>\n<li><strong>Innovation &amp; Wachstum:<\/strong> Ihre kreativen Ideen sind bei uns willkommen &#8211; gemeinsam entwickeln wir innovative L\u00f6sungen und wachsen als Team kontinuierlich weiter.<\/li>\n<li><strong>Ideale Lage:<\/strong> Unser Hauptsitz in der idyllischen Hohenloher Region vereint eine malerische Umgebung mit einer hohen Lebensqualit\u00e4t.<\/li>\n<\/ul>\n\t\t\t\t\t\t\t<img loading=\"lazy\" decoding=\"async\" src=\"https:\/\/www.serafimaint.com\/wp-content\/uploads\/2024\/11\/csm_Stephan_Jakob_c1e3fe0ec3.jpg\" alt=\"14.04.2021\" itemprop=\"image\" height=\"384\" width=\"576\" title=\"csm_Stephan_Jakob_c1e3fe0ec3\" onerror=\"this.style.display='none'\"  sizes=\"auto, (max-width: 768px) 100vw, 100vw\" srcset=\"https:\/\/www.serafimaint.com\/wp-content\/uploads\/2024\/11\/csm_Stephan_Jakob_c1e3fe0ec3.jpg 576w, https:\/\/www.serafimaint.com\/wp-content\/uploads\/2024\/11\/csm_Stephan_Jakob_c1e3fe0ec3-300x200.jpg 300w, https:\/\/www.serafimaint.com\/wp-content\/uploads\/2024\/11\/csm_Stephan_Jakob_c1e3fe0ec3-420x280.jpg 420w, https:\/\/www.serafimaint.com\/wp-content\/uploads\/2024\/11\/csm_Stephan_Jakob_c1e3fe0ec3-315x210.jpg 315w\" \/>\t\t\t\t\t\t\t\n\t<h3>&#8222;Es sind gro\u00dfartige Menschen, die Unternehmen gro\u00df machen.&#8220;<\/h3>\n\t<strong>Stephan Jakob<\/strong><br \/>\nGesch\u00e4ftsf\u00fchrer\n\t<h4>Bei Serafima wissen wir, dass unser Erfolg von unseren Mitarbeitern getragen wird.<\/h4>\n\n<h4>Gestalten Sie Ihre und unsere Zukunft &#8211; werden Sie Teil des Serafima-Teams.<\/h4>\n\t<p>Unser familienfreundliches und flexibles Arbeitszeitmodell hilft Ihnen, Beruf und Privatleben optimal miteinander zu vereinen.<\/p>\n\t<p>Bei uns f\u00fchlen Sie sich schnell zuhause &#8211; in einem Team, das Sie willkommen hei\u00dft, und in einer Arbeitsumgebung, die Sie zu sch\u00e4tzen wissen werden. Unsere Unternehmenskultur legt Wert darauf, die St\u00e4rken jedes Einzelnen zu erkennen und zu f\u00f6rdern, damit Sie sich in Ihrer Rolle nicht nur wohl, sondern auch erf\u00fcllt f\u00fchlen. <\/p>\n<h5>\n\tKARRIERE\n\t<\/h5>\n<h2>\n\tEntdecken Sie unsere <b>offenen Stellenangebote<\/b> <br \/>und bewerben Sie sich jetzt!\n\t<\/h2>\n\t\t<h3>Au\u00dfendienstmitarbeiter &#8218;m\/w\/d&#8216; &#8211; Service f\u00fcr rotierende Maschinen<\/h3>\n\t<a href=\"https:\/\/www.serafimaint.com\/de\/verfuegbare-stelle-konstruktionsingenieur-m-w-d-copy\/\" target=\"_blank\" role=\"button\">\n\t\t\t\t\tJetzt mehr lesen\n\t<\/a>\n\n\t\t<h3>Servicetechniker im Au\u00dfendienst- Turbomaschinen &#8222;m\/w\/d&#8220;<\/h3>\n\t<a href=\"https:\/\/www.serafimaint.com\/de\/verfuegbare-stelle-kundendiensttechniker-m-w-d\/\" target=\"_blank\" role=\"button\">\n\t\t\t\t\tJetzt mehr lesen\n\t<\/a>\n\n\t\t<h3>Konstrukteur &#8222;m\/w\/d&#8220;<\/h3>\n\t<a href=\"https:\/\/www.serafimaint.com\/de\/verfuegbare-stelle-konstruktionsingenieur-m-w-d\/\" target=\"_blank\" role=\"button\">\n\t\t\t\t\tJetzt mehr lesen\n\t<\/a>\n\n\t\t<h3>Konstruktionsmechaniker \/ Schwei\u00dfer &#8222;m\/w\/d&#8220;<\/h3>\n\t<a href=\"https:\/\/www.serafimaint.com\/de\/verfuegbare-stelle-konstruktionsmechaniker-schweisser-m-w-d\/\" target=\"_blank\" role=\"button\">\n\t\t\t\t\tJetzt mehr lesen\n\t<\/a>\n\n\t\t<h3>Verkaufsinnendienst &#8222;m\/w\/d&#8220;<\/h3>\n\t<a href=\"https:\/\/www.serafimaint.com\/available-position_internal-sales\/\" target=\"_blank\" role=\"button\">\n\t\t\t\t\tJetzt mehr lesen\n\t<\/a>\n\n\t\t<h3>Spezialist Digitalisierung &#8222;m\/w\/d&#8220;<\/h3>\n\t<a href=\"https:\/\/www.serafimaint.com\/de\/verfuegbare-stelle-experte-fuer-zustandsueberwachung-und-digitale-loesungen-m-w-d-2\/\" target=\"_blank\" role=\"button\">\n\t\t\t\t\tJetzt mehr lesen\n\t<\/a>\n\n\t<h2>Rufen Sie uns an<br \/>\n<strong>oder f\u00fcllen Sie das Formular aus<\/strong><\/h2>\n<h4>\n\t+49 (0) 7971 9270-0\n\t<\/h4>\n\t<p>Wir freuen uns auf Ihre Kontaktaufnahme!<\/p>\n<h4>\n\tArbeitszeit\n\t<\/h4>\n\t<p>Montag &#8211; Freitag: 9:00 &#8211; 19:00 \/ Am Wochenende geschlossen<\/p>\n<h4>\n\tFirmensitz\n\t<\/h4>\n\tIn der Eschenau 7,<br \/>\n74405 Gaildorf\n\tHinweis: F\u00fcr diesen Inhalt ist JavaScript erforderlich.\n        <!-- That data is being printed as a workaround to page builders reordering the order of the scripts loaded-->\n        \n<\/div><!-- .vgblk-rw-wrapper -->","protected":false},"excerpt":{"rendered":"<p>Gestalten Sie die Zukunft mit uns Werden Sie Teil der SERAFIMA-Erfolgsgeschichte! Bei SERAFIMA bieten wir Ihnen vielf\u00e4ltige M\u00f6glichkeiten, um Ihre Zukunft erfolgreich zu gestalten. Ganz gleich, ob Sie am Anfang&#8230;<\/p>\n","protected":false},"author":1,"featured_media":0,"parent":0,"menu_order":0,"comment_status":"closed","ping_status":"closed","template":"","meta":{"inline_featured_image":false,"footnotes":""},"class_list":["post-990574","page","type-page","status-publish","hentry"],"yoast_head":"<!-- This site is optimized with the Yoast SEO plugin v27.3 - https:\/\/yoast.com\/product\/yoast-seo-wordpress\/ -->\n<title>Karriere - Serafima<\/title>\n<meta name=\"description\" content=\"Serafima ist ein globaler Dienstleister und Maschinenhersteller, der sich auf rotierende Anlagen, einschlie\u00dflich Ventilatoren, Gebl\u00e4se und Kompressoren, spezialisiert hat.\" \/>\n<meta name=\"robots\" content=\"index, follow, max-snippet:-1, max-image-preview:large, max-video-preview:-1\" \/>\n<link rel=\"canonical\" href=\"https:\/\/www.serafimaint.com\/de\/karriere\/\" \/>\n<meta property=\"og:locale\" content=\"de_DE\" \/>\n<meta property=\"og:type\" content=\"article\" \/>\n<meta property=\"og:title\" content=\"Karriere - Serafima\" \/>\n<meta property=\"og:description\" content=\"Serafima ist ein globaler Dienstleister und Maschinenhersteller, der sich auf rotierende Anlagen, einschlie\u00dflich Ventilatoren, Gebl\u00e4se und Kompressoren, spezialisiert hat.\" \/>\n<meta property=\"og:url\" content=\"https:\/\/www.serafimaint.com\/de\/karriere\/\" \/>\n<meta property=\"og:site_name\" content=\"Serafima\" \/>\n<meta property=\"article:publisher\" content=\"https:\/\/www.facebook.com\/serafimaservice\" \/>\n<meta property=\"article:modified_time\" content=\"2025-10-23T18:20:24+00:00\" \/>\n<meta property=\"og:image\" content=\"https:\/\/serafima2024.live-website.com\/wp-content\/uploads\/2024\/05\/pexels-fauxels-3184418-scaled.jpg\" \/>\n<meta name=\"twitter:card\" content=\"summary_large_image\" \/>\n<meta name=\"twitter:label1\" content=\"Gesch\u00e4tzte Lesezeit\" \/>\n\t<meta name=\"twitter:data1\" content=\"2\u00a0Minuten\" \/>\n<script type=\"application\/ld+json\" class=\"yoast-schema-graph\">{\"@context\":\"https:\\\/\\\/schema.org\",\"@graph\":[{\"@type\":\"WebPage\",\"@id\":\"https:\\\/\\\/www.serafimaint.com\\\/de\\\/karriere\\\/\",\"url\":\"https:\\\/\\\/www.serafimaint.com\\\/de\\\/karriere\\\/\",\"name\":\"Karriere - Serafima\",\"isPartOf\":{\"@id\":\"https:\\\/\\\/www.serafimaint.com\\\/de\\\/#website\"},\"primaryImageOfPage\":{\"@id\":\"https:\\\/\\\/www.serafimaint.com\\\/de\\\/karriere\\\/#primaryimage\"},\"image\":{\"@id\":\"https:\\\/\\\/www.serafimaint.com\\\/de\\\/karriere\\\/#primaryimage\"},\"thumbnailUrl\":\"https:\\\/\\\/serafima2024.live-website.com\\\/wp-content\\\/uploads\\\/2024\\\/05\\\/pexels-fauxels-3184418-scaled.jpg\",\"datePublished\":\"2017-07-31T11:47:23+00:00\",\"dateModified\":\"2025-10-23T18:20:24+00:00\",\"description\":\"Serafima ist ein globaler Dienstleister und Maschinenhersteller, der sich auf rotierende Anlagen, einschlie\u00dflich Ventilatoren, Gebl\u00e4se und Kompressoren, spezialisiert hat.\",\"breadcrumb\":{\"@id\":\"https:\\\/\\\/www.serafimaint.com\\\/de\\\/karriere\\\/#breadcrumb\"},\"inLanguage\":\"de\",\"potentialAction\":[{\"@type\":\"ReadAction\",\"target\":[\"https:\\\/\\\/www.serafimaint.com\\\/de\\\/karriere\\\/\"]}]},{\"@type\":\"ImageObject\",\"inLanguage\":\"de\",\"@id\":\"https:\\\/\\\/www.serafimaint.com\\\/de\\\/karriere\\\/#primaryimage\",\"url\":\"https:\\\/\\\/serafima2024.live-website.com\\\/wp-content\\\/uploads\\\/2024\\\/05\\\/pexels-fauxels-3184418-scaled.jpg\",\"contentUrl\":\"https:\\\/\\\/serafima2024.live-website.com\\\/wp-content\\\/uploads\\\/2024\\\/05\\\/pexels-fauxels-3184418-scaled.jpg\"},{\"@type\":\"BreadcrumbList\",\"@id\":\"https:\\\/\\\/www.serafimaint.com\\\/de\\\/karriere\\\/#breadcrumb\",\"itemListElement\":[{\"@type\":\"ListItem\",\"position\":1,\"name\":\"Home\",\"item\":\"https:\\\/\\\/www.serafimaint.com\\\/de\\\/\"},{\"@type\":\"ListItem\",\"position\":2,\"name\":\"Karriere\"}]},{\"@type\":\"WebSite\",\"@id\":\"https:\\\/\\\/www.serafimaint.com\\\/de\\\/#website\",\"url\":\"https:\\\/\\\/www.serafimaint.com\\\/de\\\/\",\"name\":\"Serafima\",\"description\":\"\",\"publisher\":{\"@id\":\"https:\\\/\\\/www.serafimaint.com\\\/de\\\/#organization\"},\"potentialAction\":[{\"@type\":\"SearchAction\",\"target\":{\"@type\":\"EntryPoint\",\"urlTemplate\":\"https:\\\/\\\/www.serafimaint.com\\\/de\\\/?s={search_term_string}\"},\"query-input\":{\"@type\":\"PropertyValueSpecification\",\"valueRequired\":true,\"valueName\":\"search_term_string\"}}],\"inLanguage\":\"de\"},{\"@type\":\"Organization\",\"@id\":\"https:\\\/\\\/www.serafimaint.com\\\/de\\\/#organization\",\"name\":\"Serafima\",\"url\":\"https:\\\/\\\/www.serafimaint.com\\\/de\\\/\",\"logo\":{\"@type\":\"ImageObject\",\"inLanguage\":\"de\",\"@id\":\"https:\\\/\\\/www.serafimaint.com\\\/de\\\/#\\\/schema\\\/logo\\\/image\\\/\",\"url\":\"https:\\\/\\\/www.serafimaint.com\\\/wp-content\\\/uploads\\\/2024\\\/04\\\/logo300.png\",\"contentUrl\":\"https:\\\/\\\/www.serafimaint.com\\\/wp-content\\\/uploads\\\/2024\\\/04\\\/logo300.png\",\"width\":300,\"height\":82,\"caption\":\"Serafima\"},\"image\":{\"@id\":\"https:\\\/\\\/www.serafimaint.com\\\/de\\\/#\\\/schema\\\/logo\\\/image\\\/\"},\"sameAs\":[\"https:\\\/\\\/www.facebook.com\\\/serafimaservice\",\"https:\\\/\\\/www.xing.com\\\/pages\\\/serafimagmbh-co-kg\",\"https:\\\/\\\/www.linkedin.com\\\/company\\\/53425691\"]}]}<\/script>\n<!-- \/ Yoast SEO plugin. -->","yoast_head_json":{"title":"Karriere - Serafima","description":"Serafima ist ein globaler Dienstleister und Maschinenhersteller, der sich auf rotierende Anlagen, einschlie\u00dflich Ventilatoren, Gebl\u00e4se und Kompressoren, spezialisiert hat.","robots":{"index":"index","follow":"follow","max-snippet":"max-snippet:-1","max-image-preview":"max-image-preview:large","max-video-preview":"max-video-preview:-1"},"canonical":"https:\/\/www.serafimaint.com\/de\/karriere\/","og_locale":"de_DE","og_type":"article","og_title":"Karriere - Serafima","og_description":"Serafima ist ein globaler Dienstleister und Maschinenhersteller, der sich auf rotierende Anlagen, einschlie\u00dflich Ventilatoren, Gebl\u00e4se und Kompressoren, spezialisiert hat.","og_url":"https:\/\/www.serafimaint.com\/de\/karriere\/","og_site_name":"Serafima","article_publisher":"https:\/\/www.facebook.com\/serafimaservice","article_modified_time":"2025-10-23T18:20:24+00:00","og_image":[{"url":"https:\/\/serafima2024.live-website.com\/wp-content\/uploads\/2024\/05\/pexels-fauxels-3184418-scaled.jpg","type":"","width":"","height":""}],"twitter_card":"summary_large_image","twitter_misc":{"Gesch\u00e4tzte Lesezeit":"2\u00a0Minuten"},"schema":{"@context":"https:\/\/schema.org","@graph":[{"@type":"WebPage","@id":"https:\/\/www.serafimaint.com\/de\/karriere\/","url":"https:\/\/www.serafimaint.com\/de\/karriere\/","name":"Karriere - Serafima","isPartOf":{"@id":"https:\/\/www.serafimaint.com\/de\/#website"},"primaryImageOfPage":{"@id":"https:\/\/www.serafimaint.com\/de\/karriere\/#primaryimage"},"image":{"@id":"https:\/\/www.serafimaint.com\/de\/karriere\/#primaryimage"},"thumbnailUrl":"https:\/\/serafima2024.live-website.com\/wp-content\/uploads\/2024\/05\/pexels-fauxels-3184418-scaled.jpg","datePublished":"2017-07-31T11:47:23+00:00","dateModified":"2025-10-23T18:20:24+00:00","description":"Serafima ist ein globaler Dienstleister und Maschinenhersteller, der sich auf rotierende Anlagen, einschlie\u00dflich Ventilatoren, Gebl\u00e4se und Kompressoren, spezialisiert hat.","breadcrumb":{"@id":"https:\/\/www.serafimaint.com\/de\/karriere\/#breadcrumb"},"inLanguage":"de","potentialAction":[{"@type":"ReadAction","target":["https:\/\/www.serafimaint.com\/de\/karriere\/"]}]},{"@type":"ImageObject","inLanguage":"de","@id":"https:\/\/www.serafimaint.com\/de\/karriere\/#primaryimage","url":"https:\/\/serafima2024.live-website.com\/wp-content\/uploads\/2024\/05\/pexels-fauxels-3184418-scaled.jpg","contentUrl":"https:\/\/serafima2024.live-website.com\/wp-content\/uploads\/2024\/05\/pexels-fauxels-3184418-scaled.jpg"},{"@type":"BreadcrumbList","@id":"https:\/\/www.serafimaint.com\/de\/karriere\/#breadcrumb","itemListElement":[{"@type":"ListItem","position":1,"name":"Home","item":"https:\/\/www.serafimaint.com\/de\/"},{"@type":"ListItem","position":2,"name":"Karriere"}]},{"@type":"WebSite","@id":"https:\/\/www.serafimaint.com\/de\/#website","url":"https:\/\/www.serafimaint.com\/de\/","name":"Serafima","description":"","publisher":{"@id":"https:\/\/www.serafimaint.com\/de\/#organization"},"potentialAction":[{"@type":"SearchAction","target":{"@type":"EntryPoint","urlTemplate":"https:\/\/www.serafimaint.com\/de\/?s={search_term_string}"},"query-input":{"@type":"PropertyValueSpecification","valueRequired":true,"valueName":"search_term_string"}}],"inLanguage":"de"},{"@type":"Organization","@id":"https:\/\/www.serafimaint.com\/de\/#organization","name":"Serafima","url":"https:\/\/www.serafimaint.com\/de\/","logo":{"@type":"ImageObject","inLanguage":"de","@id":"https:\/\/www.serafimaint.com\/de\/#\/schema\/logo\/image\/","url":"https:\/\/www.serafimaint.com\/wp-content\/uploads\/2024\/04\/logo300.png","contentUrl":"https:\/\/www.serafimaint.com\/wp-content\/uploads\/2024\/04\/logo300.png","width":300,"height":82,"caption":"Serafima"},"image":{"@id":"https:\/\/www.serafimaint.com\/de\/#\/schema\/logo\/image\/"},"sameAs":["https:\/\/www.facebook.com\/serafimaservice","https:\/\/www.xing.com\/pages\/serafimagmbh-co-kg","https:\/\/www.linkedin.com\/company\/53425691"]}]}},"jetpack_sharing_enabled":true,"_links":{"self":[{"href":"https:\/\/www.serafimaint.com\/de\/wp-json\/wp\/v2\/pages\/990574","targetHints":{"allow":["GET"]}}],"collection":[{"href":"https:\/\/www.serafimaint.com\/de\/wp-json\/wp\/v2\/pages"}],"about":[{"href":"https:\/\/www.serafimaint.com\/de\/wp-json\/wp\/v2\/types\/page"}],"author":[{"embeddable":true,"href":"https:\/\/www.serafimaint.com\/de\/wp-json\/wp\/v2\/users\/1"}],"replies":[{"embeddable":true,"href":"https:\/\/www.serafimaint.com\/de\/wp-json\/wp\/v2\/comments?post=990574"}],"version-history":[{"count":7,"href":"https:\/\/www.serafimaint.com\/de\/wp-json\/wp\/v2\/pages\/990574\/revisions"}],"predecessor-version":[{"id":991900,"href":"https:\/\/www.serafimaint.com\/de\/wp-json\/wp\/v2\/pages\/990574\/revisions\/991900"}],"wp:attachment":[{"href":"https:\/\/www.serafimaint.com\/de\/wp-json\/wp\/v2\/media?parent=990574"}],"curies":[{"name":"wp","href":"https:\/\/api.w.org\/{rel}","templated":true}]}}