{"id":990579,"date":"2017-05-10T20:16:34","date_gmt":"2017-05-10T19:16:34","guid":{"rendered":"https:\/\/serafima2024.live-website.com\/ersatz-und-neumaschinen\/"},"modified":"2025-02-10T15:28:11","modified_gmt":"2025-02-10T14:28:11","slug":"ersatz-und-neumaschinen","status":"publish","type":"page","link":"https:\/\/www.serafimaint.com\/de\/ersatz-und-neumaschinen\/","title":{"rendered":"Ersatz- und Neumaschinen"},"content":{"rendered":"<div class=\"vgblk-rw-wrapper limit-wrapper\">\n<h2>\n\tHochwertige Ersatz-<br \/><strong>und Neumaschinen zu einem hervorragenden Preis-Leistungs-Verh\u00e4ltnis.<\/strong>\n\t<\/h2>\n\t<p><strong>Ob f\u00fcr bestehende Anlagen oder Neuprojekte &#8211; Serafima bietet ma\u00dfgeschneiderte L\u00f6sungen, die perfekt auf Ihre Anforderungen abgestimmt sind.<\/strong> Wenn eine Reparatur keine praktikable Option mehr ist, Systemausf\u00e4lle kostspielig werden oder sich die Betriebsbedingungen \u00e4ndern, kann eine <strong>Ersatzmaschine<\/strong> oft die bessere und wirtschaftlichere Wahl sein. Dies gilt insbesondere, wenn sich Parameter wie Medium, Betriebsdruck oder Temperatur ver\u00e4ndern oder die Einhaltung von ATEX Sicherheitsanforderungen (einschlie\u00dflich Zone 0) erforderlich wird.<\/p>\n<p>Mit <strong>Serafima<\/strong> haben Sie einen <strong>kompetenten und erfahrenen Partner<\/strong> an Ihrer Seite. Unser Expertenteam analysiert Ihre Anforderungen, pr\u00fcft die verf\u00fcgbaren Optionen und findet die optimale L\u00f6sung f\u00fcr Ihren Betrieb.<\/p>\n\ud83d\udd39 <strong>Individuelle Beratung &amp; Bedarfsanalyse<\/strong><br \/>\n\ud83d\udd39 <strong>Maschinenauslegung f\u00fcr Neuanlagen &amp; Neuprojekte<\/strong><br \/>\n\ud83d\udd39 <strong>Unterst\u00fctzung bei Greenfield- &amp; Brownfield-Projekten<\/strong><br \/>\n\ud83d\udd39 <strong>Kapazit\u00e4tserweiterungen bestehender Maschinen<\/strong>\n<p>Wir sorgen daf\u00fcr, dass Sie die <strong>beste, ma\u00dfgeschneiderte Alternative<\/strong> f\u00fcr Ihre Produktionsanforderungen erhalten &#8211; effizient, sicher und wirtschaftlich.<\/p>\n\t\t\t\t\t\t\t<img loading=\"lazy\" decoding=\"async\" src=\"https:\/\/serafima2024.live-website.com\/wp-content\/uploads\/2024\/12\/DJI_0114-scaled-e1734887747781.jpg\" alt=\"Zone 0 fan\" itemprop=\"image\" height=\"1440\" width=\"1740\" title=\"Zone 0 fan\" onerror=\"this.style.display='none'\"  sizes=\"auto, (max-width: 768px) 100vw, 100vw\" srcset=\"https:\/\/serafima2024.live-website.com\/wp-content\/uploads\/2024\/12\/DJI_0114-scaled-e1734887747781.jpg 1740w, https:\/\/serafima2024.live-website.com\/wp-content\/uploads\/2024\/12\/DJI_0114-scaled-e1734887747781-300x248.jpg 300w, https:\/\/serafima2024.live-website.com\/wp-content\/uploads\/2024\/12\/DJI_0114-scaled-e1734887747781-1024x847.jpg 1024w, https:\/\/serafima2024.live-website.com\/wp-content\/uploads\/2024\/12\/DJI_0114-scaled-e1734887747781-768x636.jpg 768w, https:\/\/serafima2024.live-website.com\/wp-content\/uploads\/2024\/12\/DJI_0114-scaled-e1734887747781-1536x1271.jpg 1536w, https:\/\/serafima2024.live-website.com\/wp-content\/uploads\/2024\/12\/DJI_0114-scaled-e1734887747781-1260x1043.jpg 1260w, https:\/\/serafima2024.live-website.com\/wp-content\/uploads\/2024\/12\/DJI_0114-scaled-e1734887747781-630x521.jpg 630w, https:\/\/serafima2024.live-website.com\/wp-content\/uploads\/2024\/12\/DJI_0114-scaled-e1734887747781-420x348.jpg 420w, https:\/\/serafima2024.live-website.com\/wp-content\/uploads\/2024\/12\/DJI_0114-scaled-e1734887747781-840x695.jpg 840w, https:\/\/serafima2024.live-website.com\/wp-content\/uploads\/2024\/12\/DJI_0114-scaled-e1734887747781-315x261.jpg 315w\" \/>\t\t\t\t\t\t\t\n\t\t\t\t\t\t\t<img decoding=\"async\" src=\"https:\/\/serafima2024.live-website.com\/wp-content\/plugins\/beaver-builder-lite-version\/img\/pixel.png\" alt=\"\" itemprop=\"image\" onerror=\"this.style.display='none'\"  \/>\n\t\t\t\t\t\t\t<img loading=\"lazy\" decoding=\"async\" src=\"https:\/\/serafima2024.live-website.com\/wp-content\/uploads\/2024\/10\/Ventilator-RBG-375x484.png\" alt=\"Ventilator-RBG\" itemprop=\"image\" height=\"484\" width=\"375\" title=\"Ventilator-RBG\" onerror=\"this.style.display='none'\"  sizes=\"auto, (max-width: 768px) 100vw, 100vw\"\/>\t\t\t\t\t\t\t\n\t\t\t\t\t\t\t<img loading=\"lazy\" decoding=\"async\" src=\"https:\/\/serafima2024.live-website.com\/wp-content\/uploads\/2024\/10\/Ventilatorgehaeuse-Orion-315x490.jpg\" alt=\"Ventilatorgeh\u00e4use-Orion\" itemprop=\"image\" height=\"490\" width=\"315\" title=\"Ventilatorgeh\u00e4use-Orion\" onerror=\"this.style.display='none'\"  sizes=\"auto, (max-width: 768px) 100vw, 100vw\" srcset=\"https:\/\/serafima2024.live-website.com\/wp-content\/uploads\/2024\/10\/Ventilatorgehaeuse-Orion-315x490.jpg 315w, https:\/\/serafima2024.live-website.com\/wp-content\/uploads\/2024\/10\/Ventilatorgehaeuse-Orion-193x300.jpg 193w, https:\/\/serafima2024.live-website.com\/wp-content\/uploads\/2024\/10\/Ventilatorgehaeuse-Orion-658x1024.jpg 658w, https:\/\/serafima2024.live-website.com\/wp-content\/uploads\/2024\/10\/Ventilatorgehaeuse-Orion-768x1195.jpg 768w, https:\/\/serafima2024.live-website.com\/wp-content\/uploads\/2024\/10\/Ventilatorgehaeuse-Orion-987x1536.jpg 987w, https:\/\/serafima2024.live-website.com\/wp-content\/uploads\/2024\/10\/Ventilatorgehaeuse-Orion-1317x2048.jpg 1317w, https:\/\/serafima2024.live-website.com\/wp-content\/uploads\/2024\/10\/Ventilatorgehaeuse-Orion-1260x1960.jpg 1260w, https:\/\/serafima2024.live-website.com\/wp-content\/uploads\/2024\/10\/Ventilatorgehaeuse-Orion-630x980.jpg 630w, https:\/\/serafima2024.live-website.com\/wp-content\/uploads\/2024\/10\/Ventilatorgehaeuse-Orion-420x653.jpg 420w, https:\/\/serafima2024.live-website.com\/wp-content\/uploads\/2024\/10\/Ventilatorgehaeuse-Orion-840x1307.jpg 840w, https:\/\/serafima2024.live-website.com\/wp-content\/uploads\/2024\/10\/Ventilatorgehaeuse-Orion-scaled.jpg 1646w\" \/>\t\t\t\t\t\t\t\n\t\t\t\t\t\t\t<img loading=\"lazy\" decoding=\"async\" src=\"https:\/\/serafima2024.live-website.com\/wp-content\/uploads\/2024\/10\/Ventilator_Montage-scaled.jpg\" alt=\"Ventilator_Montage\" itemprop=\"image\" height=\"2560\" width=\"2020\" title=\"Ventilator_Montage\" onerror=\"this.style.display='none'\"  sizes=\"auto, (max-width: 768px) 100vw, 100vw\" srcset=\"https:\/\/serafima2024.live-website.com\/wp-content\/uploads\/2024\/10\/Ventilator_Montage-scaled.jpg 2020w, https:\/\/serafima2024.live-website.com\/wp-content\/uploads\/2024\/10\/Ventilator_Montage-237x300.jpg 237w, https:\/\/serafima2024.live-website.com\/wp-content\/uploads\/2024\/10\/Ventilator_Montage-808x1024.jpg 808w, https:\/\/serafima2024.live-website.com\/wp-content\/uploads\/2024\/10\/Ventilator_Montage-768x974.jpg 768w, https:\/\/serafima2024.live-website.com\/wp-content\/uploads\/2024\/10\/Ventilator_Montage-1212x1536.jpg 1212w, https:\/\/serafima2024.live-website.com\/wp-content\/uploads\/2024\/10\/Ventilator_Montage-1616x2048.jpg 1616w, https:\/\/serafima2024.live-website.com\/wp-content\/uploads\/2024\/10\/Ventilator_Montage-1260x1597.jpg 1260w, https:\/\/serafima2024.live-website.com\/wp-content\/uploads\/2024\/10\/Ventilator_Montage-630x799.jpg 630w, https:\/\/serafima2024.live-website.com\/wp-content\/uploads\/2024\/10\/Ventilator_Montage-420x532.jpg 420w, https:\/\/serafima2024.live-website.com\/wp-content\/uploads\/2024\/10\/Ventilator_Montage-840x1065.jpg 840w, https:\/\/serafima2024.live-website.com\/wp-content\/uploads\/2024\/10\/Ventilator_Montage-315x399.jpg 315w\" \/>\t\t\t\t\t\t\t\n<h3>\n\tQualit\u00e4tsfertigung und professionelle Installation\n\t<\/h3>\n\t\t\t\t\t\t\t<img loading=\"lazy\" decoding=\"async\" src=\"https:\/\/serafima2024.live-website.com\/wp-content\/uploads\/2024\/10\/removebg-Turbocompressor-420x323.png\" alt=\"removebg-Turbocompressor\" itemprop=\"image\" height=\"323\" width=\"420\" title=\"removebg-Turbocompressor\" onerror=\"this.style.display='none'\"  sizes=\"auto, (max-width: 768px) 100vw, 100vw\" srcset=\"https:\/\/serafima2024.live-website.com\/wp-content\/uploads\/2024\/10\/removebg-Turbocompressor-420x323.png 420w, https:\/\/serafima2024.live-website.com\/wp-content\/uploads\/2024\/10\/removebg-Turbocompressor-315x242.png 315w\" \/>\t\t\t\t\t\t\t\n\t<p>Dank unseres <strong>breit aufgestellten Partnernetzwerks<\/strong> garantieren wir <strong>erstklassige Fertigung, kurze Lieferzeiten<\/strong> und einen <strong>fachgerechten Montage- und Inbetriebnahmeservice<\/strong>. Doch unser Service geht \u00fcber die reine Lieferung hinaus:<\/p>\n<strong>Komplette Installations- und Inbetriebnahmeservices<\/strong> &#8211; f\u00fcr eine nahtlose Integration in Ihre Betriebsabl\u00e4ufe.<br \/>\n<strong>Unterst\u00fctzung bei Neuanlagen &amp; Systemerweiterungen<\/strong> &#8211; egal, ob es um eine neu installierte Maschine oder den Ausbau bestehender Systeme geht.<br \/>\n<strong>Erfahrene Techniker<\/strong> &#8211; begleiten Sie in jeder Phase, von der Montage bis zur finalen Inbetriebnahme.\n<p>Mit <strong>Serafima<\/strong> setzen Sie auf <strong>eine zuverl\u00e4ssige, ganzheitliche L\u00f6sung<\/strong> &#8211; von der Fertigung bis zur erfolgreichen Inbetriebnahme.<\/p>\n<h3>\n\tKomplettl\u00f6sungen, einschlie\u00dflich<br \/>Maschinenentfernung\n\t<\/h3>\n\t<p>Planen Sie ein <strong>Greenfield- oder Brownfield-Projekt<\/strong> und suchen nach der optimalen L\u00f6sung f\u00fcr Ihre rotierenden Ger\u00e4te? Wir helfen Ihnen, <strong>Ihr System effizient und kosteng\u00fcnstig<\/strong> zu optimieren.<\/p>\n<p>\ud83d\udc49 <strong>Jetzt <a href=\"https:\/\/serafima2024.live-website.com\/inquiry-fans-blowers-compressors-manufacturer\/\">Anfrage-Formular<\/a> ausf\u00fcllen<\/strong> &#8211; schnell, unkompliziert und in nur wenigen Minuten erledigt!<\/p>\n<p>Profitieren Sie von unserer Expertise und entdecken Sie die besten Optionen f\u00fcr Ihren Betrieb. <strong>Wir finden die passende L\u00f6sung f\u00fcr Ihre individuellen Anforderungen!<\/strong><\/p>\n\t\t\t\t\t\t\t<img loading=\"lazy\" decoding=\"async\" src=\"https:\/\/serafima2024.live-website.com\/wp-content\/uploads\/2024\/10\/Ventilator_Steinmueller_Testlauf1-420x746.jpg\" alt=\"Ventilator_Steinmueller_Testlauf1\" itemprop=\"image\" height=\"746\" width=\"420\" title=\"Ventilator_Steinmueller_Testlauf1\" onerror=\"this.style.display='none'\"  sizes=\"auto, (max-width: 768px) 100vw, 100vw\" srcset=\"https:\/\/serafima2024.live-website.com\/wp-content\/uploads\/2024\/10\/Ventilator_Steinmueller_Testlauf1-420x746.jpg 420w, https:\/\/serafima2024.live-website.com\/wp-content\/uploads\/2024\/10\/Ventilator_Steinmueller_Testlauf1-169x300.jpg 169w, https:\/\/serafima2024.live-website.com\/wp-content\/uploads\/2024\/10\/Ventilator_Steinmueller_Testlauf1-577x1024.jpg 577w, https:\/\/serafima2024.live-website.com\/wp-content\/uploads\/2024\/10\/Ventilator_Steinmueller_Testlauf1-768x1364.jpg 768w, https:\/\/serafima2024.live-website.com\/wp-content\/uploads\/2024\/10\/Ventilator_Steinmueller_Testlauf1-865x1536.jpg 865w, https:\/\/serafima2024.live-website.com\/wp-content\/uploads\/2024\/10\/Ventilator_Steinmueller_Testlauf1-1153x2048.jpg 1153w, https:\/\/serafima2024.live-website.com\/wp-content\/uploads\/2024\/10\/Ventilator_Steinmueller_Testlauf1-1260x2238.jpg 1260w, https:\/\/serafima2024.live-website.com\/wp-content\/uploads\/2024\/10\/Ventilator_Steinmueller_Testlauf1-630x1119.jpg 630w, https:\/\/serafima2024.live-website.com\/wp-content\/uploads\/2024\/10\/Ventilator_Steinmueller_Testlauf1-840x1492.jpg 840w, https:\/\/serafima2024.live-website.com\/wp-content\/uploads\/2024\/10\/Ventilator_Steinmueller_Testlauf1-315x560.jpg 315w, https:\/\/serafima2024.live-website.com\/wp-content\/uploads\/2024\/10\/Ventilator_Steinmueller_Testlauf1-scaled.jpg 1441w\" \/>\t\t\t\t\t\t\t\n\t<p>Der Austausch einer Maschine ist mehr als nur die Installation &#8211; deshalb bieten wir ein <strong>komplettes Servicepaket<\/strong> von der sicheren Entfernung und Entsorgung bis zur professionellen Inbetriebnahme. Zus\u00e4tzlich \u00fcbernehmen wir die <strong>Beschaffung von Komponenten &amp; Zubeh\u00f6r<\/strong> und optimieren alle Schnittstellen, damit der Prozess f\u00fcr Sie einfach, effizient und kosteng\u00fcnstig bleibt.<\/p>\n\t\t\t\t\t\t\t<img loading=\"lazy\" decoding=\"async\" src=\"https:\/\/serafima2024.live-website.com\/wp-content\/uploads\/2024\/10\/contact-form-150x150.png\" alt=\"contact-form\" itemprop=\"image\" height=\"150\" width=\"150\" title=\"contact-form\" onerror=\"this.style.display='none'\"  sizes=\"auto, \" srcset=\"https:\/\/serafima2024.live-website.com\/wp-content\/uploads\/2024\/10\/contact-form-150x150.png 150w, https:\/\/serafima2024.live-website.com\/wp-content\/uploads\/2024\/10\/contact-form-300x300.png 300w, https:\/\/serafima2024.live-website.com\/wp-content\/uploads\/2024\/10\/contact-form-420x420.png 420w, https:\/\/serafima2024.live-website.com\/wp-content\/uploads\/2024\/10\/contact-form-315x315.png 315w, https:\/\/serafima2024.live-website.com\/wp-content\/uploads\/2024\/10\/contact-form-100x100.png 100w, https:\/\/serafima2024.live-website.com\/wp-content\/uploads\/2024\/10\/contact-form.png 512w\" \/>\t\t\t\t\t\t\t\n<h4>\n\t\tAnfrageformular Ventilator \/ Verdichter\n\t<\/h4>\n\t<p>Formular ausf\u00fcllen &#8211; Angebot erhalten!<\/p>\n\t\t\t<a href=\"https:\/\/serafima2024.live-website.com\/inquiry-fans-blowers-compressors-manufacturer\/\" target=\"_blank\" rel=\"noopener\">\n\t\t\t\t\t\t\tAnfrage-Formular \n\t\t\t\t\t<\/a>\n\n<\/div><!-- .vgblk-rw-wrapper -->","protected":false},"excerpt":{"rendered":"<p>Hochwertige Ersatz-und Neumaschinen zu einem hervorragenden Preis-Leistungs-Verh\u00e4ltnis. Ob f\u00fcr bestehende Anlagen oder Neuprojekte &#8211; Serafima bietet ma\u00dfgeschneiderte L\u00f6sungen, die perfekt auf Ihre Anforderungen abgestimmt sind. Wenn eine Reparatur keine praktikable&#8230;<\/p>\n","protected":false},"author":1,"featured_media":0,"parent":0,"menu_order":0,"comment_status":"closed","ping_status":"closed","template":"","meta":{"inline_featured_image":false,"footnotes":""},"class_list":["post-990579","page","type-page","status-publish","hentry"],"yoast_head":"<!-- This site is optimized with the Yoast SEO plugin v27.4 - https:\/\/yoast.com\/product\/yoast-seo-wordpress\/ -->\n<title>Ersatz- und Neumaschinen - Serafima<\/title>\n<meta name=\"description\" content=\"Serafima ist ein globaler Dienstleister und Maschinenhersteller, der sich auf rotierende Anlagen, einschlie\u00dflich Ventilatoren, Gebl\u00e4se und Kompressoren, spezialisiert hat.\" \/>\n<meta name=\"robots\" content=\"index, follow, max-snippet:-1, max-image-preview:large, max-video-preview:-1\" \/>\n<link rel=\"canonical\" href=\"https:\/\/www.serafimaint.com\/de\/ersatz-und-neumaschinen\/\" \/>\n<meta property=\"og:locale\" content=\"de_DE\" \/>\n<meta property=\"og:type\" content=\"article\" \/>\n<meta property=\"og:title\" content=\"Ersatz- und Neumaschinen - Serafima\" \/>\n<meta property=\"og:description\" content=\"Serafima ist ein globaler Dienstleister und Maschinenhersteller, der sich auf rotierende Anlagen, einschlie\u00dflich Ventilatoren, Gebl\u00e4se und Kompressoren, spezialisiert hat.\" \/>\n<meta property=\"og:url\" content=\"https:\/\/www.serafimaint.com\/de\/ersatz-und-neumaschinen\/\" \/>\n<meta property=\"og:site_name\" content=\"Serafima\" \/>\n<meta property=\"article:publisher\" content=\"https:\/\/www.facebook.com\/serafimaservice\" \/>\n<meta property=\"article:modified_time\" content=\"2025-02-10T14:28:11+00:00\" \/>\n<meta property=\"og:image\" content=\"https:\/\/serafima2024.live-website.com\/wp-content\/uploads\/2024\/12\/DJI_0114-scaled-e1734887747781.jpg\" \/>\n<meta name=\"twitter:card\" content=\"summary_large_image\" \/>\n<meta name=\"twitter:label1\" content=\"Gesch\u00e4tzte Lesezeit\" \/>\n\t<meta name=\"twitter:data1\" content=\"2\u00a0Minuten\" \/>\n<script type=\"application\/ld+json\" class=\"yoast-schema-graph\">{\"@context\":\"https:\\\/\\\/schema.org\",\"@graph\":[{\"@type\":\"WebPage\",\"@id\":\"https:\\\/\\\/www.serafimaint.com\\\/de\\\/ersatz-und-neumaschinen\\\/\",\"url\":\"https:\\\/\\\/www.serafimaint.com\\\/de\\\/ersatz-und-neumaschinen\\\/\",\"name\":\"Ersatz- und Neumaschinen - Serafima\",\"isPartOf\":{\"@id\":\"https:\\\/\\\/www.serafimaint.com\\\/de\\\/#website\"},\"primaryImageOfPage\":{\"@id\":\"https:\\\/\\\/www.serafimaint.com\\\/de\\\/ersatz-und-neumaschinen\\\/#primaryimage\"},\"image\":{\"@id\":\"https:\\\/\\\/www.serafimaint.com\\\/de\\\/ersatz-und-neumaschinen\\\/#primaryimage\"},\"thumbnailUrl\":\"https:\\\/\\\/serafima2024.live-website.com\\\/wp-content\\\/uploads\\\/2024\\\/12\\\/DJI_0114-scaled-e1734887747781.jpg\",\"datePublished\":\"2017-05-10T19:16:34+00:00\",\"dateModified\":\"2025-02-10T14:28:11+00:00\",\"description\":\"Serafima ist ein globaler Dienstleister und Maschinenhersteller, der sich auf rotierende Anlagen, einschlie\u00dflich Ventilatoren, Gebl\u00e4se und Kompressoren, spezialisiert hat.\",\"breadcrumb\":{\"@id\":\"https:\\\/\\\/www.serafimaint.com\\\/de\\\/ersatz-und-neumaschinen\\\/#breadcrumb\"},\"inLanguage\":\"de\",\"potentialAction\":[{\"@type\":\"ReadAction\",\"target\":[\"https:\\\/\\\/www.serafimaint.com\\\/de\\\/ersatz-und-neumaschinen\\\/\"]}]},{\"@type\":\"ImageObject\",\"inLanguage\":\"de\",\"@id\":\"https:\\\/\\\/www.serafimaint.com\\\/de\\\/ersatz-und-neumaschinen\\\/#primaryimage\",\"url\":\"https:\\\/\\\/serafima2024.live-website.com\\\/wp-content\\\/uploads\\\/2024\\\/12\\\/DJI_0114-scaled-e1734887747781.jpg\",\"contentUrl\":\"https:\\\/\\\/serafima2024.live-website.com\\\/wp-content\\\/uploads\\\/2024\\\/12\\\/DJI_0114-scaled-e1734887747781.jpg\"},{\"@type\":\"BreadcrumbList\",\"@id\":\"https:\\\/\\\/www.serafimaint.com\\\/de\\\/ersatz-und-neumaschinen\\\/#breadcrumb\",\"itemListElement\":[{\"@type\":\"ListItem\",\"position\":1,\"name\":\"Home\",\"item\":\"https:\\\/\\\/www.serafimaint.com\\\/de\\\/\"},{\"@type\":\"ListItem\",\"position\":2,\"name\":\"Ersatz- und Neumaschinen\"}]},{\"@type\":\"WebSite\",\"@id\":\"https:\\\/\\\/www.serafimaint.com\\\/de\\\/#website\",\"url\":\"https:\\\/\\\/www.serafimaint.com\\\/de\\\/\",\"name\":\"Serafima\",\"description\":\"\",\"publisher\":{\"@id\":\"https:\\\/\\\/www.serafimaint.com\\\/de\\\/#organization\"},\"potentialAction\":[{\"@type\":\"SearchAction\",\"target\":{\"@type\":\"EntryPoint\",\"urlTemplate\":\"https:\\\/\\\/www.serafimaint.com\\\/de\\\/?s={search_term_string}\"},\"query-input\":{\"@type\":\"PropertyValueSpecification\",\"valueRequired\":true,\"valueName\":\"search_term_string\"}}],\"inLanguage\":\"de\"},{\"@type\":\"Organization\",\"@id\":\"https:\\\/\\\/www.serafimaint.com\\\/de\\\/#organization\",\"name\":\"Serafima\",\"url\":\"https:\\\/\\\/www.serafimaint.com\\\/de\\\/\",\"logo\":{\"@type\":\"ImageObject\",\"inLanguage\":\"de\",\"@id\":\"https:\\\/\\\/www.serafimaint.com\\\/de\\\/#\\\/schema\\\/logo\\\/image\\\/\",\"url\":\"https:\\\/\\\/www.serafimaint.com\\\/wp-content\\\/uploads\\\/2024\\\/04\\\/logo300.png\",\"contentUrl\":\"https:\\\/\\\/www.serafimaint.com\\\/wp-content\\\/uploads\\\/2024\\\/04\\\/logo300.png\",\"width\":300,\"height\":82,\"caption\":\"Serafima\"},\"image\":{\"@id\":\"https:\\\/\\\/www.serafimaint.com\\\/de\\\/#\\\/schema\\\/logo\\\/image\\\/\"},\"sameAs\":[\"https:\\\/\\\/www.facebook.com\\\/serafimaservice\",\"https:\\\/\\\/www.xing.com\\\/pages\\\/serafimagmbh-co-kg\",\"https:\\\/\\\/www.linkedin.com\\\/company\\\/53425691\"]}]}<\/script>\n<!-- \/ Yoast SEO plugin. -->","yoast_head_json":{"title":"Ersatz- und Neumaschinen - Serafima","description":"Serafima ist ein globaler Dienstleister und Maschinenhersteller, der sich auf rotierende Anlagen, einschlie\u00dflich Ventilatoren, Gebl\u00e4se und Kompressoren, spezialisiert hat.","robots":{"index":"index","follow":"follow","max-snippet":"max-snippet:-1","max-image-preview":"max-image-preview:large","max-video-preview":"max-video-preview:-1"},"canonical":"https:\/\/www.serafimaint.com\/de\/ersatz-und-neumaschinen\/","og_locale":"de_DE","og_type":"article","og_title":"Ersatz- und Neumaschinen - Serafima","og_description":"Serafima ist ein globaler Dienstleister und Maschinenhersteller, der sich auf rotierende Anlagen, einschlie\u00dflich Ventilatoren, Gebl\u00e4se und Kompressoren, spezialisiert hat.","og_url":"https:\/\/www.serafimaint.com\/de\/ersatz-und-neumaschinen\/","og_site_name":"Serafima","article_publisher":"https:\/\/www.facebook.com\/serafimaservice","article_modified_time":"2025-02-10T14:28:11+00:00","og_image":[{"url":"https:\/\/serafima2024.live-website.com\/wp-content\/uploads\/2024\/12\/DJI_0114-scaled-e1734887747781.jpg","type":"","width":"","height":""}],"twitter_card":"summary_large_image","twitter_misc":{"Gesch\u00e4tzte Lesezeit":"2\u00a0Minuten"},"schema":{"@context":"https:\/\/schema.org","@graph":[{"@type":"WebPage","@id":"https:\/\/www.serafimaint.com\/de\/ersatz-und-neumaschinen\/","url":"https:\/\/www.serafimaint.com\/de\/ersatz-und-neumaschinen\/","name":"Ersatz- und Neumaschinen - Serafima","isPartOf":{"@id":"https:\/\/www.serafimaint.com\/de\/#website"},"primaryImageOfPage":{"@id":"https:\/\/www.serafimaint.com\/de\/ersatz-und-neumaschinen\/#primaryimage"},"image":{"@id":"https:\/\/www.serafimaint.com\/de\/ersatz-und-neumaschinen\/#primaryimage"},"thumbnailUrl":"https:\/\/serafima2024.live-website.com\/wp-content\/uploads\/2024\/12\/DJI_0114-scaled-e1734887747781.jpg","datePublished":"2017-05-10T19:16:34+00:00","dateModified":"2025-02-10T14:28:11+00:00","description":"Serafima ist ein globaler Dienstleister und Maschinenhersteller, der sich auf rotierende Anlagen, einschlie\u00dflich Ventilatoren, Gebl\u00e4se und Kompressoren, spezialisiert hat.","breadcrumb":{"@id":"https:\/\/www.serafimaint.com\/de\/ersatz-und-neumaschinen\/#breadcrumb"},"inLanguage":"de","potentialAction":[{"@type":"ReadAction","target":["https:\/\/www.serafimaint.com\/de\/ersatz-und-neumaschinen\/"]}]},{"@type":"ImageObject","inLanguage":"de","@id":"https:\/\/www.serafimaint.com\/de\/ersatz-und-neumaschinen\/#primaryimage","url":"https:\/\/serafima2024.live-website.com\/wp-content\/uploads\/2024\/12\/DJI_0114-scaled-e1734887747781.jpg","contentUrl":"https:\/\/serafima2024.live-website.com\/wp-content\/uploads\/2024\/12\/DJI_0114-scaled-e1734887747781.jpg"},{"@type":"BreadcrumbList","@id":"https:\/\/www.serafimaint.com\/de\/ersatz-und-neumaschinen\/#breadcrumb","itemListElement":[{"@type":"ListItem","position":1,"name":"Home","item":"https:\/\/www.serafimaint.com\/de\/"},{"@type":"ListItem","position":2,"name":"Ersatz- und Neumaschinen"}]},{"@type":"WebSite","@id":"https:\/\/www.serafimaint.com\/de\/#website","url":"https:\/\/www.serafimaint.com\/de\/","name":"Serafima","description":"","publisher":{"@id":"https:\/\/www.serafimaint.com\/de\/#organization"},"potentialAction":[{"@type":"SearchAction","target":{"@type":"EntryPoint","urlTemplate":"https:\/\/www.serafimaint.com\/de\/?s={search_term_string}"},"query-input":{"@type":"PropertyValueSpecification","valueRequired":true,"valueName":"search_term_string"}}],"inLanguage":"de"},{"@type":"Organization","@id":"https:\/\/www.serafimaint.com\/de\/#organization","name":"Serafima","url":"https:\/\/www.serafimaint.com\/de\/","logo":{"@type":"ImageObject","inLanguage":"de","@id":"https:\/\/www.serafimaint.com\/de\/#\/schema\/logo\/image\/","url":"https:\/\/www.serafimaint.com\/wp-content\/uploads\/2024\/04\/logo300.png","contentUrl":"https:\/\/www.serafimaint.com\/wp-content\/uploads\/2024\/04\/logo300.png","width":300,"height":82,"caption":"Serafima"},"image":{"@id":"https:\/\/www.serafimaint.com\/de\/#\/schema\/logo\/image\/"},"sameAs":["https:\/\/www.facebook.com\/serafimaservice","https:\/\/www.xing.com\/pages\/serafimagmbh-co-kg","https:\/\/www.linkedin.com\/company\/53425691"]}]}},"jetpack_sharing_enabled":true,"_links":{"self":[{"href":"https:\/\/www.serafimaint.com\/de\/wp-json\/wp\/v2\/pages\/990579","targetHints":{"allow":["GET"]}}],"collection":[{"href":"https:\/\/www.serafimaint.com\/de\/wp-json\/wp\/v2\/pages"}],"about":[{"href":"https:\/\/www.serafimaint.com\/de\/wp-json\/wp\/v2\/types\/page"}],"author":[{"embeddable":true,"href":"https:\/\/www.serafimaint.com\/de\/wp-json\/wp\/v2\/users\/1"}],"replies":[{"embeddable":true,"href":"https:\/\/www.serafimaint.com\/de\/wp-json\/wp\/v2\/comments?post=990579"}],"version-history":[{"count":0,"href":"https:\/\/www.serafimaint.com\/de\/wp-json\/wp\/v2\/pages\/990579\/revisions"}],"wp:attachment":[{"href":"https:\/\/www.serafimaint.com\/de\/wp-json\/wp\/v2\/media?parent=990579"}],"curies":[{"name":"wp","href":"https:\/\/api.w.org\/{rel}","templated":true}]}}