{"id":990582,"date":"2017-05-08T17:41:42","date_gmt":"2017-05-08T16:41:42","guid":{"rendered":"https:\/\/serafima2024.live-website.com\/ersatzteile\/"},"modified":"2025-02-10T15:29:26","modified_gmt":"2025-02-10T14:29:26","slug":"ersatzteile","status":"publish","type":"page","link":"https:\/\/www.serafimaint.com\/de\/ersatzteile\/","title":{"rendered":"Ersatzteile"},"content":{"rendered":"<div class=\"vgblk-rw-wrapper limit-wrapper\">\n<h2>\n\t<strong>Hochwertige Ersatzteile,<\/strong><br \/>auf die Sie sich verlassen k\u00f6nnen<br \/>\n\t<\/h2>\nBei Serafima stellen wir die Zuverl\u00e4ssigkeit und Leistung Ihrer Industrieventilatoren, Gebl\u00e4se und Kompressoren mit einem umfassenden Sortiment an Ersatzteilen sicher. W\u00e4hlen Sie zwischen Original-OEM-Komponenten oder unseren hochwertigen Alternativen mit passgenauer Form, Funktion und Qualit\u00e4t &#8211; beide Optionen sind darauf ausgelegt, die h\u00f6chsten Standards in Bezug auf Langlebigkeit und Effizienz zu erf\u00fcllen oder zu \u00fcbertreffen. \n<p>Egal, ob Sie sich f\u00fcr Originalteile oder unsere pr\u00e4zise gefertigten Ersatzteile entscheiden &#8211; Sie k\u00f6nnen darauf vertrauen, dass Ihre Anlagen weiterhin auf H\u00f6chstleistung laufen. Unser Expertenteam unterst\u00fctzt Sie dabei, die passenden Teile f\u00fcr Ihre Anforderungen auszuw\u00e4hlen, und bietet schnelle, zuverl\u00e4ssige Lieferungen sowie eine nahtlose Integration, um Ausfallzeiten zu minimieren und einen reibungslosen Betrieb sicherzustellen. <\/p>\n\t\t\t\t\t\t\t<img loading=\"lazy\" decoding=\"async\" width=\"630\" height=\"472\" src=\"https:\/\/turbodiscover.pt\/serafima\/wp-content\/uploads\/2024\/04\/spare-parts-630x472.jpg\" alt=\"spare-parts\" itemprop=\"image\" title=\"spare-parts\" onerror=\"this.style.display='none'\"  sizes=\"auto, (max-width: 768px) 100vw, 100vw\" srcset=\"https:\/\/serafima2024.live-website.com\/wp-content\/uploads\/2024\/04\/spare-parts-630x472.jpg 630w, https:\/\/serafima2024.live-website.com\/wp-content\/uploads\/2024\/04\/spare-parts-300x225.jpg 300w, https:\/\/serafima2024.live-website.com\/wp-content\/uploads\/2024\/04\/spare-parts-1024x768.jpg 1024w, https:\/\/serafima2024.live-website.com\/wp-content\/uploads\/2024\/04\/spare-parts-768x576.jpg 768w, https:\/\/serafima2024.live-website.com\/wp-content\/uploads\/2024\/04\/spare-parts-1536x1152.jpg 1536w, https:\/\/serafima2024.live-website.com\/wp-content\/uploads\/2024\/04\/spare-parts-1260x945.jpg 1260w, https:\/\/serafima2024.live-website.com\/wp-content\/uploads\/2024\/04\/spare-parts-420x315.jpg 420w, https:\/\/serafima2024.live-website.com\/wp-content\/uploads\/2024\/04\/spare-parts-840x630.jpg 840w, https:\/\/serafima2024.live-website.com\/wp-content\/uploads\/2024\/04\/spare-parts-315x236.jpg 315w, https:\/\/serafima2024.live-website.com\/wp-content\/uploads\/2024\/04\/spare-parts.jpg 1650w\" \/>\t\t\t\t\t\t\t\n\t<h3>Durch eine Partnerschaft mit uns profitieren Sie von:<\/h3>\n\t<strong>Erh\u00f6hte Langlebigkeit: <\/strong>Alle Teile sind f\u00fcr langfristige Zuverl\u00e4ssigkeit ausgelegt, wodurch das Risiko unerwarteter Ausf\u00e4lle reduziert wird.<br \/>\n<strong>Optimierte Effizienz:<\/strong> Stellen Sie sicher, dass Ihre Anlagen mit maximaler Leistung arbeiten, dank Teilen, die auf Industriestandards abgestimmt sind.<br \/>\n<strong>Fachkundige Unterst\u00fctzung:<\/strong> Unser Team steht Ihnen zur Seite, um die idealen Komponenten f\u00fcr Ihre Anlagen und betrieblichen Ziele auszuw\u00e4hlen.<br \/>\nLassen Sie uns Ihnen helfen, Effizienz zu bewahren und Ihr Gesch\u00e4ft mit zuverl\u00e4ssigen, hochwertigen Ersatzteilen voranzubringen.\n\n<\/div><!-- .vgblk-rw-wrapper -->","protected":false},"excerpt":{"rendered":"<p>Hochwertige Ersatzteile,auf die Sie sich verlassen k\u00f6nnen Bei Serafima stellen wir die Zuverl\u00e4ssigkeit und Leistung Ihrer Industrieventilatoren, Gebl\u00e4se und Kompressoren mit einem umfassenden Sortiment an Ersatzteilen sicher. W\u00e4hlen Sie zwischen&#8230;<\/p>\n","protected":false},"author":1,"featured_media":0,"parent":0,"menu_order":0,"comment_status":"closed","ping_status":"closed","template":"","meta":{"inline_featured_image":false,"footnotes":""},"class_list":["post-990582","page","type-page","status-publish","hentry"],"yoast_head":"<!-- This site is optimized with the Yoast SEO plugin v27.4 - https:\/\/yoast.com\/product\/yoast-seo-wordpress\/ -->\n<title>Ersatzteile - Serafima<\/title>\n<meta name=\"description\" content=\"Serafima ist ein globaler Dienstleister und Maschinenhersteller, der sich auf rotierende Anlagen, einschlie\u00dflich Ventilatoren, Gebl\u00e4se und Kompressoren, spezialisiert hat.\" \/>\n<meta name=\"robots\" content=\"index, follow, max-snippet:-1, max-image-preview:large, max-video-preview:-1\" \/>\n<link rel=\"canonical\" href=\"https:\/\/www.serafimaint.com\/de\/ersatzteile\/\" \/>\n<meta property=\"og:locale\" content=\"de_DE\" \/>\n<meta property=\"og:type\" content=\"article\" \/>\n<meta property=\"og:title\" content=\"Ersatzteile - Serafima\" \/>\n<meta property=\"og:description\" content=\"Serafima ist ein globaler Dienstleister und Maschinenhersteller, der sich auf rotierende Anlagen, einschlie\u00dflich Ventilatoren, Gebl\u00e4se und Kompressoren, spezialisiert hat.\" \/>\n<meta property=\"og:url\" content=\"https:\/\/www.serafimaint.com\/de\/ersatzteile\/\" \/>\n<meta property=\"og:site_name\" content=\"Serafima\" \/>\n<meta property=\"article:publisher\" content=\"https:\/\/www.facebook.com\/serafimaservice\" \/>\n<meta property=\"article:modified_time\" content=\"2025-02-10T14:29:26+00:00\" \/>\n<meta property=\"og:image\" content=\"https:\/\/turbodiscover.pt\/serafima\/wp-content\/uploads\/2024\/04\/spare-parts-630x472.jpg\" \/>\n<meta name=\"twitter:card\" content=\"summary_large_image\" \/>\n<meta name=\"twitter:label1\" content=\"Gesch\u00e4tzte Lesezeit\" \/>\n\t<meta name=\"twitter:data1\" content=\"1\u00a0Minute\" \/>\n<script type=\"application\/ld+json\" class=\"yoast-schema-graph\">{\"@context\":\"https:\\\/\\\/schema.org\",\"@graph\":[{\"@type\":\"WebPage\",\"@id\":\"https:\\\/\\\/www.serafimaint.com\\\/de\\\/ersatzteile\\\/\",\"url\":\"https:\\\/\\\/www.serafimaint.com\\\/de\\\/ersatzteile\\\/\",\"name\":\"Ersatzteile - Serafima\",\"isPartOf\":{\"@id\":\"https:\\\/\\\/www.serafimaint.com\\\/de\\\/#website\"},\"primaryImageOfPage\":{\"@id\":\"https:\\\/\\\/www.serafimaint.com\\\/de\\\/ersatzteile\\\/#primaryimage\"},\"image\":{\"@id\":\"https:\\\/\\\/www.serafimaint.com\\\/de\\\/ersatzteile\\\/#primaryimage\"},\"thumbnailUrl\":\"https:\\\/\\\/turbodiscover.pt\\\/serafima\\\/wp-content\\\/uploads\\\/2024\\\/04\\\/spare-parts-630x472.jpg\",\"datePublished\":\"2017-05-08T16:41:42+00:00\",\"dateModified\":\"2025-02-10T14:29:26+00:00\",\"description\":\"Serafima ist ein globaler Dienstleister und Maschinenhersteller, der sich auf rotierende Anlagen, einschlie\u00dflich Ventilatoren, Gebl\u00e4se und Kompressoren, spezialisiert hat.\",\"breadcrumb\":{\"@id\":\"https:\\\/\\\/www.serafimaint.com\\\/de\\\/ersatzteile\\\/#breadcrumb\"},\"inLanguage\":\"de\",\"potentialAction\":[{\"@type\":\"ReadAction\",\"target\":[\"https:\\\/\\\/www.serafimaint.com\\\/de\\\/ersatzteile\\\/\"]}]},{\"@type\":\"ImageObject\",\"inLanguage\":\"de\",\"@id\":\"https:\\\/\\\/www.serafimaint.com\\\/de\\\/ersatzteile\\\/#primaryimage\",\"url\":\"https:\\\/\\\/turbodiscover.pt\\\/serafima\\\/wp-content\\\/uploads\\\/2024\\\/04\\\/spare-parts-630x472.jpg\",\"contentUrl\":\"https:\\\/\\\/turbodiscover.pt\\\/serafima\\\/wp-content\\\/uploads\\\/2024\\\/04\\\/spare-parts-630x472.jpg\"},{\"@type\":\"BreadcrumbList\",\"@id\":\"https:\\\/\\\/www.serafimaint.com\\\/de\\\/ersatzteile\\\/#breadcrumb\",\"itemListElement\":[{\"@type\":\"ListItem\",\"position\":1,\"name\":\"Home\",\"item\":\"https:\\\/\\\/www.serafimaint.com\\\/de\\\/\"},{\"@type\":\"ListItem\",\"position\":2,\"name\":\"Ersatzteile\"}]},{\"@type\":\"WebSite\",\"@id\":\"https:\\\/\\\/www.serafimaint.com\\\/de\\\/#website\",\"url\":\"https:\\\/\\\/www.serafimaint.com\\\/de\\\/\",\"name\":\"Serafima\",\"description\":\"\",\"publisher\":{\"@id\":\"https:\\\/\\\/www.serafimaint.com\\\/de\\\/#organization\"},\"potentialAction\":[{\"@type\":\"SearchAction\",\"target\":{\"@type\":\"EntryPoint\",\"urlTemplate\":\"https:\\\/\\\/www.serafimaint.com\\\/de\\\/?s={search_term_string}\"},\"query-input\":{\"@type\":\"PropertyValueSpecification\",\"valueRequired\":true,\"valueName\":\"search_term_string\"}}],\"inLanguage\":\"de\"},{\"@type\":\"Organization\",\"@id\":\"https:\\\/\\\/www.serafimaint.com\\\/de\\\/#organization\",\"name\":\"Serafima\",\"url\":\"https:\\\/\\\/www.serafimaint.com\\\/de\\\/\",\"logo\":{\"@type\":\"ImageObject\",\"inLanguage\":\"de\",\"@id\":\"https:\\\/\\\/www.serafimaint.com\\\/de\\\/#\\\/schema\\\/logo\\\/image\\\/\",\"url\":\"https:\\\/\\\/www.serafimaint.com\\\/wp-content\\\/uploads\\\/2024\\\/04\\\/logo300.png\",\"contentUrl\":\"https:\\\/\\\/www.serafimaint.com\\\/wp-content\\\/uploads\\\/2024\\\/04\\\/logo300.png\",\"width\":300,\"height\":82,\"caption\":\"Serafima\"},\"image\":{\"@id\":\"https:\\\/\\\/www.serafimaint.com\\\/de\\\/#\\\/schema\\\/logo\\\/image\\\/\"},\"sameAs\":[\"https:\\\/\\\/www.facebook.com\\\/serafimaservice\",\"https:\\\/\\\/www.xing.com\\\/pages\\\/serafimagmbh-co-kg\",\"https:\\\/\\\/www.linkedin.com\\\/company\\\/53425691\"]}]}<\/script>\n<!-- \/ Yoast SEO plugin. -->","yoast_head_json":{"title":"Ersatzteile - Serafima","description":"Serafima ist ein globaler Dienstleister und Maschinenhersteller, der sich auf rotierende Anlagen, einschlie\u00dflich Ventilatoren, Gebl\u00e4se und Kompressoren, spezialisiert hat.","robots":{"index":"index","follow":"follow","max-snippet":"max-snippet:-1","max-image-preview":"max-image-preview:large","max-video-preview":"max-video-preview:-1"},"canonical":"https:\/\/www.serafimaint.com\/de\/ersatzteile\/","og_locale":"de_DE","og_type":"article","og_title":"Ersatzteile - Serafima","og_description":"Serafima ist ein globaler Dienstleister und Maschinenhersteller, der sich auf rotierende Anlagen, einschlie\u00dflich Ventilatoren, Gebl\u00e4se und Kompressoren, spezialisiert hat.","og_url":"https:\/\/www.serafimaint.com\/de\/ersatzteile\/","og_site_name":"Serafima","article_publisher":"https:\/\/www.facebook.com\/serafimaservice","article_modified_time":"2025-02-10T14:29:26+00:00","og_image":[{"url":"https:\/\/turbodiscover.pt\/serafima\/wp-content\/uploads\/2024\/04\/spare-parts-630x472.jpg","type":"","width":"","height":""}],"twitter_card":"summary_large_image","twitter_misc":{"Gesch\u00e4tzte Lesezeit":"1\u00a0Minute"},"schema":{"@context":"https:\/\/schema.org","@graph":[{"@type":"WebPage","@id":"https:\/\/www.serafimaint.com\/de\/ersatzteile\/","url":"https:\/\/www.serafimaint.com\/de\/ersatzteile\/","name":"Ersatzteile - Serafima","isPartOf":{"@id":"https:\/\/www.serafimaint.com\/de\/#website"},"primaryImageOfPage":{"@id":"https:\/\/www.serafimaint.com\/de\/ersatzteile\/#primaryimage"},"image":{"@id":"https:\/\/www.serafimaint.com\/de\/ersatzteile\/#primaryimage"},"thumbnailUrl":"https:\/\/turbodiscover.pt\/serafima\/wp-content\/uploads\/2024\/04\/spare-parts-630x472.jpg","datePublished":"2017-05-08T16:41:42+00:00","dateModified":"2025-02-10T14:29:26+00:00","description":"Serafima ist ein globaler Dienstleister und Maschinenhersteller, der sich auf rotierende Anlagen, einschlie\u00dflich Ventilatoren, Gebl\u00e4se und Kompressoren, spezialisiert hat.","breadcrumb":{"@id":"https:\/\/www.serafimaint.com\/de\/ersatzteile\/#breadcrumb"},"inLanguage":"de","potentialAction":[{"@type":"ReadAction","target":["https:\/\/www.serafimaint.com\/de\/ersatzteile\/"]}]},{"@type":"ImageObject","inLanguage":"de","@id":"https:\/\/www.serafimaint.com\/de\/ersatzteile\/#primaryimage","url":"https:\/\/turbodiscover.pt\/serafima\/wp-content\/uploads\/2024\/04\/spare-parts-630x472.jpg","contentUrl":"https:\/\/turbodiscover.pt\/serafima\/wp-content\/uploads\/2024\/04\/spare-parts-630x472.jpg"},{"@type":"BreadcrumbList","@id":"https:\/\/www.serafimaint.com\/de\/ersatzteile\/#breadcrumb","itemListElement":[{"@type":"ListItem","position":1,"name":"Home","item":"https:\/\/www.serafimaint.com\/de\/"},{"@type":"ListItem","position":2,"name":"Ersatzteile"}]},{"@type":"WebSite","@id":"https:\/\/www.serafimaint.com\/de\/#website","url":"https:\/\/www.serafimaint.com\/de\/","name":"Serafima","description":"","publisher":{"@id":"https:\/\/www.serafimaint.com\/de\/#organization"},"potentialAction":[{"@type":"SearchAction","target":{"@type":"EntryPoint","urlTemplate":"https:\/\/www.serafimaint.com\/de\/?s={search_term_string}"},"query-input":{"@type":"PropertyValueSpecification","valueRequired":true,"valueName":"search_term_string"}}],"inLanguage":"de"},{"@type":"Organization","@id":"https:\/\/www.serafimaint.com\/de\/#organization","name":"Serafima","url":"https:\/\/www.serafimaint.com\/de\/","logo":{"@type":"ImageObject","inLanguage":"de","@id":"https:\/\/www.serafimaint.com\/de\/#\/schema\/logo\/image\/","url":"https:\/\/www.serafimaint.com\/wp-content\/uploads\/2024\/04\/logo300.png","contentUrl":"https:\/\/www.serafimaint.com\/wp-content\/uploads\/2024\/04\/logo300.png","width":300,"height":82,"caption":"Serafima"},"image":{"@id":"https:\/\/www.serafimaint.com\/de\/#\/schema\/logo\/image\/"},"sameAs":["https:\/\/www.facebook.com\/serafimaservice","https:\/\/www.xing.com\/pages\/serafimagmbh-co-kg","https:\/\/www.linkedin.com\/company\/53425691"]}]}},"jetpack_sharing_enabled":true,"_links":{"self":[{"href":"https:\/\/www.serafimaint.com\/de\/wp-json\/wp\/v2\/pages\/990582","targetHints":{"allow":["GET"]}}],"collection":[{"href":"https:\/\/www.serafimaint.com\/de\/wp-json\/wp\/v2\/pages"}],"about":[{"href":"https:\/\/www.serafimaint.com\/de\/wp-json\/wp\/v2\/types\/page"}],"author":[{"embeddable":true,"href":"https:\/\/www.serafimaint.com\/de\/wp-json\/wp\/v2\/users\/1"}],"replies":[{"embeddable":true,"href":"https:\/\/www.serafimaint.com\/de\/wp-json\/wp\/v2\/comments?post=990582"}],"version-history":[{"count":0,"href":"https:\/\/www.serafimaint.com\/de\/wp-json\/wp\/v2\/pages\/990582\/revisions"}],"wp:attachment":[{"href":"https:\/\/www.serafimaint.com\/de\/wp-json\/wp\/v2\/media?parent=990582"}],"curies":[{"name":"wp","href":"https:\/\/api.w.org\/{rel}","templated":true}]}}