{"id":990588,"date":"2024-05-16T21:18:17","date_gmt":"2024-05-16T20:18:17","guid":{"rendered":"https:\/\/serafima2024.live-website.com\/zentrifugen-trockner-kompetenzteam\/"},"modified":"2025-02-26T09:04:03","modified_gmt":"2025-02-26T08:04:03","slug":"zentrifugen-trockner-kompetenzteam","status":"publish","type":"page","link":"https:\/\/www.serafimaint.com\/de\/zentrifugen-trockner-kompetenzteam\/","title":{"rendered":"Zentrifugen-Trockner-Kompetenzteam"},"content":{"rendered":"<div class=\"vgblk-rw-wrapper limit-wrapper\">\n<h2>\n\tFest-Fl\u00fcssig-Trennung mit dem einzigartigen<br \/><strong>TZT Zentrifugen-Trockner (FSD)<\/strong> \n\t<\/h2>\n\t<p><strong>Fest-Fl\u00fcssig-Trennung<\/strong>, Produktw\u00e4sche und anschlie\u00dfendes Trocknen sind entscheidende Prozesse in der API- und Pharmaindustrie. \u201eTrocknen ist die Kunst der effektiven Verdampfung&#8220;, wie Serafima es ausdr\u00fcckt. Dies zu meistern bedeutet, den Trocknungsprozess homogen, staubfrei, reproduzierbar in der Restfeuchte und so produktschonend wie m\u00f6glich zu gestalten. Unser <strong>TZT Zentrifugen-Trockner (FSD in der neueren Generation)<\/strong> verwendet Wirbelbetttrocknung mit einer revolution\u00e4ren <strong>Gegenimpuls<\/strong>-Sequenz, die eine \u00fcberlegene Leistung im Vergleich zu anderen Technologien bietet. W\u00e4hrend der Schwebephase wird die Oberfl\u00e4che jedes Kristalls vollst\u00e4ndig freigelegt, was eine ausgezeichnete W\u00e4rme\u00fcbertragung und kurze Trocknungszeiten gew\u00e4hrleistet. Das Produkt wird sanft getrocknet, ohne mechanischen Stress, und erreicht durch kontinuierliches Mischen eine gleichm\u00e4\u00dfige Produkttemperatur. Serafima bietet Zentrifugen-Trockner mit Batch-Kapazit\u00e4ten von 5 bis 800 Litern an. In der Regel wird die Trocknung von Suspensionen in mehreren Schritten durchgef\u00fchrt, wobei sie erst dann beginnt, wenn die Fest-Fl\u00fcssig-Trennung aufgrund der h\u00f6heren Energieanforderungen der thermischen Trocknung an ihre Grenzen st\u00f6\u00dft. Die Optimierung der Energieeffizienz ist ein zentrales Anliegen der Hersteller. In der Prozessentwicklung werden Fest-Fl\u00fcssig-Trennung und Trocknung oft getrennt behandelt. Durch die Kombination dieser Prozesse jedoch wird das beste Ergebnis erzielt. Potente Verbindungen spielen eine entscheidende Rolle in modernen Medikamenten, was die Einhaltung strenger Regularien und Gute Herstellungspraxis (GMP) erfordert, um <strong>Kreuzkontaminationen<\/strong> zu verhindern und die <strong>Arbeitssicherheit<\/strong> zu gew\u00e4hrleisten. Unser einzigartiger <strong>TZT Zentrifugen-Trockner (FSD)<\/strong> adressiert diese Herausforderungen, indem er Sterilit\u00e4t und Eind\u00e4mmung in kombinierten Zentrifugations- und Trocknungsoperationen bietet. Weitere Vorteile sind eine effektive Verdr\u00e4ngungsw\u00e4sche, restfreie Entladung und vollautomatisiertes C.I.P. und S.I.P.             <\/p>\n<h3>\n\tUnsere Dienstleistungen:\n\t<\/h3>\n\t<ul>\n<li>Original-Ersatzteile und ma\u00dfgeschneiderte Komponenten f\u00fcr den TZT<\/li>\n<li>Hochwertige Ersatzteil-Alternativen f\u00fcr \u00e4ltere Modelle<\/li>\n<li>Regelm\u00e4\u00dfige Wartung und Vor-Ort-Reparaturen<\/li>\n<li>Rund-um-die-Uhr-Verf\u00fcgbarkeit bei kritischen Ausf\u00e4llen<\/li>\n<li>TZT-\u00dcberholungen und Steuerungssystem- (Lifecycle-) Upgrades<\/li>\n<li>Unterst\u00fctzung in der Prozessoptimierung<\/li>\n<li>Schulung &amp; allgemeiner technischer Support<\/li>\n<li>Schl\u00fcsselfertige Projekte f\u00fcr komplette TZT-Zentrifugen-Trocknersysteme<\/li>\n<li>Dokumentations- und Konformit\u00e4tsunterst\u00fctzung<\/li>\n<\/ul>\n\t\t\t\t\t\t\t<img loading=\"lazy\" decoding=\"async\" src=\"https:\/\/serafima2024.live-website.com\/wp-content\/uploads\/2025\/01\/DSC01890-840x630.jpg\" alt=\"DSC01890\" itemprop=\"image\" height=\"630\" width=\"840\" title=\"DSC01890\" onerror=\"this.style.display='none'\"  sizes=\"auto, (max-width: 768px) 100vw, 100vw\" srcset=\"https:\/\/serafima2024.live-website.com\/wp-content\/uploads\/2025\/01\/DSC01890-840x630.jpg 840w, https:\/\/serafima2024.live-website.com\/wp-content\/uploads\/2025\/01\/DSC01890-300x225.jpg 300w, https:\/\/serafima2024.live-website.com\/wp-content\/uploads\/2025\/01\/DSC01890-1024x768.jpg 1024w, https:\/\/serafima2024.live-website.com\/wp-content\/uploads\/2025\/01\/DSC01890-768x576.jpg 768w, https:\/\/serafima2024.live-website.com\/wp-content\/uploads\/2025\/01\/DSC01890-1536x1152.jpg 1536w, https:\/\/serafima2024.live-website.com\/wp-content\/uploads\/2025\/01\/DSC01890-2048x1536.jpg 2048w, https:\/\/serafima2024.live-website.com\/wp-content\/uploads\/2025\/01\/DSC01890-1260x945.jpg 1260w, https:\/\/serafima2024.live-website.com\/wp-content\/uploads\/2025\/01\/DSC01890-630x473.jpg 630w, https:\/\/serafima2024.live-website.com\/wp-content\/uploads\/2025\/01\/DSC01890-420x315.jpg 420w, https:\/\/serafima2024.live-website.com\/wp-content\/uploads\/2025\/01\/DSC01890-315x236.jpg 315w\" \/>\t\t\t\t\t\t\t\n\t\t\t\t\t\t\t<img loading=\"lazy\" decoding=\"async\" src=\"https:\/\/serafima2024.live-website.com\/wp-content\/uploads\/2025\/01\/TZT800_s-e1738161856727-1260x969.jpg\" alt=\"TZT800_s\" itemprop=\"image\" height=\"969\" width=\"1260\" title=\"TZT800_s\" onerror=\"this.style.display='none'\"  sizes=\"auto, (max-width: 768px) 100vw, 100vw\" srcset=\"https:\/\/serafima2024.live-website.com\/wp-content\/uploads\/2025\/01\/TZT800_s-e1738161856727-1260x969.jpg 1260w, https:\/\/serafima2024.live-website.com\/wp-content\/uploads\/2025\/01\/TZT800_s-e1738161856727-630x484.jpg 630w, https:\/\/serafima2024.live-website.com\/wp-content\/uploads\/2025\/01\/TZT800_s-e1738161856727-420x323.jpg 420w, https:\/\/serafima2024.live-website.com\/wp-content\/uploads\/2025\/01\/TZT800_s-e1738161856727-840x646.jpg 840w, https:\/\/serafima2024.live-website.com\/wp-content\/uploads\/2025\/01\/TZT800_s-e1738161856727-315x242.jpg 315w\" \/>\t\t\t\t\t\t\t\n\t\t\t\t\t\t\t<img loading=\"lazy\" decoding=\"async\" src=\"https:\/\/serafima2024.live-website.com\/wp-content\/uploads\/2025\/01\/20231025_114736-420x323.jpg\" alt=\"20231025_114736\" itemprop=\"image\" height=\"323\" width=\"420\" title=\"20231025_114736\" onerror=\"this.style.display='none'\"  sizes=\"auto, (max-width: 768px) 100vw, 100vw\" srcset=\"https:\/\/serafima2024.live-website.com\/wp-content\/uploads\/2025\/01\/20231025_114736-420x323.jpg 420w, https:\/\/serafima2024.live-website.com\/wp-content\/uploads\/2025\/01\/20231025_114736-1260x969.jpg 1260w, https:\/\/serafima2024.live-website.com\/wp-content\/uploads\/2025\/01\/20231025_114736-630x484.jpg 630w, https:\/\/serafima2024.live-website.com\/wp-content\/uploads\/2025\/01\/20231025_114736-840x646.jpg 840w, https:\/\/serafima2024.live-website.com\/wp-content\/uploads\/2025\/01\/20231025_114736-315x242.jpg 315w\" \/>\t\t\t\t\t\t\t\n\t\t\t\t\t\t\t<img loading=\"lazy\" decoding=\"async\" src=\"https:\/\/serafima2024.live-website.com\/wp-content\/uploads\/2025\/01\/20220720_113548-420x323.jpg\" alt=\"20220720_113548\" itemprop=\"image\" height=\"323\" width=\"420\" title=\"20220720_113548\" onerror=\"this.style.display='none'\"  sizes=\"auto, (max-width: 768px) 100vw, 100vw\" srcset=\"https:\/\/serafima2024.live-website.com\/wp-content\/uploads\/2025\/01\/20220720_113548-420x323.jpg 420w, https:\/\/serafima2024.live-website.com\/wp-content\/uploads\/2025\/01\/20220720_113548-1260x969.jpg 1260w, https:\/\/serafima2024.live-website.com\/wp-content\/uploads\/2025\/01\/20220720_113548-630x484.jpg 630w, https:\/\/serafima2024.live-website.com\/wp-content\/uploads\/2025\/01\/20220720_113548-840x646.jpg 840w, https:\/\/serafima2024.live-website.com\/wp-content\/uploads\/2025\/01\/20220720_113548-315x242.jpg 315w\" \/>\t\t\t\t\t\t\t\n\n<\/div><!-- .vgblk-rw-wrapper -->","protected":false},"excerpt":{"rendered":"<p>Fest-Fl\u00fcssig-Trennung mit dem einzigartigenTZT Zentrifugen-Trockner (FSD) Fest-Fl\u00fcssig-Trennung, Produktw\u00e4sche und anschlie\u00dfendes Trocknen sind entscheidende Prozesse in der API- und Pharmaindustrie. \u201eTrocknen ist die Kunst der effektiven Verdampfung&#8220;, wie Serafima es ausdr\u00fcckt&#8230;.<\/p>\n","protected":false},"author":1,"featured_media":0,"parent":0,"menu_order":0,"comment_status":"closed","ping_status":"closed","template":"","meta":{"inline_featured_image":false,"footnotes":""},"class_list":["post-990588","page","type-page","status-publish","hentry"],"yoast_head":"<!-- This site is optimized with the Yoast SEO plugin v27.4 - https:\/\/yoast.com\/product\/yoast-seo-wordpress\/ -->\n<title>Zentrifugen-Trockner-Kompetenzteam - Serafima<\/title>\n<meta name=\"description\" content=\"Serafima ist ein globaler Dienstleister und Maschinenhersteller, der sich auf rotierende Anlagen, einschlie\u00dflich Ventilatoren, Gebl\u00e4se und Kompressoren, spezialisiert hat.\" \/>\n<meta name=\"robots\" content=\"index, follow, max-snippet:-1, max-image-preview:large, max-video-preview:-1\" \/>\n<link rel=\"canonical\" href=\"https:\/\/www.serafimaint.com\/de\/zentrifugen-trockner-kompetenzteam\/\" \/>\n<meta property=\"og:locale\" content=\"de_DE\" \/>\n<meta property=\"og:type\" content=\"article\" \/>\n<meta property=\"og:title\" content=\"Zentrifugen-Trockner-Kompetenzteam - Serafima\" \/>\n<meta property=\"og:description\" content=\"Serafima ist ein globaler Dienstleister und Maschinenhersteller, der sich auf rotierende Anlagen, einschlie\u00dflich Ventilatoren, Gebl\u00e4se und Kompressoren, spezialisiert hat.\" \/>\n<meta property=\"og:url\" content=\"https:\/\/www.serafimaint.com\/de\/zentrifugen-trockner-kompetenzteam\/\" \/>\n<meta property=\"og:site_name\" content=\"Serafima\" \/>\n<meta property=\"article:publisher\" content=\"https:\/\/www.facebook.com\/serafimaservice\" \/>\n<meta property=\"article:modified_time\" content=\"2025-02-26T08:04:03+00:00\" \/>\n<meta property=\"og:image\" content=\"https:\/\/serafima2024.live-website.com\/wp-content\/uploads\/2025\/01\/DSC01890-840x630.jpg\" \/>\n<meta name=\"twitter:card\" content=\"summary_large_image\" \/>\n<meta name=\"twitter:label1\" content=\"Gesch\u00e4tzte Lesezeit\" \/>\n\t<meta name=\"twitter:data1\" content=\"2\u00a0Minuten\" \/>\n<script type=\"application\/ld+json\" class=\"yoast-schema-graph\">{\"@context\":\"https:\\\/\\\/schema.org\",\"@graph\":[{\"@type\":\"WebPage\",\"@id\":\"https:\\\/\\\/www.serafimaint.com\\\/de\\\/zentrifugen-trockner-kompetenzteam\\\/\",\"url\":\"https:\\\/\\\/www.serafimaint.com\\\/de\\\/zentrifugen-trockner-kompetenzteam\\\/\",\"name\":\"Zentrifugen-Trockner-Kompetenzteam - Serafima\",\"isPartOf\":{\"@id\":\"https:\\\/\\\/www.serafimaint.com\\\/de\\\/#website\"},\"primaryImageOfPage\":{\"@id\":\"https:\\\/\\\/www.serafimaint.com\\\/de\\\/zentrifugen-trockner-kompetenzteam\\\/#primaryimage\"},\"image\":{\"@id\":\"https:\\\/\\\/www.serafimaint.com\\\/de\\\/zentrifugen-trockner-kompetenzteam\\\/#primaryimage\"},\"thumbnailUrl\":\"https:\\\/\\\/serafima2024.live-website.com\\\/wp-content\\\/uploads\\\/2025\\\/01\\\/DSC01890-840x630.jpg\",\"datePublished\":\"2024-05-16T20:18:17+00:00\",\"dateModified\":\"2025-02-26T08:04:03+00:00\",\"description\":\"Serafima ist ein globaler Dienstleister und Maschinenhersteller, der sich auf rotierende Anlagen, einschlie\u00dflich Ventilatoren, Gebl\u00e4se und Kompressoren, spezialisiert hat.\",\"breadcrumb\":{\"@id\":\"https:\\\/\\\/www.serafimaint.com\\\/de\\\/zentrifugen-trockner-kompetenzteam\\\/#breadcrumb\"},\"inLanguage\":\"de\",\"potentialAction\":[{\"@type\":\"ReadAction\",\"target\":[\"https:\\\/\\\/www.serafimaint.com\\\/de\\\/zentrifugen-trockner-kompetenzteam\\\/\"]}]},{\"@type\":\"ImageObject\",\"inLanguage\":\"de\",\"@id\":\"https:\\\/\\\/www.serafimaint.com\\\/de\\\/zentrifugen-trockner-kompetenzteam\\\/#primaryimage\",\"url\":\"https:\\\/\\\/serafima2024.live-website.com\\\/wp-content\\\/uploads\\\/2025\\\/01\\\/DSC01890-840x630.jpg\",\"contentUrl\":\"https:\\\/\\\/serafima2024.live-website.com\\\/wp-content\\\/uploads\\\/2025\\\/01\\\/DSC01890-840x630.jpg\"},{\"@type\":\"BreadcrumbList\",\"@id\":\"https:\\\/\\\/www.serafimaint.com\\\/de\\\/zentrifugen-trockner-kompetenzteam\\\/#breadcrumb\",\"itemListElement\":[{\"@type\":\"ListItem\",\"position\":1,\"name\":\"Home\",\"item\":\"https:\\\/\\\/www.serafimaint.com\\\/de\\\/\"},{\"@type\":\"ListItem\",\"position\":2,\"name\":\"Zentrifugen-Trockner-Kompetenzteam\"}]},{\"@type\":\"WebSite\",\"@id\":\"https:\\\/\\\/www.serafimaint.com\\\/de\\\/#website\",\"url\":\"https:\\\/\\\/www.serafimaint.com\\\/de\\\/\",\"name\":\"Serafima\",\"description\":\"\",\"publisher\":{\"@id\":\"https:\\\/\\\/www.serafimaint.com\\\/de\\\/#organization\"},\"potentialAction\":[{\"@type\":\"SearchAction\",\"target\":{\"@type\":\"EntryPoint\",\"urlTemplate\":\"https:\\\/\\\/www.serafimaint.com\\\/de\\\/?s={search_term_string}\"},\"query-input\":{\"@type\":\"PropertyValueSpecification\",\"valueRequired\":true,\"valueName\":\"search_term_string\"}}],\"inLanguage\":\"de\"},{\"@type\":\"Organization\",\"@id\":\"https:\\\/\\\/www.serafimaint.com\\\/de\\\/#organization\",\"name\":\"Serafima\",\"url\":\"https:\\\/\\\/www.serafimaint.com\\\/de\\\/\",\"logo\":{\"@type\":\"ImageObject\",\"inLanguage\":\"de\",\"@id\":\"https:\\\/\\\/www.serafimaint.com\\\/de\\\/#\\\/schema\\\/logo\\\/image\\\/\",\"url\":\"https:\\\/\\\/www.serafimaint.com\\\/wp-content\\\/uploads\\\/2024\\\/04\\\/logo300.png\",\"contentUrl\":\"https:\\\/\\\/www.serafimaint.com\\\/wp-content\\\/uploads\\\/2024\\\/04\\\/logo300.png\",\"width\":300,\"height\":82,\"caption\":\"Serafima\"},\"image\":{\"@id\":\"https:\\\/\\\/www.serafimaint.com\\\/de\\\/#\\\/schema\\\/logo\\\/image\\\/\"},\"sameAs\":[\"https:\\\/\\\/www.facebook.com\\\/serafimaservice\",\"https:\\\/\\\/www.xing.com\\\/pages\\\/serafimagmbh-co-kg\",\"https:\\\/\\\/www.linkedin.com\\\/company\\\/53425691\"]}]}<\/script>\n<!-- \/ Yoast SEO plugin. -->","yoast_head_json":{"title":"Zentrifugen-Trockner-Kompetenzteam - Serafima","description":"Serafima ist ein globaler Dienstleister und Maschinenhersteller, der sich auf rotierende Anlagen, einschlie\u00dflich Ventilatoren, Gebl\u00e4se und Kompressoren, spezialisiert hat.","robots":{"index":"index","follow":"follow","max-snippet":"max-snippet:-1","max-image-preview":"max-image-preview:large","max-video-preview":"max-video-preview:-1"},"canonical":"https:\/\/www.serafimaint.com\/de\/zentrifugen-trockner-kompetenzteam\/","og_locale":"de_DE","og_type":"article","og_title":"Zentrifugen-Trockner-Kompetenzteam - Serafima","og_description":"Serafima ist ein globaler Dienstleister und Maschinenhersteller, der sich auf rotierende Anlagen, einschlie\u00dflich Ventilatoren, Gebl\u00e4se und Kompressoren, spezialisiert hat.","og_url":"https:\/\/www.serafimaint.com\/de\/zentrifugen-trockner-kompetenzteam\/","og_site_name":"Serafima","article_publisher":"https:\/\/www.facebook.com\/serafimaservice","article_modified_time":"2025-02-26T08:04:03+00:00","og_image":[{"url":"https:\/\/serafima2024.live-website.com\/wp-content\/uploads\/2025\/01\/DSC01890-840x630.jpg","type":"","width":"","height":""}],"twitter_card":"summary_large_image","twitter_misc":{"Gesch\u00e4tzte Lesezeit":"2\u00a0Minuten"},"schema":{"@context":"https:\/\/schema.org","@graph":[{"@type":"WebPage","@id":"https:\/\/www.serafimaint.com\/de\/zentrifugen-trockner-kompetenzteam\/","url":"https:\/\/www.serafimaint.com\/de\/zentrifugen-trockner-kompetenzteam\/","name":"Zentrifugen-Trockner-Kompetenzteam - Serafima","isPartOf":{"@id":"https:\/\/www.serafimaint.com\/de\/#website"},"primaryImageOfPage":{"@id":"https:\/\/www.serafimaint.com\/de\/zentrifugen-trockner-kompetenzteam\/#primaryimage"},"image":{"@id":"https:\/\/www.serafimaint.com\/de\/zentrifugen-trockner-kompetenzteam\/#primaryimage"},"thumbnailUrl":"https:\/\/serafima2024.live-website.com\/wp-content\/uploads\/2025\/01\/DSC01890-840x630.jpg","datePublished":"2024-05-16T20:18:17+00:00","dateModified":"2025-02-26T08:04:03+00:00","description":"Serafima ist ein globaler Dienstleister und Maschinenhersteller, der sich auf rotierende Anlagen, einschlie\u00dflich Ventilatoren, Gebl\u00e4se und Kompressoren, spezialisiert hat.","breadcrumb":{"@id":"https:\/\/www.serafimaint.com\/de\/zentrifugen-trockner-kompetenzteam\/#breadcrumb"},"inLanguage":"de","potentialAction":[{"@type":"ReadAction","target":["https:\/\/www.serafimaint.com\/de\/zentrifugen-trockner-kompetenzteam\/"]}]},{"@type":"ImageObject","inLanguage":"de","@id":"https:\/\/www.serafimaint.com\/de\/zentrifugen-trockner-kompetenzteam\/#primaryimage","url":"https:\/\/serafima2024.live-website.com\/wp-content\/uploads\/2025\/01\/DSC01890-840x630.jpg","contentUrl":"https:\/\/serafima2024.live-website.com\/wp-content\/uploads\/2025\/01\/DSC01890-840x630.jpg"},{"@type":"BreadcrumbList","@id":"https:\/\/www.serafimaint.com\/de\/zentrifugen-trockner-kompetenzteam\/#breadcrumb","itemListElement":[{"@type":"ListItem","position":1,"name":"Home","item":"https:\/\/www.serafimaint.com\/de\/"},{"@type":"ListItem","position":2,"name":"Zentrifugen-Trockner-Kompetenzteam"}]},{"@type":"WebSite","@id":"https:\/\/www.serafimaint.com\/de\/#website","url":"https:\/\/www.serafimaint.com\/de\/","name":"Serafima","description":"","publisher":{"@id":"https:\/\/www.serafimaint.com\/de\/#organization"},"potentialAction":[{"@type":"SearchAction","target":{"@type":"EntryPoint","urlTemplate":"https:\/\/www.serafimaint.com\/de\/?s={search_term_string}"},"query-input":{"@type":"PropertyValueSpecification","valueRequired":true,"valueName":"search_term_string"}}],"inLanguage":"de"},{"@type":"Organization","@id":"https:\/\/www.serafimaint.com\/de\/#organization","name":"Serafima","url":"https:\/\/www.serafimaint.com\/de\/","logo":{"@type":"ImageObject","inLanguage":"de","@id":"https:\/\/www.serafimaint.com\/de\/#\/schema\/logo\/image\/","url":"https:\/\/www.serafimaint.com\/wp-content\/uploads\/2024\/04\/logo300.png","contentUrl":"https:\/\/www.serafimaint.com\/wp-content\/uploads\/2024\/04\/logo300.png","width":300,"height":82,"caption":"Serafima"},"image":{"@id":"https:\/\/www.serafimaint.com\/de\/#\/schema\/logo\/image\/"},"sameAs":["https:\/\/www.facebook.com\/serafimaservice","https:\/\/www.xing.com\/pages\/serafimagmbh-co-kg","https:\/\/www.linkedin.com\/company\/53425691"]}]}},"jetpack_sharing_enabled":true,"_links":{"self":[{"href":"https:\/\/www.serafimaint.com\/de\/wp-json\/wp\/v2\/pages\/990588","targetHints":{"allow":["GET"]}}],"collection":[{"href":"https:\/\/www.serafimaint.com\/de\/wp-json\/wp\/v2\/pages"}],"about":[{"href":"https:\/\/www.serafimaint.com\/de\/wp-json\/wp\/v2\/types\/page"}],"author":[{"embeddable":true,"href":"https:\/\/www.serafimaint.com\/de\/wp-json\/wp\/v2\/users\/1"}],"replies":[{"embeddable":true,"href":"https:\/\/www.serafimaint.com\/de\/wp-json\/wp\/v2\/comments?post=990588"}],"version-history":[{"count":0,"href":"https:\/\/www.serafimaint.com\/de\/wp-json\/wp\/v2\/pages\/990588\/revisions"}],"wp:attachment":[{"href":"https:\/\/www.serafimaint.com\/de\/wp-json\/wp\/v2\/media?parent=990588"}],"curies":[{"name":"wp","href":"https:\/\/api.w.org\/{rel}","templated":true}]}}