{"id":990593,"date":"2024-10-08T20:40:28","date_gmt":"2024-10-08T19:40:28","guid":{"rendered":"https:\/\/serafima2024.live-website.com\/experten-fuer-schweissen\/"},"modified":"2025-03-06T18:25:40","modified_gmt":"2025-03-06T17:25:40","slug":"experten-fuer-schweissen","status":"publish","type":"page","link":"https:\/\/www.serafimaint.com\/de\/experten-fuer-schweissen\/","title":{"rendered":"Experten f\u00fcr Schwei\u00dfen"},"content":{"rendered":"<div class=\"vgblk-rw-wrapper limit-wrapper\">\n\n\t<h2>Fachgerechte Schwei\u00dfdienste f\u00fcr Laufr\u00e4der und Rotoren: <b>Pr\u00e4zision f\u00fcr maximale Zuverl\u00e4ssigkeit<\/b><\/h2>\n\t<p>Bei Serafima bieten wir hochpr\u00e4zise Schwei\u00dfdienstleistungen f\u00fcr Laufr\u00e4der und Rotoren, die maximale Zuverl\u00e4ssigkeit und Langlebigkeit gew\u00e4hrleisten. Unser Expertenteam ist auf das Schwei\u00dfen einer Vielzahl von Materialien spezialisiert, darunter <strong>Aluminium, Naxtra, Edelstahl, hochnickelhaltige Legierungen und s\u00e4mtliche Titanlegierungen<\/strong>. Um h\u00f6chste Qualit\u00e4tsstandards zu erreichen, setzen wir auf erstklassige Materialien und optimierte Str\u00f6mungsdynamiken in der Konstruktion jedes Bauteils. Mithilfe fortschrittlicher Festigkeitsberechnungen, einschlie\u00dflich der Finite-Elemente-Methode (FEM), stellen wir sicher, dass jedes Produkt maximale Stabilit\u00e4t, Sicherheit und eine herausragende Leistung bietet.<\/p>\n<p>&nbsp;<\/p>\n\t\t\t\t\t\t\t<img loading=\"lazy\" decoding=\"async\" width=\"206\" height=\"300\" src=\"https:\/\/serafima2024.live-website.com\/wp-content\/uploads\/2024\/10\/LR-Zwischenscheibe-206x300.jpg\" alt=\"LR-Zwischenscheibe\" itemprop=\"image\" title=\"LR-Zwischenscheibe\" onerror=\"this.style.display='none'\"  sizes=\"auto, (max-width: 768px) 100vw, 100vw\" srcset=\"https:\/\/www.serafimaint.com\/wp-content\/uploads\/2024\/10\/LR-Zwischenscheibe-206x300.jpg 206w, https:\/\/www.serafimaint.com\/wp-content\/uploads\/2024\/10\/LR-Zwischenscheibe-702x1024.jpg 702w, https:\/\/www.serafimaint.com\/wp-content\/uploads\/2024\/10\/LR-Zwischenscheibe-768x1120.jpg 768w, https:\/\/www.serafimaint.com\/wp-content\/uploads\/2024\/10\/LR-Zwischenscheibe-1054x1536.jpg 1054w, https:\/\/www.serafimaint.com\/wp-content\/uploads\/2024\/10\/LR-Zwischenscheibe-1405x2048.jpg 1405w, https:\/\/www.serafimaint.com\/wp-content\/uploads\/2024\/10\/LR-Zwischenscheibe-1260x1837.jpg 1260w, https:\/\/www.serafimaint.com\/wp-content\/uploads\/2024\/10\/LR-Zwischenscheibe-630x919.jpg 630w, https:\/\/www.serafimaint.com\/wp-content\/uploads\/2024\/10\/LR-Zwischenscheibe-420x612.jpg 420w, https:\/\/www.serafimaint.com\/wp-content\/uploads\/2024\/10\/LR-Zwischenscheibe-840x1225.jpg 840w, https:\/\/www.serafimaint.com\/wp-content\/uploads\/2024\/10\/LR-Zwischenscheibe-315x459.jpg 315w, https:\/\/www.serafimaint.com\/wp-content\/uploads\/2024\/10\/LR-Zwischenscheibe-scaled.jpg 1756w\" \/>\t\t\t\t\t\t\t\n\t\t\t\t\t\t\t<img loading=\"lazy\" decoding=\"async\" src=\"https:\/\/www.serafimaint.com\/wp-content\/uploads\/2025\/03\/20250109_143202-scaled-e1741281804191.jpg\" alt=\"20250109_143202\" itemprop=\"image\" height=\"1441\" width=\"2560\" title=\"20250109_143202\" onerror=\"this.style.display='none'\"  sizes=\"auto, (max-width: 768px) 100vw, 100vw\"\/>\t\t\t\t\t\t\t\n\t<p>Jedes Projekt basiert auf zertifizierten Verfahrensqualifikationsaufzeichnungen (PQR) und wird von hochqualifizierten Schwei\u00dfern gem\u00e4\u00df den erforderlichen Schwei\u00dfverfahrensspezifikationen (WPS) durchgef\u00fchrt. So stellen wir erstklassige Qualit\u00e4t und maximale Sicherheit sicher. Was uns besonders auszeichnet, ist die au\u00dfergew\u00f6hnliche Konzentrizit\u00e4t unserer Laufr\u00e4der- sie sorgt f\u00fcr optimale Balance und herausragende Leistung. Dank unserer fortschrittlichen Schwei\u00dfkompetenz k\u00f6nnen Sie darauf vertrauen, dass Ihre Anlagen mit h\u00f6chster Haltbarkeit und Pr\u00e4zision arbeiten, um maximale Effizienz und Langlebigkeit zu gew\u00e4hrleisten.<\/p>\n\t<p>Das <strong>Reverse Engineering<\/strong> von Laufr\u00e4dern ist eine hocheffiziente und kostensparende Methode zur Replikation, insbesondere wenn keine Originaldokumentation oder Fertigungszeichnungen verf\u00fcgbar sind. Mithilfe modernster Scanning- und Messtechnologien erfassen wir pr\u00e4zise die Geometrie und strukturellen Eigenschaften eines Laufrades. Dieser Prozess erm\u00f6glicht die Erstellung detaillierter 3D-Modelle, die zur Fertigung exakter Ersatzteile, zur Optimierung von Designs oder zur Rekonstruktion technischer Zeichnungen genutzt werden k\u00f6nnen. In Branchen, in denen Ausfallzeiten teuer sind und Originalersatzteile nicht mehr erh\u00e4ltlich sind, bietet Reverse Engineering eine zuverl\u00e4ssige L\u00f6sung, um <strong>Laufr\u00e4der originalgetreu<\/strong> zu reproduzieren, den kontinuierlichen Betrieb zu sichern und Kosten zu senken.<\/p>\n\t\t\t\t\t\t\t<img loading=\"lazy\" decoding=\"async\" width=\"1140\" height=\"856\" src=\"https:\/\/serafima2024.live-website.com\/wp-content\/uploads\/2024\/04\/reverse-eng.jpg\" alt=\"reverse-eng\" itemprop=\"image\" title=\"reverse-eng\" onerror=\"this.style.display='none'\"  sizes=\"auto, (max-width: 768px) 100vw, 100vw\" srcset=\"https:\/\/www.serafimaint.com\/wp-content\/uploads\/2024\/04\/reverse-eng.jpg 1140w, https:\/\/www.serafimaint.com\/wp-content\/uploads\/2024\/04\/reverse-eng-300x225.jpg 300w, https:\/\/www.serafimaint.com\/wp-content\/uploads\/2024\/04\/reverse-eng-1024x769.jpg 1024w, https:\/\/www.serafimaint.com\/wp-content\/uploads\/2024\/04\/reverse-eng-768x577.jpg 768w, https:\/\/www.serafimaint.com\/wp-content\/uploads\/2024\/04\/reverse-eng-630x473.jpg 630w, https:\/\/www.serafimaint.com\/wp-content\/uploads\/2024\/04\/reverse-eng-420x315.jpg 420w, https:\/\/www.serafimaint.com\/wp-content\/uploads\/2024\/04\/reverse-eng-840x631.jpg 840w, https:\/\/www.serafimaint.com\/wp-content\/uploads\/2024\/04\/reverse-eng-315x237.jpg 315w\" \/>\t\t\t\t\t\t\t\n\n<\/div><!-- .vgblk-rw-wrapper -->","protected":false},"excerpt":{"rendered":"<p>Fachgerechte Schwei\u00dfdienste f\u00fcr Laufr\u00e4der und Rotoren: Pr\u00e4zision f\u00fcr maximale Zuverl\u00e4ssigkeit Bei Serafima bieten wir hochpr\u00e4zise Schwei\u00dfdienstleistungen f\u00fcr Laufr\u00e4der und Rotoren, die maximale Zuverl\u00e4ssigkeit und Langlebigkeit gew\u00e4hrleisten. Unser Expertenteam ist auf&#8230;<\/p>\n","protected":false},"author":1,"featured_media":990211,"parent":0,"menu_order":0,"comment_status":"closed","ping_status":"closed","template":"","meta":{"inline_featured_image":false,"footnotes":""},"class_list":["post-990593","page","type-page","status-publish","has-post-thumbnail","hentry"],"yoast_head":"<!-- This site is optimized with the Yoast SEO plugin v27.4 - https:\/\/yoast.com\/product\/yoast-seo-wordpress\/ -->\n<title>Hersteller von Ventilatoren, Gebl\u00e4sen und Kompressoren<\/title>\n<meta name=\"description\" content=\"Serafima ist ein globaler Dienstleister und Maschinenhersteller, der sich auf rotierende Anlagen, einschlie\u00dflich Ventilatoren, Gebl\u00e4se und Kompressoren, spezialisiert hat.\" \/>\n<meta name=\"robots\" content=\"index, follow, max-snippet:-1, max-image-preview:large, max-video-preview:-1\" \/>\n<link rel=\"canonical\" href=\"https:\/\/www.serafimaint.com\/de\/experten-fuer-schweissen\/\" \/>\n<meta property=\"og:locale\" content=\"de_DE\" \/>\n<meta property=\"og:type\" content=\"article\" \/>\n<meta property=\"og:title\" content=\"Hersteller von Ventilatoren, Gebl\u00e4sen und Kompressoren\" \/>\n<meta property=\"og:description\" content=\"Serafima ist ein globaler Dienstleister und Maschinenhersteller, der sich auf rotierende Anlagen, einschlie\u00dflich Ventilatoren, Gebl\u00e4se und Kompressoren, spezialisiert hat.\" \/>\n<meta property=\"og:url\" content=\"https:\/\/www.serafimaint.com\/de\/experten-fuer-schweissen\/\" \/>\n<meta property=\"og:site_name\" content=\"Serafima\" \/>\n<meta property=\"article:publisher\" content=\"https:\/\/www.facebook.com\/serafimaservice\" \/>\n<meta property=\"article:modified_time\" content=\"2025-03-06T17:25:40+00:00\" \/>\n<meta property=\"og:image\" content=\"https:\/\/www.serafimaint.com\/wp-content\/uploads\/2017\/07\/RaaS-Logo_PNG.png\" \/>\n\t<meta property=\"og:image:width\" content=\"250\" \/>\n\t<meta property=\"og:image:height\" content=\"91\" \/>\n\t<meta property=\"og:image:type\" content=\"image\/png\" \/>\n<meta name=\"twitter:card\" content=\"summary_large_image\" \/>\n<meta name=\"twitter:label1\" content=\"Gesch\u00e4tzte Lesezeit\" \/>\n\t<meta name=\"twitter:data1\" content=\"1\u00a0Minute\" \/>\n<script type=\"application\/ld+json\" class=\"yoast-schema-graph\">{\"@context\":\"https:\\\/\\\/schema.org\",\"@graph\":[{\"@type\":\"WebPage\",\"@id\":\"https:\\\/\\\/www.serafimaint.com\\\/de\\\/experten-fuer-schweissen\\\/\",\"url\":\"https:\\\/\\\/www.serafimaint.com\\\/de\\\/experten-fuer-schweissen\\\/\",\"name\":\"Hersteller von Ventilatoren, Gebl\u00e4sen und Kompressoren\",\"isPartOf\":{\"@id\":\"https:\\\/\\\/www.serafimaint.com\\\/de\\\/#website\"},\"primaryImageOfPage\":{\"@id\":\"https:\\\/\\\/www.serafimaint.com\\\/de\\\/experten-fuer-schweissen\\\/#primaryimage\"},\"image\":{\"@id\":\"https:\\\/\\\/www.serafimaint.com\\\/de\\\/experten-fuer-schweissen\\\/#primaryimage\"},\"thumbnailUrl\":\"https:\\\/\\\/www.serafimaint.com\\\/wp-content\\\/uploads\\\/2017\\\/07\\\/RaaS-Logo_PNG.png\",\"datePublished\":\"2024-10-08T19:40:28+00:00\",\"dateModified\":\"2025-03-06T17:25:40+00:00\",\"description\":\"Serafima ist ein globaler Dienstleister und Maschinenhersteller, der sich auf rotierende Anlagen, einschlie\u00dflich Ventilatoren, Gebl\u00e4se und Kompressoren, spezialisiert hat.\",\"breadcrumb\":{\"@id\":\"https:\\\/\\\/www.serafimaint.com\\\/de\\\/experten-fuer-schweissen\\\/#breadcrumb\"},\"inLanguage\":\"de\",\"potentialAction\":[{\"@type\":\"ReadAction\",\"target\":[\"https:\\\/\\\/www.serafimaint.com\\\/de\\\/experten-fuer-schweissen\\\/\"]}]},{\"@type\":\"ImageObject\",\"inLanguage\":\"de\",\"@id\":\"https:\\\/\\\/www.serafimaint.com\\\/de\\\/experten-fuer-schweissen\\\/#primaryimage\",\"url\":\"https:\\\/\\\/www.serafimaint.com\\\/wp-content\\\/uploads\\\/2017\\\/07\\\/RaaS-Logo_PNG.png\",\"contentUrl\":\"https:\\\/\\\/www.serafimaint.com\\\/wp-content\\\/uploads\\\/2017\\\/07\\\/RaaS-Logo_PNG.png\",\"width\":250,\"height\":91},{\"@type\":\"BreadcrumbList\",\"@id\":\"https:\\\/\\\/www.serafimaint.com\\\/de\\\/experten-fuer-schweissen\\\/#breadcrumb\",\"itemListElement\":[{\"@type\":\"ListItem\",\"position\":1,\"name\":\"Home\",\"item\":\"https:\\\/\\\/www.serafimaint.com\\\/de\\\/\"},{\"@type\":\"ListItem\",\"position\":2,\"name\":\"Experten f\u00fcr Schwei\u00dfen\"}]},{\"@type\":\"WebSite\",\"@id\":\"https:\\\/\\\/www.serafimaint.com\\\/de\\\/#website\",\"url\":\"https:\\\/\\\/www.serafimaint.com\\\/de\\\/\",\"name\":\"Serafima\",\"description\":\"\",\"publisher\":{\"@id\":\"https:\\\/\\\/www.serafimaint.com\\\/de\\\/#organization\"},\"potentialAction\":[{\"@type\":\"SearchAction\",\"target\":{\"@type\":\"EntryPoint\",\"urlTemplate\":\"https:\\\/\\\/www.serafimaint.com\\\/de\\\/?s={search_term_string}\"},\"query-input\":{\"@type\":\"PropertyValueSpecification\",\"valueRequired\":true,\"valueName\":\"search_term_string\"}}],\"inLanguage\":\"de\"},{\"@type\":\"Organization\",\"@id\":\"https:\\\/\\\/www.serafimaint.com\\\/de\\\/#organization\",\"name\":\"Serafima\",\"url\":\"https:\\\/\\\/www.serafimaint.com\\\/de\\\/\",\"logo\":{\"@type\":\"ImageObject\",\"inLanguage\":\"de\",\"@id\":\"https:\\\/\\\/www.serafimaint.com\\\/de\\\/#\\\/schema\\\/logo\\\/image\\\/\",\"url\":\"https:\\\/\\\/www.serafimaint.com\\\/wp-content\\\/uploads\\\/2024\\\/04\\\/logo300.png\",\"contentUrl\":\"https:\\\/\\\/www.serafimaint.com\\\/wp-content\\\/uploads\\\/2024\\\/04\\\/logo300.png\",\"width\":300,\"height\":82,\"caption\":\"Serafima\"},\"image\":{\"@id\":\"https:\\\/\\\/www.serafimaint.com\\\/de\\\/#\\\/schema\\\/logo\\\/image\\\/\"},\"sameAs\":[\"https:\\\/\\\/www.facebook.com\\\/serafimaservice\",\"https:\\\/\\\/www.xing.com\\\/pages\\\/serafimagmbh-co-kg\",\"https:\\\/\\\/www.linkedin.com\\\/company\\\/53425691\"]}]}<\/script>\n<!-- \/ Yoast SEO plugin. -->","yoast_head_json":{"title":"Hersteller von Ventilatoren, Gebl\u00e4sen und Kompressoren","description":"Serafima ist ein globaler Dienstleister und Maschinenhersteller, der sich auf rotierende Anlagen, einschlie\u00dflich Ventilatoren, Gebl\u00e4se und Kompressoren, spezialisiert hat.","robots":{"index":"index","follow":"follow","max-snippet":"max-snippet:-1","max-image-preview":"max-image-preview:large","max-video-preview":"max-video-preview:-1"},"canonical":"https:\/\/www.serafimaint.com\/de\/experten-fuer-schweissen\/","og_locale":"de_DE","og_type":"article","og_title":"Hersteller von Ventilatoren, Gebl\u00e4sen und Kompressoren","og_description":"Serafima ist ein globaler Dienstleister und Maschinenhersteller, der sich auf rotierende Anlagen, einschlie\u00dflich Ventilatoren, Gebl\u00e4se und Kompressoren, spezialisiert hat.","og_url":"https:\/\/www.serafimaint.com\/de\/experten-fuer-schweissen\/","og_site_name":"Serafima","article_publisher":"https:\/\/www.facebook.com\/serafimaservice","article_modified_time":"2025-03-06T17:25:40+00:00","og_image":[{"width":250,"height":91,"url":"https:\/\/www.serafimaint.com\/wp-content\/uploads\/2017\/07\/RaaS-Logo_PNG.png","type":"image\/png"}],"twitter_card":"summary_large_image","twitter_misc":{"Gesch\u00e4tzte Lesezeit":"1\u00a0Minute"},"schema":{"@context":"https:\/\/schema.org","@graph":[{"@type":"WebPage","@id":"https:\/\/www.serafimaint.com\/de\/experten-fuer-schweissen\/","url":"https:\/\/www.serafimaint.com\/de\/experten-fuer-schweissen\/","name":"Hersteller von Ventilatoren, Gebl\u00e4sen und Kompressoren","isPartOf":{"@id":"https:\/\/www.serafimaint.com\/de\/#website"},"primaryImageOfPage":{"@id":"https:\/\/www.serafimaint.com\/de\/experten-fuer-schweissen\/#primaryimage"},"image":{"@id":"https:\/\/www.serafimaint.com\/de\/experten-fuer-schweissen\/#primaryimage"},"thumbnailUrl":"https:\/\/www.serafimaint.com\/wp-content\/uploads\/2017\/07\/RaaS-Logo_PNG.png","datePublished":"2024-10-08T19:40:28+00:00","dateModified":"2025-03-06T17:25:40+00:00","description":"Serafima ist ein globaler Dienstleister und Maschinenhersteller, der sich auf rotierende Anlagen, einschlie\u00dflich Ventilatoren, Gebl\u00e4se und Kompressoren, spezialisiert hat.","breadcrumb":{"@id":"https:\/\/www.serafimaint.com\/de\/experten-fuer-schweissen\/#breadcrumb"},"inLanguage":"de","potentialAction":[{"@type":"ReadAction","target":["https:\/\/www.serafimaint.com\/de\/experten-fuer-schweissen\/"]}]},{"@type":"ImageObject","inLanguage":"de","@id":"https:\/\/www.serafimaint.com\/de\/experten-fuer-schweissen\/#primaryimage","url":"https:\/\/www.serafimaint.com\/wp-content\/uploads\/2017\/07\/RaaS-Logo_PNG.png","contentUrl":"https:\/\/www.serafimaint.com\/wp-content\/uploads\/2017\/07\/RaaS-Logo_PNG.png","width":250,"height":91},{"@type":"BreadcrumbList","@id":"https:\/\/www.serafimaint.com\/de\/experten-fuer-schweissen\/#breadcrumb","itemListElement":[{"@type":"ListItem","position":1,"name":"Home","item":"https:\/\/www.serafimaint.com\/de\/"},{"@type":"ListItem","position":2,"name":"Experten f\u00fcr Schwei\u00dfen"}]},{"@type":"WebSite","@id":"https:\/\/www.serafimaint.com\/de\/#website","url":"https:\/\/www.serafimaint.com\/de\/","name":"Serafima","description":"","publisher":{"@id":"https:\/\/www.serafimaint.com\/de\/#organization"},"potentialAction":[{"@type":"SearchAction","target":{"@type":"EntryPoint","urlTemplate":"https:\/\/www.serafimaint.com\/de\/?s={search_term_string}"},"query-input":{"@type":"PropertyValueSpecification","valueRequired":true,"valueName":"search_term_string"}}],"inLanguage":"de"},{"@type":"Organization","@id":"https:\/\/www.serafimaint.com\/de\/#organization","name":"Serafima","url":"https:\/\/www.serafimaint.com\/de\/","logo":{"@type":"ImageObject","inLanguage":"de","@id":"https:\/\/www.serafimaint.com\/de\/#\/schema\/logo\/image\/","url":"https:\/\/www.serafimaint.com\/wp-content\/uploads\/2024\/04\/logo300.png","contentUrl":"https:\/\/www.serafimaint.com\/wp-content\/uploads\/2024\/04\/logo300.png","width":300,"height":82,"caption":"Serafima"},"image":{"@id":"https:\/\/www.serafimaint.com\/de\/#\/schema\/logo\/image\/"},"sameAs":["https:\/\/www.facebook.com\/serafimaservice","https:\/\/www.xing.com\/pages\/serafimagmbh-co-kg","https:\/\/www.linkedin.com\/company\/53425691"]}]}},"jetpack_sharing_enabled":true,"_links":{"self":[{"href":"https:\/\/www.serafimaint.com\/de\/wp-json\/wp\/v2\/pages\/990593","targetHints":{"allow":["GET"]}}],"collection":[{"href":"https:\/\/www.serafimaint.com\/de\/wp-json\/wp\/v2\/pages"}],"about":[{"href":"https:\/\/www.serafimaint.com\/de\/wp-json\/wp\/v2\/types\/page"}],"author":[{"embeddable":true,"href":"https:\/\/www.serafimaint.com\/de\/wp-json\/wp\/v2\/users\/1"}],"replies":[{"embeddable":true,"href":"https:\/\/www.serafimaint.com\/de\/wp-json\/wp\/v2\/comments?post=990593"}],"version-history":[{"count":0,"href":"https:\/\/www.serafimaint.com\/de\/wp-json\/wp\/v2\/pages\/990593\/revisions"}],"wp:featuredmedia":[{"embeddable":true,"href":"https:\/\/www.serafimaint.com\/de\/wp-json\/wp\/v2\/media\/990211"}],"wp:attachment":[{"href":"https:\/\/www.serafimaint.com\/de\/wp-json\/wp\/v2\/media?parent=990593"}],"curies":[{"name":"wp","href":"https:\/\/api.w.org\/{rel}","templated":true}]}}