{"id":990713,"date":"2025-01-12T00:22:52","date_gmt":"2025-01-11T23:22:52","guid":{"rendered":"https:\/\/serafima2024.live-website.com\/verfuegbare-stelle-experte-fuer-zustandsueberwachung-und-digitale-loesungen-m-w-d-2\/"},"modified":"2025-06-21T13:56:15","modified_gmt":"2025-06-21T12:56:15","slug":"verfuegbare-stelle-experte-fuer-zustandsueberwachung-und-digitale-loesungen-m-w-d-2","status":"publish","type":"page","link":"https:\/\/www.serafimaint.com\/de\/verfuegbare-stelle-experte-fuer-zustandsueberwachung-und-digitale-loesungen-m-w-d-2\/","title":{"rendered":"Verf\u00fcgbare Position: Spezialist f\u00fcr Zustands\u00fcberwachung und digitale L\u00f6sungen \u201cm\/w\/d\u201d"},"content":{"rendered":"<div class=\"vgblk-rw-wrapper limit-wrapper\">\n\n\t<p><strong>Serafima GmbH &amp; Co. KG<\/strong> ist ein weltweit aktiver Serviceanbieter und Maschinenhersteller, der sich auf rotierende Maschinen in einer Vielzahl von Branchen spezialisiert hat. Von unserem Hauptsitz in Gaildorf aus bieten wir unseren Kunden ein umfassendes Dienstleistungs- und Maschinenportfolio, darunter die Lieferung von Ersatzteilen, Reparaturen, Modifikationen, Reverse Engineering, Wartung und Ersatz- \/ Neumaschinen. Unsere Leidenschaft f\u00fcr Qualit\u00e4t und Innovation macht uns zu einem vertrauensw\u00fcrdigen Partner f\u00fcr industrielle L\u00f6sungen weltweit.<\/p>\n<p>Wir suchen eine talentierte und engagierte Pers\u00f6nlichkeit, die <strong>unser Team<\/strong> im Bereich digitale L\u00f6sungen und Zustands\u00fcberwachung mit frischen Ideen und Leidenschaft verst\u00e4rkt.<\/p>\n<p>&nbsp;<\/p>\n<h3><strong>Position<\/strong>: Spezialist f\u00fcr Zustands\u00fcberwachung und digitale L\u00f6sungen &#8222;m\/f\/d&#8220;<\/h3>\n<p>&nbsp;<\/p>\n<p><strong>Ihre Hauptaufgaben:<\/strong><\/p>\n<ul>\n<li>Mitwirkung an der Verwaltung und Weiterentwicklung unseres einzigartigen Online-Zustands\u00fcberwachungssystems <strong>RaaS<\/strong> (Remote as a Service).<\/li>\n<li>Enge Zusammenarbeit mit dem Anbieter der Low-Code-Plattform zur Weiterentwicklung und Anpassung von Softwaremodulen, um spezifische Kundenanforderungen optimal umzusetzen.<\/li>\n<li>Enge Zusammenarbeit mit Herstellern und Lieferanten im Bereich Sensortechnologie, um eine nahtlose Integration zu gew\u00e4hrleisten.<\/li>\n<li>Verwalten, pflegen und analysieren von Daten im Rahmen der Aufgaben im <strong>Datenmanagement<\/strong>.<\/li>\n<li>Unterst\u00fctzung beim Aufbau und bei der Inbetriebnahme von Schnittstellen zwischen Kundensystemen und unserem System bei <strong>Serafima<\/strong>.<\/li>\n<li>Erstellung und kontinuierliche Optimierung der Dokumentation f\u00fcr die Erfassung von Kundenanlagen und die Implementierung von Softwarel\u00f6sungen.<\/li>\n<li>Unterst\u00fctzung beim System-Rollout: Durchf\u00fchrung von Schulungen f\u00fcr Kundenmitarbeiter und Entwicklung und kontinuierliche Optimierung von Schulungsmaterialien.<\/li>\n<\/ul>\n<p>&nbsp;<\/p>\n<p><strong>Ihr Profil:<\/strong><\/p>\n<ul>\n<li>Abgeschlossenes Studium in der Automatisierungstechnik, Digitalisierung, Prozessleittechnik oder eine vergleichbare Qualifikation.<\/li>\n<li>Ausgepr\u00e4gte analytische F\u00e4higkeiten und eine hohe Affinit\u00e4t f\u00fcr die Arbeit mit Daten.<\/li>\n<li>Ein echter Teamplayer mit Begeisterung f\u00fcr die Zusammenarbeit in interdisziplin\u00e4ren Teams.<\/li>\n<li>L\u00f6sungsorientierte, organisierte und selbstst\u00e4ndige Arbeitsweise.<\/li>\n<li>Gute Englischkenntnisse sind von Vorteil.<\/li>\n<\/ul>\n<p>&nbsp;<\/p>\n<p><strong>Verg\u00fctung und Leistungen:<\/strong><\/p>\n<ul>\n<li>Leistungsgerechte Verg\u00fctung, die Ihre Qualifikationen und Erfahrung anerkennt.<\/li>\n<li>Flexible Arbeitszeiten und die M\u00f6glichkeit zum mobilen Arbeiten.<\/li>\n<li>Umfangreiche Weiterbildungs- und Entwicklungsm\u00f6glichkeiten zur F\u00f6rderung Ihrer Karriere.<\/li>\n<li>Zugang zu neuester Technologie und innovativen Tools.<\/li>\n<li>Betriebliche Altersvorsorge, Mitarbeiterrabatte und weitere Benefits.<\/li>\n<li>Ein motiviertes Team und eine offene, kollegiale Arbeitsatmosph\u00e4re.<\/li>\n<\/ul>\n<p>&nbsp;<\/p>\n<strong>Warum Serafima?<\/strong><br \/>\nBei Serafima bieten wir vielseitige und verantwortungsvolle Aufgaben in einem dynamischen, internationalen Umfeld. Als Teil unseres wachsenden Familienunternehmens erwartet Sie eine kollegiale Unternehmenskultur, die Zusammenarbeit f\u00f6rdert und Ihnen vielf\u00e4ltige Chancen f\u00fcr pers\u00f6nliche und berufliche Weiterentwicklung bietet.\n<p>&nbsp;<\/p>\n<p><strong>Interessiert? <\/strong><\/p>\n<p>Wenn Sie eine herausfordernde und zugleich lohnende Festanstellung suchen, dann freuen wir uns darauf, Sie kennenzulernen! Bitte senden Sie Ihre vollst\u00e4ndige Bewerbung, einschlie\u00dflich Ihrer Gehaltsvorstellungen und Verf\u00fcgbarkeit, an:<\/p>\n\tG\u00fcnter Klein<br \/>\nHR<br \/>\nSerafima GmbH &amp;amp Co. KG<br \/>\nIn der Eschenau 774405 Gaildorf<br \/>\nTel.: +49 791 94600 140<br \/>\nMobil: +49 170 9312996<br \/>\neMail: <a href=\"mailto:g.klein@serafimaint.com\">g.klein@serafimaint.com<\/a>\n\n<\/div><!-- .vgblk-rw-wrapper -->","protected":false},"excerpt":{"rendered":"<p>Serafima GmbH &amp; Co. KG ist ein weltweit aktiver Serviceanbieter und Maschinenhersteller, der sich auf rotierende Maschinen in einer Vielzahl von Branchen spezialisiert hat. Von unserem Hauptsitz in Gaildorf aus&#8230;<\/p>\n","protected":false},"author":1,"featured_media":0,"parent":0,"menu_order":0,"comment_status":"closed","ping_status":"closed","template":"","meta":{"inline_featured_image":false,"footnotes":""},"class_list":["post-990713","page","type-page","status-publish","hentry"],"yoast_head":"<!-- This site is optimized with the Yoast SEO plugin v27.5 - https:\/\/yoast.com\/product\/yoast-seo-wordpress\/ -->\n<title>Verf\u00fcgbare Position: Spezialist f\u00fcr Zustands\u00fcberwachung und digitale L\u00f6sungen \u201cm\/w\/d\u201d - Serafima<\/title>\n<meta name=\"description\" content=\"Serafima ist ein weltweit t\u00e4tiger Dienstleister und Maschinenhersteller, spezialisiert auf rotierende Anlagen wie Ventilatoren, Gebl\u00e4se und Kompressoren.\" \/>\n<meta name=\"robots\" content=\"index, follow, max-snippet:-1, max-image-preview:large, max-video-preview:-1\" \/>\n<link rel=\"canonical\" href=\"https:\/\/www.serafimaint.com\/de\/verfuegbare-stelle-experte-fuer-zustandsueberwachung-und-digitale-loesungen-m-w-d-2\/\" \/>\n<meta property=\"og:locale\" content=\"de_DE\" \/>\n<meta property=\"og:type\" content=\"article\" \/>\n<meta property=\"og:title\" content=\"Verf\u00fcgbare Position: Spezialist f\u00fcr Zustands\u00fcberwachung und digitale L\u00f6sungen \u201cm\/w\/d\u201d - Serafima\" \/>\n<meta property=\"og:description\" content=\"Serafima ist ein weltweit t\u00e4tiger Dienstleister und Maschinenhersteller, spezialisiert auf rotierende Anlagen wie Ventilatoren, Gebl\u00e4se und Kompressoren.\" \/>\n<meta property=\"og:url\" content=\"https:\/\/www.serafimaint.com\/de\/verfuegbare-stelle-experte-fuer-zustandsueberwachung-und-digitale-loesungen-m-w-d-2\/\" \/>\n<meta property=\"og:site_name\" content=\"Serafima\" \/>\n<meta property=\"article:publisher\" content=\"https:\/\/www.facebook.com\/serafimaservice\" \/>\n<meta property=\"article:modified_time\" content=\"2025-06-21T12:56:15+00:00\" \/>\n<meta name=\"twitter:card\" content=\"summary_large_image\" \/>\n<meta name=\"twitter:label1\" content=\"Gesch\u00e4tzte Lesezeit\" \/>\n\t<meta name=\"twitter:data1\" content=\"2\u00a0Minuten\" \/>\n<script type=\"application\/ld+json\" class=\"yoast-schema-graph\">{\"@context\":\"https:\\\/\\\/schema.org\",\"@graph\":[{\"@type\":\"WebPage\",\"@id\":\"https:\\\/\\\/www.serafimaint.com\\\/de\\\/verfuegbare-stelle-experte-fuer-zustandsueberwachung-und-digitale-loesungen-m-w-d-2\\\/\",\"url\":\"https:\\\/\\\/www.serafimaint.com\\\/de\\\/verfuegbare-stelle-experte-fuer-zustandsueberwachung-und-digitale-loesungen-m-w-d-2\\\/\",\"name\":\"Verf\u00fcgbare Position: Spezialist f\u00fcr Zustands\u00fcberwachung und digitale L\u00f6sungen \u201cm\\\/w\\\/d\u201d - Serafima\",\"isPartOf\":{\"@id\":\"https:\\\/\\\/www.serafimaint.com\\\/de\\\/#website\"},\"datePublished\":\"2025-01-11T23:22:52+00:00\",\"dateModified\":\"2025-06-21T12:56:15+00:00\",\"description\":\"Serafima ist ein weltweit t\u00e4tiger Dienstleister und Maschinenhersteller, spezialisiert auf rotierende Anlagen wie Ventilatoren, Gebl\u00e4se und Kompressoren.\",\"breadcrumb\":{\"@id\":\"https:\\\/\\\/www.serafimaint.com\\\/de\\\/verfuegbare-stelle-experte-fuer-zustandsueberwachung-und-digitale-loesungen-m-w-d-2\\\/#breadcrumb\"},\"inLanguage\":\"de\",\"potentialAction\":[{\"@type\":\"ReadAction\",\"target\":[\"https:\\\/\\\/www.serafimaint.com\\\/de\\\/verfuegbare-stelle-experte-fuer-zustandsueberwachung-und-digitale-loesungen-m-w-d-2\\\/\"]}]},{\"@type\":\"BreadcrumbList\",\"@id\":\"https:\\\/\\\/www.serafimaint.com\\\/de\\\/verfuegbare-stelle-experte-fuer-zustandsueberwachung-und-digitale-loesungen-m-w-d-2\\\/#breadcrumb\",\"itemListElement\":[{\"@type\":\"ListItem\",\"position\":1,\"name\":\"Home\",\"item\":\"https:\\\/\\\/www.serafimaint.com\\\/de\\\/\"},{\"@type\":\"ListItem\",\"position\":2,\"name\":\"Verf\u00fcgbare Position: Spezialist f\u00fcr Zustands\u00fcberwachung und digitale L\u00f6sungen \u201cm\\\/w\\\/d\u201d\"}]},{\"@type\":\"WebSite\",\"@id\":\"https:\\\/\\\/www.serafimaint.com\\\/de\\\/#website\",\"url\":\"https:\\\/\\\/www.serafimaint.com\\\/de\\\/\",\"name\":\"Serafima\",\"description\":\"\",\"publisher\":{\"@id\":\"https:\\\/\\\/www.serafimaint.com\\\/de\\\/#organization\"},\"potentialAction\":[{\"@type\":\"SearchAction\",\"target\":{\"@type\":\"EntryPoint\",\"urlTemplate\":\"https:\\\/\\\/www.serafimaint.com\\\/de\\\/?s={search_term_string}\"},\"query-input\":{\"@type\":\"PropertyValueSpecification\",\"valueRequired\":true,\"valueName\":\"search_term_string\"}}],\"inLanguage\":\"de\"},{\"@type\":\"Organization\",\"@id\":\"https:\\\/\\\/www.serafimaint.com\\\/de\\\/#organization\",\"name\":\"Serafima\",\"url\":\"https:\\\/\\\/www.serafimaint.com\\\/de\\\/\",\"logo\":{\"@type\":\"ImageObject\",\"inLanguage\":\"de\",\"@id\":\"https:\\\/\\\/www.serafimaint.com\\\/de\\\/#\\\/schema\\\/logo\\\/image\\\/\",\"url\":\"https:\\\/\\\/www.serafimaint.com\\\/wp-content\\\/uploads\\\/2024\\\/04\\\/logo300.png\",\"contentUrl\":\"https:\\\/\\\/www.serafimaint.com\\\/wp-content\\\/uploads\\\/2024\\\/04\\\/logo300.png\",\"width\":300,\"height\":82,\"caption\":\"Serafima\"},\"image\":{\"@id\":\"https:\\\/\\\/www.serafimaint.com\\\/de\\\/#\\\/schema\\\/logo\\\/image\\\/\"},\"sameAs\":[\"https:\\\/\\\/www.facebook.com\\\/serafimaservice\",\"https:\\\/\\\/www.xing.com\\\/pages\\\/serafimagmbh-co-kg\",\"https:\\\/\\\/www.linkedin.com\\\/company\\\/53425691\"]}]}<\/script>\n<!-- \/ Yoast SEO plugin. -->","yoast_head_json":{"title":"Verf\u00fcgbare Position: Spezialist f\u00fcr Zustands\u00fcberwachung und digitale L\u00f6sungen \u201cm\/w\/d\u201d - Serafima","description":"Serafima ist ein weltweit t\u00e4tiger Dienstleister und Maschinenhersteller, spezialisiert auf rotierende Anlagen wie Ventilatoren, Gebl\u00e4se und Kompressoren.","robots":{"index":"index","follow":"follow","max-snippet":"max-snippet:-1","max-image-preview":"max-image-preview:large","max-video-preview":"max-video-preview:-1"},"canonical":"https:\/\/www.serafimaint.com\/de\/verfuegbare-stelle-experte-fuer-zustandsueberwachung-und-digitale-loesungen-m-w-d-2\/","og_locale":"de_DE","og_type":"article","og_title":"Verf\u00fcgbare Position: Spezialist f\u00fcr Zustands\u00fcberwachung und digitale L\u00f6sungen \u201cm\/w\/d\u201d - Serafima","og_description":"Serafima ist ein weltweit t\u00e4tiger Dienstleister und Maschinenhersteller, spezialisiert auf rotierende Anlagen wie Ventilatoren, Gebl\u00e4se und Kompressoren.","og_url":"https:\/\/www.serafimaint.com\/de\/verfuegbare-stelle-experte-fuer-zustandsueberwachung-und-digitale-loesungen-m-w-d-2\/","og_site_name":"Serafima","article_publisher":"https:\/\/www.facebook.com\/serafimaservice","article_modified_time":"2025-06-21T12:56:15+00:00","twitter_card":"summary_large_image","twitter_misc":{"Gesch\u00e4tzte Lesezeit":"2\u00a0Minuten"},"schema":{"@context":"https:\/\/schema.org","@graph":[{"@type":"WebPage","@id":"https:\/\/www.serafimaint.com\/de\/verfuegbare-stelle-experte-fuer-zustandsueberwachung-und-digitale-loesungen-m-w-d-2\/","url":"https:\/\/www.serafimaint.com\/de\/verfuegbare-stelle-experte-fuer-zustandsueberwachung-und-digitale-loesungen-m-w-d-2\/","name":"Verf\u00fcgbare Position: Spezialist f\u00fcr Zustands\u00fcberwachung und digitale L\u00f6sungen \u201cm\/w\/d\u201d - Serafima","isPartOf":{"@id":"https:\/\/www.serafimaint.com\/de\/#website"},"datePublished":"2025-01-11T23:22:52+00:00","dateModified":"2025-06-21T12:56:15+00:00","description":"Serafima ist ein weltweit t\u00e4tiger Dienstleister und Maschinenhersteller, spezialisiert auf rotierende Anlagen wie Ventilatoren, Gebl\u00e4se und Kompressoren.","breadcrumb":{"@id":"https:\/\/www.serafimaint.com\/de\/verfuegbare-stelle-experte-fuer-zustandsueberwachung-und-digitale-loesungen-m-w-d-2\/#breadcrumb"},"inLanguage":"de","potentialAction":[{"@type":"ReadAction","target":["https:\/\/www.serafimaint.com\/de\/verfuegbare-stelle-experte-fuer-zustandsueberwachung-und-digitale-loesungen-m-w-d-2\/"]}]},{"@type":"BreadcrumbList","@id":"https:\/\/www.serafimaint.com\/de\/verfuegbare-stelle-experte-fuer-zustandsueberwachung-und-digitale-loesungen-m-w-d-2\/#breadcrumb","itemListElement":[{"@type":"ListItem","position":1,"name":"Home","item":"https:\/\/www.serafimaint.com\/de\/"},{"@type":"ListItem","position":2,"name":"Verf\u00fcgbare Position: Spezialist f\u00fcr Zustands\u00fcberwachung und digitale L\u00f6sungen \u201cm\/w\/d\u201d"}]},{"@type":"WebSite","@id":"https:\/\/www.serafimaint.com\/de\/#website","url":"https:\/\/www.serafimaint.com\/de\/","name":"Serafima","description":"","publisher":{"@id":"https:\/\/www.serafimaint.com\/de\/#organization"},"potentialAction":[{"@type":"SearchAction","target":{"@type":"EntryPoint","urlTemplate":"https:\/\/www.serafimaint.com\/de\/?s={search_term_string}"},"query-input":{"@type":"PropertyValueSpecification","valueRequired":true,"valueName":"search_term_string"}}],"inLanguage":"de"},{"@type":"Organization","@id":"https:\/\/www.serafimaint.com\/de\/#organization","name":"Serafima","url":"https:\/\/www.serafimaint.com\/de\/","logo":{"@type":"ImageObject","inLanguage":"de","@id":"https:\/\/www.serafimaint.com\/de\/#\/schema\/logo\/image\/","url":"https:\/\/www.serafimaint.com\/wp-content\/uploads\/2024\/04\/logo300.png","contentUrl":"https:\/\/www.serafimaint.com\/wp-content\/uploads\/2024\/04\/logo300.png","width":300,"height":82,"caption":"Serafima"},"image":{"@id":"https:\/\/www.serafimaint.com\/de\/#\/schema\/logo\/image\/"},"sameAs":["https:\/\/www.facebook.com\/serafimaservice","https:\/\/www.xing.com\/pages\/serafimagmbh-co-kg","https:\/\/www.linkedin.com\/company\/53425691"]}]}},"jetpack_sharing_enabled":true,"_links":{"self":[{"href":"https:\/\/www.serafimaint.com\/de\/wp-json\/wp\/v2\/pages\/990713","targetHints":{"allow":["GET"]}}],"collection":[{"href":"https:\/\/www.serafimaint.com\/de\/wp-json\/wp\/v2\/pages"}],"about":[{"href":"https:\/\/www.serafimaint.com\/de\/wp-json\/wp\/v2\/types\/page"}],"author":[{"embeddable":true,"href":"https:\/\/www.serafimaint.com\/de\/wp-json\/wp\/v2\/users\/1"}],"replies":[{"embeddable":true,"href":"https:\/\/www.serafimaint.com\/de\/wp-json\/wp\/v2\/comments?post=990713"}],"version-history":[{"count":3,"href":"https:\/\/www.serafimaint.com\/de\/wp-json\/wp\/v2\/pages\/990713\/revisions"}],"predecessor-version":[{"id":991713,"href":"https:\/\/www.serafimaint.com\/de\/wp-json\/wp\/v2\/pages\/990713\/revisions\/991713"}],"wp:attachment":[{"href":"https:\/\/www.serafimaint.com\/de\/wp-json\/wp\/v2\/media?parent=990713"}],"curies":[{"name":"wp","href":"https:\/\/api.w.org\/{rel}","templated":true}]}}