{"id":990727,"date":"2025-01-12T00:38:13","date_gmt":"2025-01-11T23:38:13","guid":{"rendered":"https:\/\/serafima2024.live-website.com\/verfuegbare-stelle-konstruktionsmechaniker-schweisser-m-w-d\/"},"modified":"2025-06-21T13:37:57","modified_gmt":"2025-06-21T12:37:57","slug":"verfuegbare-stelle-konstruktionsmechaniker-schweisser-m-w-d","status":"publish","type":"page","link":"https:\/\/www.serafimaint.com\/de\/verfuegbare-stelle-konstruktionsmechaniker-schweisser-m-w-d\/","title":{"rendered":"Verf\u00fcgbare Position: Konstruktionsmechaniker &amp; Schwei\u00dfer \u201cm\/f\/d\u201d"},"content":{"rendered":"<div class=\"vgblk-rw-wrapper limit-wrapper\">\n\n\t<p>Bei Serafima GmbH &amp; Co. KG sind wir ein weltweit aktiver Serviceanbieter, der sich auf rotierende Maschinen in einer Vielzahl von Branchen spezialisiert hat. Von unserem Hauptsitz in Gaildorf aus bieten wir unseren Kunden ein umfassendes Dienstleistungs- und Maschinenportfolio, darunter die Lieferung von Ersatzteilen, Reparaturen, Modifikationen, Reverse Engineering, Wartung und Ersatz- \/ Neumaschinen. Unsere Leidenschaft f\u00fcr Qualit\u00e4t und Innovation macht uns zu einem vertrauensw\u00fcrdigen Partner f\u00fcr industrielle L\u00f6sungen weltweit.<\/p>\n<p>Zur Verst\u00e4rkung unseres Schwei\u00dfzentrums mit Schwerpunkt auf die Laufradfertigung suchen wir ab sofort eine engagierte und motivierte Pers\u00f6nlichkeit, die <strong>unser Team bereichert<\/strong>.<\/p>\n<p>&nbsp;<\/p>\n<h3><strong>Position<\/strong>: Konstruktionsmechaniker &amp; Schwei\u00dfer &#8222;m\/f\/d&#8220;<\/h3>\n<p>&nbsp;<\/p>\n<p><strong>Ihre Hauptaufgaben:<\/strong><\/p>\n<ul>\n<li>Fertigung und Schwei\u00dfen von Laufr\u00e4dern \/ Rotoren und Baugruppen bis hin zu Edelstahl sowie Spezialmaterialien wie Titan und Hastelloy.<\/li>\n<li>Anwendung verschiedener Metallbearbeitungstechniken und Formprozesse.<\/li>\n<li>Selbstst\u00e4ndiges Arbeiten anhand technischer Zeichnungen.<\/li>\n<li>Pr\u00fcfung und Qualit\u00e4tssicherung der Arbeitsergebnisse zur Gew\u00e4hrleistung h\u00f6chster Standards.<\/li>\n<\/ul>\n<p>&nbsp;<\/p>\n<p><strong>Ihre Kenntnisse und F\u00e4higkeiten:<\/strong><\/p>\n<ul>\n<li>Erfolgreich abgeschlossene Ausbildung als Blechbearbeiter, Bau-Mechaniker oder eine vergleichbare Qualifikation in einem metallverarbeitenden Beruf.<\/li>\n<li>Erfahrung mit TIG-, MIG-, MAG- und Elektrodenschwei\u00dfprozessen f\u00fcr Stahl, Edelstahl und Spezialmaterialien ist von Vorteil.<\/li>\n<li>Fundierte Kenntnisse im Metallbau.<\/li>\n<li>Verantwortungsbewusstsein f\u00fcr Qualit\u00e4t und eine strukturierte, exakte Arbeitsweise.<\/li>\n<li>Motivation und Flexibilit\u00e4t auch in anspruchsvollen Situationen.<\/li>\n<li>Leidenschaft f\u00fcr abwechslungsreiche und herausfordernde T\u00e4tigkeiten.<\/li>\n<\/ul>\n<p>&nbsp;<\/p>\n<p><strong>Verg\u00fctung und Leistungen:<\/strong><\/p>\n<ul>\n<li>Leistungsgerechte Verg\u00fctung, die Ihre Qualifikationen und Erfahrung anerkennt.<\/li>\n<li>Herausfordernde und vielseitige Aufgaben in einem global t\u00e4tigen, wachsenden Familienunternehmen.<\/li>\n<li>Flache Hierarchien, kurze Entscheidungsprozesse und ein positives Arbeitsumfeld.<\/li>\n<\/ul>\n<p>&nbsp;<\/p>\n<strong>Warum Serafima?<\/strong><br \/>\nBei Serafima bieten wir vielseitige und verantwortungsvolle Aufgaben in einem dynamischen, internationalen Umfeld. Als Teil unseres wachsenden Familienunternehmens erwartet Sie eine kollegiale Unternehmenskultur, die Zusammenarbeit f\u00f6rdert und Ihnen vielf\u00e4ltige Chancen f\u00fcr pers\u00f6nliche und berufliche Weiterentwicklung bietet.\n<p>&nbsp;<\/p>\n<p><strong>Interessiert? <\/strong><\/p>\n<p>Wenn Sie eine herausfordernde und zugleich lohnende Festanstellung suchen, dann freuen wir uns darauf, Sie kennenzulernen! Bitte senden Sie Ihre vollst\u00e4ndige Bewerbung, einschlie\u00dflich Ihrer Gehaltsvorstellungen und Verf\u00fcgbarkeit, an:<\/p>\n\tG\u00fcnter Klein<br \/>\nHR<br \/>\nSerafima GmbH &amp; Co. KG<br \/>\nIn der Eschenau 7<br \/>\n74405 Gaildorf<br \/>\nTel.: +49 791 94600 140<br \/>\nMobil: +49 170 9312996<br \/>\neMail: <a href=\"mailto:g.klein@serafimaint.com\">g.klein@serafimaint.com<\/a>\n\n<\/div><!-- .vgblk-rw-wrapper -->","protected":false},"excerpt":{"rendered":"<p>Bei Serafima GmbH &amp; Co. KG sind wir ein weltweit aktiver Serviceanbieter, der sich auf rotierende Maschinen in einer Vielzahl von Branchen spezialisiert hat. Von unserem Hauptsitz in Gaildorf aus&#8230;<\/p>\n","protected":false},"author":1,"featured_media":0,"parent":0,"menu_order":0,"comment_status":"closed","ping_status":"closed","template":"","meta":{"inline_featured_image":false,"footnotes":""},"class_list":["post-990727","page","type-page","status-publish","hentry"],"yoast_head":"<!-- This site is optimized with the Yoast SEO plugin v27.5 - https:\/\/yoast.com\/product\/yoast-seo-wordpress\/ -->\n<title>Verf\u00fcgbare Position: Konstruktionsmechaniker &amp; Schwei\u00dfer \u201cm\/f\/d\u201d - Serafima<\/title>\n<meta name=\"description\" content=\"Serafima ist ein globaler Dienstleister und Maschinenhersteller, der sich auf rotierende Anlagen, einschlie\u00dflich Ventilatoren, Gebl\u00e4se und Kompressoren, spezialisiert hat.\" \/>\n<meta name=\"robots\" content=\"index, follow, max-snippet:-1, max-image-preview:large, max-video-preview:-1\" \/>\n<link rel=\"canonical\" href=\"https:\/\/www.serafimaint.com\/de\/verfuegbare-stelle-konstruktionsmechaniker-schweisser-m-w-d\/\" \/>\n<meta property=\"og:locale\" content=\"de_DE\" \/>\n<meta property=\"og:type\" content=\"article\" \/>\n<meta property=\"og:title\" content=\"Verf\u00fcgbare Position: Konstruktionsmechaniker &amp; Schwei\u00dfer \u201cm\/f\/d\u201d - Serafima\" \/>\n<meta property=\"og:description\" content=\"Serafima ist ein globaler Dienstleister und Maschinenhersteller, der sich auf rotierende Anlagen, einschlie\u00dflich Ventilatoren, Gebl\u00e4se und Kompressoren, spezialisiert hat.\" \/>\n<meta property=\"og:url\" content=\"https:\/\/www.serafimaint.com\/de\/verfuegbare-stelle-konstruktionsmechaniker-schweisser-m-w-d\/\" \/>\n<meta property=\"og:site_name\" content=\"Serafima\" \/>\n<meta property=\"article:publisher\" content=\"https:\/\/www.facebook.com\/serafimaservice\" \/>\n<meta property=\"article:modified_time\" content=\"2025-06-21T12:37:57+00:00\" \/>\n<meta name=\"twitter:card\" content=\"summary_large_image\" \/>\n<meta name=\"twitter:label1\" content=\"Gesch\u00e4tzte Lesezeit\" \/>\n\t<meta name=\"twitter:data1\" content=\"2\u00a0Minuten\" \/>\n<script type=\"application\/ld+json\" class=\"yoast-schema-graph\">{\"@context\":\"https:\\\/\\\/schema.org\",\"@graph\":[{\"@type\":\"WebPage\",\"@id\":\"https:\\\/\\\/www.serafimaint.com\\\/de\\\/verfuegbare-stelle-konstruktionsmechaniker-schweisser-m-w-d\\\/\",\"url\":\"https:\\\/\\\/www.serafimaint.com\\\/de\\\/verfuegbare-stelle-konstruktionsmechaniker-schweisser-m-w-d\\\/\",\"name\":\"Verf\u00fcgbare Position: Konstruktionsmechaniker &amp; Schwei\u00dfer \u201cm\\\/f\\\/d\u201d - Serafima\",\"isPartOf\":{\"@id\":\"https:\\\/\\\/www.serafimaint.com\\\/de\\\/#website\"},\"datePublished\":\"2025-01-11T23:38:13+00:00\",\"dateModified\":\"2025-06-21T12:37:57+00:00\",\"description\":\"Serafima ist ein globaler Dienstleister und Maschinenhersteller, der sich auf rotierende Anlagen, einschlie\u00dflich Ventilatoren, Gebl\u00e4se und Kompressoren, spezialisiert hat.\",\"breadcrumb\":{\"@id\":\"https:\\\/\\\/www.serafimaint.com\\\/de\\\/verfuegbare-stelle-konstruktionsmechaniker-schweisser-m-w-d\\\/#breadcrumb\"},\"inLanguage\":\"de\",\"potentialAction\":[{\"@type\":\"ReadAction\",\"target\":[\"https:\\\/\\\/www.serafimaint.com\\\/de\\\/verfuegbare-stelle-konstruktionsmechaniker-schweisser-m-w-d\\\/\"]}]},{\"@type\":\"BreadcrumbList\",\"@id\":\"https:\\\/\\\/www.serafimaint.com\\\/de\\\/verfuegbare-stelle-konstruktionsmechaniker-schweisser-m-w-d\\\/#breadcrumb\",\"itemListElement\":[{\"@type\":\"ListItem\",\"position\":1,\"name\":\"Home\",\"item\":\"https:\\\/\\\/www.serafimaint.com\\\/de\\\/\"},{\"@type\":\"ListItem\",\"position\":2,\"name\":\"Verf\u00fcgbare Position: Konstruktionsmechaniker &amp; Schwei\u00dfer \u201cm\\\/f\\\/d\u201d\"}]},{\"@type\":\"WebSite\",\"@id\":\"https:\\\/\\\/www.serafimaint.com\\\/de\\\/#website\",\"url\":\"https:\\\/\\\/www.serafimaint.com\\\/de\\\/\",\"name\":\"Serafima\",\"description\":\"\",\"publisher\":{\"@id\":\"https:\\\/\\\/www.serafimaint.com\\\/de\\\/#organization\"},\"potentialAction\":[{\"@type\":\"SearchAction\",\"target\":{\"@type\":\"EntryPoint\",\"urlTemplate\":\"https:\\\/\\\/www.serafimaint.com\\\/de\\\/?s={search_term_string}\"},\"query-input\":{\"@type\":\"PropertyValueSpecification\",\"valueRequired\":true,\"valueName\":\"search_term_string\"}}],\"inLanguage\":\"de\"},{\"@type\":\"Organization\",\"@id\":\"https:\\\/\\\/www.serafimaint.com\\\/de\\\/#organization\",\"name\":\"Serafima\",\"url\":\"https:\\\/\\\/www.serafimaint.com\\\/de\\\/\",\"logo\":{\"@type\":\"ImageObject\",\"inLanguage\":\"de\",\"@id\":\"https:\\\/\\\/www.serafimaint.com\\\/de\\\/#\\\/schema\\\/logo\\\/image\\\/\",\"url\":\"https:\\\/\\\/www.serafimaint.com\\\/wp-content\\\/uploads\\\/2024\\\/04\\\/logo300.png\",\"contentUrl\":\"https:\\\/\\\/www.serafimaint.com\\\/wp-content\\\/uploads\\\/2024\\\/04\\\/logo300.png\",\"width\":300,\"height\":82,\"caption\":\"Serafima\"},\"image\":{\"@id\":\"https:\\\/\\\/www.serafimaint.com\\\/de\\\/#\\\/schema\\\/logo\\\/image\\\/\"},\"sameAs\":[\"https:\\\/\\\/www.facebook.com\\\/serafimaservice\",\"https:\\\/\\\/www.xing.com\\\/pages\\\/serafimagmbh-co-kg\",\"https:\\\/\\\/www.linkedin.com\\\/company\\\/53425691\"]}]}<\/script>\n<!-- \/ Yoast SEO plugin. -->","yoast_head_json":{"title":"Verf\u00fcgbare Position: Konstruktionsmechaniker &amp; Schwei\u00dfer \u201cm\/f\/d\u201d - Serafima","description":"Serafima ist ein globaler Dienstleister und Maschinenhersteller, der sich auf rotierende Anlagen, einschlie\u00dflich Ventilatoren, Gebl\u00e4se und Kompressoren, spezialisiert hat.","robots":{"index":"index","follow":"follow","max-snippet":"max-snippet:-1","max-image-preview":"max-image-preview:large","max-video-preview":"max-video-preview:-1"},"canonical":"https:\/\/www.serafimaint.com\/de\/verfuegbare-stelle-konstruktionsmechaniker-schweisser-m-w-d\/","og_locale":"de_DE","og_type":"article","og_title":"Verf\u00fcgbare Position: Konstruktionsmechaniker &amp; Schwei\u00dfer \u201cm\/f\/d\u201d - Serafima","og_description":"Serafima ist ein globaler Dienstleister und Maschinenhersteller, der sich auf rotierende Anlagen, einschlie\u00dflich Ventilatoren, Gebl\u00e4se und Kompressoren, spezialisiert hat.","og_url":"https:\/\/www.serafimaint.com\/de\/verfuegbare-stelle-konstruktionsmechaniker-schweisser-m-w-d\/","og_site_name":"Serafima","article_publisher":"https:\/\/www.facebook.com\/serafimaservice","article_modified_time":"2025-06-21T12:37:57+00:00","twitter_card":"summary_large_image","twitter_misc":{"Gesch\u00e4tzte Lesezeit":"2\u00a0Minuten"},"schema":{"@context":"https:\/\/schema.org","@graph":[{"@type":"WebPage","@id":"https:\/\/www.serafimaint.com\/de\/verfuegbare-stelle-konstruktionsmechaniker-schweisser-m-w-d\/","url":"https:\/\/www.serafimaint.com\/de\/verfuegbare-stelle-konstruktionsmechaniker-schweisser-m-w-d\/","name":"Verf\u00fcgbare Position: Konstruktionsmechaniker &amp; Schwei\u00dfer \u201cm\/f\/d\u201d - Serafima","isPartOf":{"@id":"https:\/\/www.serafimaint.com\/de\/#website"},"datePublished":"2025-01-11T23:38:13+00:00","dateModified":"2025-06-21T12:37:57+00:00","description":"Serafima ist ein globaler Dienstleister und Maschinenhersteller, der sich auf rotierende Anlagen, einschlie\u00dflich Ventilatoren, Gebl\u00e4se und Kompressoren, spezialisiert hat.","breadcrumb":{"@id":"https:\/\/www.serafimaint.com\/de\/verfuegbare-stelle-konstruktionsmechaniker-schweisser-m-w-d\/#breadcrumb"},"inLanguage":"de","potentialAction":[{"@type":"ReadAction","target":["https:\/\/www.serafimaint.com\/de\/verfuegbare-stelle-konstruktionsmechaniker-schweisser-m-w-d\/"]}]},{"@type":"BreadcrumbList","@id":"https:\/\/www.serafimaint.com\/de\/verfuegbare-stelle-konstruktionsmechaniker-schweisser-m-w-d\/#breadcrumb","itemListElement":[{"@type":"ListItem","position":1,"name":"Home","item":"https:\/\/www.serafimaint.com\/de\/"},{"@type":"ListItem","position":2,"name":"Verf\u00fcgbare Position: Konstruktionsmechaniker &amp; Schwei\u00dfer \u201cm\/f\/d\u201d"}]},{"@type":"WebSite","@id":"https:\/\/www.serafimaint.com\/de\/#website","url":"https:\/\/www.serafimaint.com\/de\/","name":"Serafima","description":"","publisher":{"@id":"https:\/\/www.serafimaint.com\/de\/#organization"},"potentialAction":[{"@type":"SearchAction","target":{"@type":"EntryPoint","urlTemplate":"https:\/\/www.serafimaint.com\/de\/?s={search_term_string}"},"query-input":{"@type":"PropertyValueSpecification","valueRequired":true,"valueName":"search_term_string"}}],"inLanguage":"de"},{"@type":"Organization","@id":"https:\/\/www.serafimaint.com\/de\/#organization","name":"Serafima","url":"https:\/\/www.serafimaint.com\/de\/","logo":{"@type":"ImageObject","inLanguage":"de","@id":"https:\/\/www.serafimaint.com\/de\/#\/schema\/logo\/image\/","url":"https:\/\/www.serafimaint.com\/wp-content\/uploads\/2024\/04\/logo300.png","contentUrl":"https:\/\/www.serafimaint.com\/wp-content\/uploads\/2024\/04\/logo300.png","width":300,"height":82,"caption":"Serafima"},"image":{"@id":"https:\/\/www.serafimaint.com\/de\/#\/schema\/logo\/image\/"},"sameAs":["https:\/\/www.facebook.com\/serafimaservice","https:\/\/www.xing.com\/pages\/serafimagmbh-co-kg","https:\/\/www.linkedin.com\/company\/53425691"]}]}},"jetpack_sharing_enabled":true,"_links":{"self":[{"href":"https:\/\/www.serafimaint.com\/de\/wp-json\/wp\/v2\/pages\/990727","targetHints":{"allow":["GET"]}}],"collection":[{"href":"https:\/\/www.serafimaint.com\/de\/wp-json\/wp\/v2\/pages"}],"about":[{"href":"https:\/\/www.serafimaint.com\/de\/wp-json\/wp\/v2\/types\/page"}],"author":[{"embeddable":true,"href":"https:\/\/www.serafimaint.com\/de\/wp-json\/wp\/v2\/users\/1"}],"replies":[{"embeddable":true,"href":"https:\/\/www.serafimaint.com\/de\/wp-json\/wp\/v2\/comments?post=990727"}],"version-history":[{"count":3,"href":"https:\/\/www.serafimaint.com\/de\/wp-json\/wp\/v2\/pages\/990727\/revisions"}],"predecessor-version":[{"id":991708,"href":"https:\/\/www.serafimaint.com\/de\/wp-json\/wp\/v2\/pages\/990727\/revisions\/991708"}],"wp:attachment":[{"href":"https:\/\/www.serafimaint.com\/de\/wp-json\/wp\/v2\/media?parent=990727"}],"curies":[{"name":"wp","href":"https:\/\/api.w.org\/{rel}","templated":true}]}}