{"id":990736,"date":"2025-01-12T00:49:27","date_gmt":"2025-01-11T23:49:27","guid":{"rendered":"https:\/\/serafima2024.live-website.com\/verfuegbare-stelle-konstruktionsingenieur-m-w-d\/"},"modified":"2025-06-21T13:32:37","modified_gmt":"2025-06-21T12:32:37","slug":"verfuegbare-stelle-konstruktionsingenieur-m-w-d","status":"publish","type":"page","link":"https:\/\/www.serafimaint.com\/de\/verfuegbare-stelle-konstruktionsingenieur-m-w-d\/","title":{"rendered":"Verf\u00fcgbare Position: Konstruktionstechniker \u201cm\/w\/d\u201d"},"content":{"rendered":"<div class=\"vgblk-rw-wrapper limit-wrapper\">\n\n\t<p>Serafima GmbH &amp; Co. KG is a global service provider specializing in rotating equipment, serving customers across a wide range of industries. Operating from our headquarters in Gaildorf, we offer a comprehensive portfolio of services, including spare parts supply, repairs, modifications, reverse engineering, and maintenance. Our commitment to quality and innovation has made us a trusted partner for industrial solutions worldwide. We are seeking a talented and dedicated individual to join our Construction team.<\/p>\n<h3><strong>Position:<\/strong> Konstruktionstechniker f\u00fcr Turbomaschinen &#8222;m\/f\/d&#8220;<\/h3>\n<p>&nbsp;<\/p>\n<p><strong>Ihre Hauptaufgaben:<\/strong><\/p>\n<ul>\n<li>\u00dcberarbeitung und Anpassung von Ventilatoren, Gebl\u00e4sen, Kompressoren und deren Bauteilen, um spezifische Projektanforderungen sowie h\u00f6chste Leistungs- und Qualit\u00e4tsstandards zu erf\u00fcllen.<\/li>\n<li>Erstellen neuer technischer Zeichnungen f\u00fcr Turbomaschinen und deren Komponenten unter strikter Einhaltung aller Konstruktionsspezifikationen und Qualit\u00e4tsanforderungen.<\/li>\n<li>Optimierung des Designs durch Einf\u00fchrung standardisierter Prozesse, um die Produktion effizienter zu gestalten und eine gleichbleibende Qualit\u00e4t sicherzustellen.<\/li>\n<li>Erstellen detaillierter Ma\u00dfbl\u00e4tter und St\u00fccklisten und St\u00fccklisten in unserem ERP-System.<\/li>\n<li>Enge Kommunikation mit angrenzenden Bereichen (Produktion, Einkauf und Vertrieb).<\/li>\n<li>H\u00e4ufig enge technische Abstimmung mit unseren weltweiten Kunden.<\/li>\n<\/ul>\n<p>&nbsp;<\/p>\n<p><strong>Ihre Kenntnisse und F\u00e4higkeiten:<\/strong><\/p>\n<ul>\n<li>Abgeschlossene Ausbildung als Techniker oder ein Bachelor-Abschluss in Maschinenbau oder Mechatronik (Technikerqualifikationen sind willkommen).<\/li>\n<li>Idealerweise verf\u00fcgen Sie \u00fcber erste Berufserfahrung in der Konstruktion &#8211; jedoch z\u00e4hlt vor allem die Freude am Konstruieren!<\/li>\n<li>Fundierte Kenntnisse in CAD-Systemen, vorzugsweise Inventor.<\/li>\n<li>Freude an Teamarbeit und ausgepr\u00e4gter Teamgeist.<\/li>\n<li>Eigenverantwortliches und zuverl\u00e4ssiges Arbeiten.<\/li>\n<li>Grundkenntnisse in Englisch sind ausreichend.<\/li>\n<\/ul>\n<p>&nbsp;<\/p>\n<p><strong>Verg\u00fctung und Leistungen:<\/strong><\/p>\n<ul>\n<li>Leistungsgerechte Verg\u00fctung, die Ihre Qualifikationen und Erfahrung anerkennt.<\/li>\n<li>Herausfordernde und vielseitige Aufgaben in einem global t\u00e4tigen, wachsenden Familienunternehmen.<\/li>\n<li>Flache Hierarchien, kurze Entscheidungsprozesse und ein positives Arbeitsumfeld.<\/li>\n<\/ul>\n<p>&nbsp;<\/p>\n<p><strong>Warum Serafima?<\/strong> Bei Serafima bieten wir vielseitige und verantwortungsvolle Aufgaben in einem dynamischen, internationalen Umfeld. Als Teil unseres wachsenden Familienunternehmens erwartet Sie eine kollegiale Unternehmenskultur, die Zusammenarbeit f\u00f6rdert und Ihnen vielf\u00e4ltige Chancen f\u00fcr pers\u00f6nliche und berufliche Weiterentwicklung bietet.<\/p>\n<p><strong>Interessiert? <\/strong> Wenn Sie eine herausfordernde und zugleich lohnende Festanstellung suchen, dann freuen wir uns darauf, Sie kennenzulernen! Bitte senden Sie Ihre vollst\u00e4ndige Bewerbung, einschlie\u00dflich Ihrer Gehaltsvorstellungen und Verf\u00fcgbarkeit, an:<\/p>\n\tG\u00fcnter Klein HRSerafima GmbH &amp; Co. KG In der Eschenau 774405 Gaildorf Tel.: +49 791 94600 140 Mobil: +49 170 9312996 eMail: <a href=\"mailto:g.klein@serafimaint.com\">g.klein@serafimaint.com<\/a>\n\n<\/div><!-- .vgblk-rw-wrapper -->","protected":false},"excerpt":{"rendered":"<p>Serafima GmbH &amp; Co. KG is a global service provider specializing in rotating equipment, serving customers across a wide range of industries. Operating from our headquarters in Gaildorf, we offer&#8230;<\/p>\n","protected":false},"author":1,"featured_media":0,"parent":0,"menu_order":0,"comment_status":"closed","ping_status":"closed","template":"","meta":{"inline_featured_image":false,"footnotes":""},"class_list":["post-990736","page","type-page","status-publish","hentry"],"yoast_head":"<!-- This site is optimized with the Yoast SEO plugin v27.4 - https:\/\/yoast.com\/product\/yoast-seo-wordpress\/ -->\n<title>Verf\u00fcgbare Position: Konstruktionstechniker \u201cm\/w\/d\u201d - Serafima<\/title>\n<meta name=\"description\" content=\"Serafima ist ein globaler Dienstleister und Maschinenhersteller, der sich auf rotierende Anlagen, einschlie\u00dflich Ventilatoren, Gebl\u00e4se und Kompressoren, spezialisiert hat.\" \/>\n<meta name=\"robots\" content=\"index, follow, max-snippet:-1, max-image-preview:large, max-video-preview:-1\" \/>\n<link rel=\"canonical\" href=\"https:\/\/www.serafimaint.com\/de\/verfuegbare-stelle-konstruktionsingenieur-m-w-d\/\" \/>\n<meta property=\"og:locale\" content=\"de_DE\" \/>\n<meta property=\"og:type\" content=\"article\" \/>\n<meta property=\"og:title\" content=\"Verf\u00fcgbare Position: Konstruktionstechniker \u201cm\/w\/d\u201d - Serafima\" \/>\n<meta property=\"og:description\" content=\"Serafima ist ein globaler Dienstleister und Maschinenhersteller, der sich auf rotierende Anlagen, einschlie\u00dflich Ventilatoren, Gebl\u00e4se und Kompressoren, spezialisiert hat.\" \/>\n<meta property=\"og:url\" content=\"https:\/\/www.serafimaint.com\/de\/verfuegbare-stelle-konstruktionsingenieur-m-w-d\/\" \/>\n<meta property=\"og:site_name\" content=\"Serafima\" \/>\n<meta property=\"article:publisher\" content=\"https:\/\/www.facebook.com\/serafimaservice\" \/>\n<meta property=\"article:modified_time\" content=\"2025-06-21T12:32:37+00:00\" \/>\n<meta name=\"twitter:card\" content=\"summary_large_image\" \/>\n<meta name=\"twitter:label1\" content=\"Gesch\u00e4tzte Lesezeit\" \/>\n\t<meta name=\"twitter:data1\" content=\"2\u00a0Minuten\" \/>\n<script type=\"application\/ld+json\" class=\"yoast-schema-graph\">{\"@context\":\"https:\\\/\\\/schema.org\",\"@graph\":[{\"@type\":\"WebPage\",\"@id\":\"https:\\\/\\\/www.serafimaint.com\\\/de\\\/verfuegbare-stelle-konstruktionsingenieur-m-w-d\\\/\",\"url\":\"https:\\\/\\\/www.serafimaint.com\\\/de\\\/verfuegbare-stelle-konstruktionsingenieur-m-w-d\\\/\",\"name\":\"Verf\u00fcgbare Position: Konstruktionstechniker \u201cm\\\/w\\\/d\u201d - Serafima\",\"isPartOf\":{\"@id\":\"https:\\\/\\\/www.serafimaint.com\\\/de\\\/#website\"},\"datePublished\":\"2025-01-11T23:49:27+00:00\",\"dateModified\":\"2025-06-21T12:32:37+00:00\",\"description\":\"Serafima ist ein globaler Dienstleister und Maschinenhersteller, der sich auf rotierende Anlagen, einschlie\u00dflich Ventilatoren, Gebl\u00e4se und Kompressoren, spezialisiert hat.\",\"breadcrumb\":{\"@id\":\"https:\\\/\\\/www.serafimaint.com\\\/de\\\/verfuegbare-stelle-konstruktionsingenieur-m-w-d\\\/#breadcrumb\"},\"inLanguage\":\"de\",\"potentialAction\":[{\"@type\":\"ReadAction\",\"target\":[\"https:\\\/\\\/www.serafimaint.com\\\/de\\\/verfuegbare-stelle-konstruktionsingenieur-m-w-d\\\/\"]}]},{\"@type\":\"BreadcrumbList\",\"@id\":\"https:\\\/\\\/www.serafimaint.com\\\/de\\\/verfuegbare-stelle-konstruktionsingenieur-m-w-d\\\/#breadcrumb\",\"itemListElement\":[{\"@type\":\"ListItem\",\"position\":1,\"name\":\"Home\",\"item\":\"https:\\\/\\\/www.serafimaint.com\\\/de\\\/\"},{\"@type\":\"ListItem\",\"position\":2,\"name\":\"Verf\u00fcgbare Position: Konstruktionstechniker \u201cm\\\/w\\\/d\u201d\"}]},{\"@type\":\"WebSite\",\"@id\":\"https:\\\/\\\/www.serafimaint.com\\\/de\\\/#website\",\"url\":\"https:\\\/\\\/www.serafimaint.com\\\/de\\\/\",\"name\":\"Serafima\",\"description\":\"\",\"publisher\":{\"@id\":\"https:\\\/\\\/www.serafimaint.com\\\/de\\\/#organization\"},\"potentialAction\":[{\"@type\":\"SearchAction\",\"target\":{\"@type\":\"EntryPoint\",\"urlTemplate\":\"https:\\\/\\\/www.serafimaint.com\\\/de\\\/?s={search_term_string}\"},\"query-input\":{\"@type\":\"PropertyValueSpecification\",\"valueRequired\":true,\"valueName\":\"search_term_string\"}}],\"inLanguage\":\"de\"},{\"@type\":\"Organization\",\"@id\":\"https:\\\/\\\/www.serafimaint.com\\\/de\\\/#organization\",\"name\":\"Serafima\",\"url\":\"https:\\\/\\\/www.serafimaint.com\\\/de\\\/\",\"logo\":{\"@type\":\"ImageObject\",\"inLanguage\":\"de\",\"@id\":\"https:\\\/\\\/www.serafimaint.com\\\/de\\\/#\\\/schema\\\/logo\\\/image\\\/\",\"url\":\"https:\\\/\\\/www.serafimaint.com\\\/wp-content\\\/uploads\\\/2024\\\/04\\\/logo300.png\",\"contentUrl\":\"https:\\\/\\\/www.serafimaint.com\\\/wp-content\\\/uploads\\\/2024\\\/04\\\/logo300.png\",\"width\":300,\"height\":82,\"caption\":\"Serafima\"},\"image\":{\"@id\":\"https:\\\/\\\/www.serafimaint.com\\\/de\\\/#\\\/schema\\\/logo\\\/image\\\/\"},\"sameAs\":[\"https:\\\/\\\/www.facebook.com\\\/serafimaservice\",\"https:\\\/\\\/www.xing.com\\\/pages\\\/serafimagmbh-co-kg\",\"https:\\\/\\\/www.linkedin.com\\\/company\\\/53425691\"]}]}<\/script>\n<!-- \/ Yoast SEO plugin. -->","yoast_head_json":{"title":"Verf\u00fcgbare Position: Konstruktionstechniker \u201cm\/w\/d\u201d - Serafima","description":"Serafima ist ein globaler Dienstleister und Maschinenhersteller, der sich auf rotierende Anlagen, einschlie\u00dflich Ventilatoren, Gebl\u00e4se und Kompressoren, spezialisiert hat.","robots":{"index":"index","follow":"follow","max-snippet":"max-snippet:-1","max-image-preview":"max-image-preview:large","max-video-preview":"max-video-preview:-1"},"canonical":"https:\/\/www.serafimaint.com\/de\/verfuegbare-stelle-konstruktionsingenieur-m-w-d\/","og_locale":"de_DE","og_type":"article","og_title":"Verf\u00fcgbare Position: Konstruktionstechniker \u201cm\/w\/d\u201d - Serafima","og_description":"Serafima ist ein globaler Dienstleister und Maschinenhersteller, der sich auf rotierende Anlagen, einschlie\u00dflich Ventilatoren, Gebl\u00e4se und Kompressoren, spezialisiert hat.","og_url":"https:\/\/www.serafimaint.com\/de\/verfuegbare-stelle-konstruktionsingenieur-m-w-d\/","og_site_name":"Serafima","article_publisher":"https:\/\/www.facebook.com\/serafimaservice","article_modified_time":"2025-06-21T12:32:37+00:00","twitter_card":"summary_large_image","twitter_misc":{"Gesch\u00e4tzte Lesezeit":"2\u00a0Minuten"},"schema":{"@context":"https:\/\/schema.org","@graph":[{"@type":"WebPage","@id":"https:\/\/www.serafimaint.com\/de\/verfuegbare-stelle-konstruktionsingenieur-m-w-d\/","url":"https:\/\/www.serafimaint.com\/de\/verfuegbare-stelle-konstruktionsingenieur-m-w-d\/","name":"Verf\u00fcgbare Position: Konstruktionstechniker \u201cm\/w\/d\u201d - Serafima","isPartOf":{"@id":"https:\/\/www.serafimaint.com\/de\/#website"},"datePublished":"2025-01-11T23:49:27+00:00","dateModified":"2025-06-21T12:32:37+00:00","description":"Serafima ist ein globaler Dienstleister und Maschinenhersteller, der sich auf rotierende Anlagen, einschlie\u00dflich Ventilatoren, Gebl\u00e4se und Kompressoren, spezialisiert hat.","breadcrumb":{"@id":"https:\/\/www.serafimaint.com\/de\/verfuegbare-stelle-konstruktionsingenieur-m-w-d\/#breadcrumb"},"inLanguage":"de","potentialAction":[{"@type":"ReadAction","target":["https:\/\/www.serafimaint.com\/de\/verfuegbare-stelle-konstruktionsingenieur-m-w-d\/"]}]},{"@type":"BreadcrumbList","@id":"https:\/\/www.serafimaint.com\/de\/verfuegbare-stelle-konstruktionsingenieur-m-w-d\/#breadcrumb","itemListElement":[{"@type":"ListItem","position":1,"name":"Home","item":"https:\/\/www.serafimaint.com\/de\/"},{"@type":"ListItem","position":2,"name":"Verf\u00fcgbare Position: Konstruktionstechniker \u201cm\/w\/d\u201d"}]},{"@type":"WebSite","@id":"https:\/\/www.serafimaint.com\/de\/#website","url":"https:\/\/www.serafimaint.com\/de\/","name":"Serafima","description":"","publisher":{"@id":"https:\/\/www.serafimaint.com\/de\/#organization"},"potentialAction":[{"@type":"SearchAction","target":{"@type":"EntryPoint","urlTemplate":"https:\/\/www.serafimaint.com\/de\/?s={search_term_string}"},"query-input":{"@type":"PropertyValueSpecification","valueRequired":true,"valueName":"search_term_string"}}],"inLanguage":"de"},{"@type":"Organization","@id":"https:\/\/www.serafimaint.com\/de\/#organization","name":"Serafima","url":"https:\/\/www.serafimaint.com\/de\/","logo":{"@type":"ImageObject","inLanguage":"de","@id":"https:\/\/www.serafimaint.com\/de\/#\/schema\/logo\/image\/","url":"https:\/\/www.serafimaint.com\/wp-content\/uploads\/2024\/04\/logo300.png","contentUrl":"https:\/\/www.serafimaint.com\/wp-content\/uploads\/2024\/04\/logo300.png","width":300,"height":82,"caption":"Serafima"},"image":{"@id":"https:\/\/www.serafimaint.com\/de\/#\/schema\/logo\/image\/"},"sameAs":["https:\/\/www.facebook.com\/serafimaservice","https:\/\/www.xing.com\/pages\/serafimagmbh-co-kg","https:\/\/www.linkedin.com\/company\/53425691"]}]}},"jetpack_sharing_enabled":true,"_links":{"self":[{"href":"https:\/\/www.serafimaint.com\/de\/wp-json\/wp\/v2\/pages\/990736","targetHints":{"allow":["GET"]}}],"collection":[{"href":"https:\/\/www.serafimaint.com\/de\/wp-json\/wp\/v2\/pages"}],"about":[{"href":"https:\/\/www.serafimaint.com\/de\/wp-json\/wp\/v2\/types\/page"}],"author":[{"embeddable":true,"href":"https:\/\/www.serafimaint.com\/de\/wp-json\/wp\/v2\/users\/1"}],"replies":[{"embeddable":true,"href":"https:\/\/www.serafimaint.com\/de\/wp-json\/wp\/v2\/comments?post=990736"}],"version-history":[{"count":2,"href":"https:\/\/www.serafimaint.com\/de\/wp-json\/wp\/v2\/pages\/990736\/revisions"}],"predecessor-version":[{"id":991703,"href":"https:\/\/www.serafimaint.com\/de\/wp-json\/wp\/v2\/pages\/990736\/revisions\/991703"}],"wp:attachment":[{"href":"https:\/\/www.serafimaint.com\/de\/wp-json\/wp\/v2\/media?parent=990736"}],"curies":[{"name":"wp","href":"https:\/\/api.w.org\/{rel}","templated":true}]}}