{"id":991096,"date":"2025-02-11T11:21:11","date_gmt":"2025-02-11T10:21:11","guid":{"rendered":"https:\/\/serafima2024.live-website.com\/?page_id=991096"},"modified":"2026-01-26T20:14:02","modified_gmt":"2026-01-26T19:14:02","slug":"atex-experten","status":"publish","type":"page","link":"https:\/\/www.serafimaint.com\/de\/atex-experten\/","title":{"rendered":"ATEX-Experten"},"content":{"rendered":"<div class=\"vgblk-rw-wrapper limit-wrapper\">\n\n\t<h2>ATEX-Explosionsschutz f\u00fcr<\/h2>\n<h2><strong>rotierende Maschinen<\/strong><\/h2>\n\t<p>In explosionsgef\u00e4hrdeten Bereichen sind h\u00f6chste Sicherheitsstandards erforderlich &#8211; insbesondere bei rotierenden Maschinen wie Industrieventilatoren und Verdichtern. Unser Unternehmen bietet umfassende L\u00f6sungen f\u00fcr den <strong>ATEX-Explosionsschutz<\/strong> bis hin zur anspruchsvollen <strong>Zone 0<\/strong>.<\/p>\n<p>Unsere Expertise umfasst:<\/p>\n<p>\ud83d\udd37 <strong>Analyse und Bewertung<\/strong> der Betriebsbedingungen nach ATEX-Richtlinien<\/p>\n<p>\ud83d\udd37 <strong>Anpassung und Nachr\u00fcstung<\/strong> von Maschinen gem\u00e4\u00df Explosionsschutzanforderungen<\/p>\n<p>\ud83d\udd37 <strong>Ersatzteile und Komponenten<\/strong> f\u00fcr den sicheren Einsatz in ATEX-Zonen<\/p>\n<p>\ud83d\udd37 <strong>Pr\u00e4ventive Wartung und Instandhaltung<\/strong>, um Z\u00fcndquellen zuverl\u00e4ssig zu vermeiden<\/p>\n<p>\ud83d\udd37 <strong>Zertifizierte Reparaturen und Modifikationen<\/strong> f\u00fcr den sicheren Weiterbetrieb<\/p>\n\n\t\t\t\t\t\t\t<img loading=\"lazy\" decoding=\"async\" src=\"https:\/\/serafima2024.live-website.com\/wp-content\/uploads\/2025\/02\/Ex-1.jpg\" alt=\"Ex-1\" itemprop=\"image\" height=\"209\" width=\"241\" title=\"Ex-1\" onerror=\"this.style.display='none'\"  sizes=\"auto, (max-width: 768px) 100vw, 100vw\"\/>\t\t\t\t\t\t\t\n\t\t\t\t\t\t\t<img loading=\"lazy\" decoding=\"async\" src=\"https:\/\/serafima2024.live-website.com\/wp-content\/uploads\/2024\/12\/DJI_0114-630x354.jpg\" alt=\"default\" itemprop=\"image\" height=\"354\" width=\"630\" title=\"default\" onerror=\"this.style.display='none'\"  sizes=\"auto, (max-width: 768px) 100vw, 100vw\" srcset=\"https:\/\/serafima2024.live-website.com\/wp-content\/uploads\/2024\/12\/DJI_0114-630x354.jpg 630w, https:\/\/serafima2024.live-website.com\/wp-content\/uploads\/2024\/12\/DJI_0114-300x169.jpg 300w, https:\/\/serafima2024.live-website.com\/wp-content\/uploads\/2024\/12\/DJI_0114-1024x576.jpg 1024w, https:\/\/serafima2024.live-website.com\/wp-content\/uploads\/2024\/12\/DJI_0114-768x432.jpg 768w, https:\/\/serafima2024.live-website.com\/wp-content\/uploads\/2024\/12\/DJI_0114-1536x864.jpg 1536w, https:\/\/serafima2024.live-website.com\/wp-content\/uploads\/2024\/12\/DJI_0114-2048x1152.jpg 2048w, https:\/\/serafima2024.live-website.com\/wp-content\/uploads\/2024\/12\/DJI_0114-1260x709.jpg 1260w, https:\/\/serafima2024.live-website.com\/wp-content\/uploads\/2024\/12\/DJI_0114-420x236.jpg 420w, https:\/\/serafima2024.live-website.com\/wp-content\/uploads\/2024\/12\/DJI_0114-840x473.jpg 840w, https:\/\/serafima2024.live-website.com\/wp-content\/uploads\/2024\/12\/DJI_0114-315x177.jpg 315w\" \/>\t\t\t\t\t\t\t\n\t<p>Dank langj\u00e4hriger Erfahrung und modernster Technik gew\u00e4hrleisten wir den sicheren Betrieb Ihrer Maschinen &#8211; auch unter extremen Bedingungen. Unsere Spezialisten beraten Sie individuell und sorgen f\u00fcr ma\u00dfgeschneiderte L\u00f6sungen, die den gesetzlichen Anforderungen und betrieblichen Erfordernissen gerecht werden.<\/p>\n<p>Verlassen Sie sich auf <strong>h\u00f6chste Sicherheit und zuverl\u00e4ssige Leistung &#8211; weltweit.<\/strong><\/p>\n\n<\/div><!-- .vgblk-rw-wrapper -->","protected":false},"excerpt":{"rendered":"<p>ATEX-Explosionsschutz f\u00fcr rotierende Maschinen In explosionsgef\u00e4hrdeten Bereichen sind h\u00f6chste Sicherheitsstandards erforderlich &#8211; insbesondere bei rotierenden Maschinen wie Industrieventilatoren und Verdichtern. Unser Unternehmen bietet umfassende L\u00f6sungen f\u00fcr den ATEX-Explosionsschutz bis hin&#8230;<\/p>\n","protected":false},"author":3,"featured_media":991084,"parent":0,"menu_order":0,"comment_status":"closed","ping_status":"closed","template":"","meta":{"inline_featured_image":false,"footnotes":""},"class_list":["post-991096","page","type-page","status-publish","has-post-thumbnail","hentry"],"yoast_head":"<!-- This site is optimized with the Yoast SEO plugin v27.5 - https:\/\/yoast.com\/product\/yoast-seo-wordpress\/ -->\n<title>Hersteller von Ventilatoren, Gebl\u00e4sen und Kompressoren<\/title>\n<meta name=\"description\" content=\"Serafima ist ein globaler Dienstleister und Maschinenhersteller, der sich auf rotierende Anlagen, einschlie\u00dflich Ventilatoren, Gebl\u00e4se und Kompressoren, spezialisiert hat.\" \/>\n<meta name=\"robots\" content=\"index, follow, max-snippet:-1, max-image-preview:large, max-video-preview:-1\" \/>\n<link rel=\"canonical\" href=\"https:\/\/www.serafimaint.com\/de\/atex-experten\/\" \/>\n<meta property=\"og:locale\" content=\"de_DE\" \/>\n<meta property=\"og:type\" content=\"article\" \/>\n<meta property=\"og:title\" content=\"Hersteller von Ventilatoren, Gebl\u00e4sen und Kompressoren\" \/>\n<meta property=\"og:description\" content=\"Serafima ist ein globaler Dienstleister und Maschinenhersteller, der sich auf rotierende Anlagen, einschlie\u00dflich Ventilatoren, Gebl\u00e4se und Kompressoren, spezialisiert hat.\" \/>\n<meta property=\"og:url\" content=\"https:\/\/www.serafimaint.com\/de\/atex-experten\/\" \/>\n<meta property=\"og:site_name\" content=\"Serafima\" \/>\n<meta property=\"article:publisher\" content=\"https:\/\/www.facebook.com\/serafimaservice\" \/>\n<meta property=\"article:modified_time\" content=\"2026-01-26T19:14:02+00:00\" \/>\n<meta property=\"og:image\" content=\"https:\/\/www.serafimaint.com\/wp-content\/uploads\/2025\/02\/Ex-1.jpg\" \/>\n\t<meta property=\"og:image:width\" content=\"241\" \/>\n\t<meta property=\"og:image:height\" content=\"209\" \/>\n\t<meta property=\"og:image:type\" content=\"image\/jpeg\" \/>\n<meta name=\"twitter:card\" content=\"summary_large_image\" \/>\n<meta name=\"twitter:label1\" content=\"Gesch\u00e4tzte Lesezeit\" \/>\n\t<meta name=\"twitter:data1\" content=\"1\u00a0Minute\" \/>\n<script type=\"application\/ld+json\" class=\"yoast-schema-graph\">{\"@context\":\"https:\\\/\\\/schema.org\",\"@graph\":[{\"@type\":\"WebPage\",\"@id\":\"https:\\\/\\\/www.serafimaint.com\\\/de\\\/atex-experten\\\/\",\"url\":\"https:\\\/\\\/www.serafimaint.com\\\/de\\\/atex-experten\\\/\",\"name\":\"Hersteller von Ventilatoren, Gebl\u00e4sen und Kompressoren\",\"isPartOf\":{\"@id\":\"https:\\\/\\\/www.serafimaint.com\\\/de\\\/#website\"},\"primaryImageOfPage\":{\"@id\":\"https:\\\/\\\/www.serafimaint.com\\\/de\\\/atex-experten\\\/#primaryimage\"},\"image\":{\"@id\":\"https:\\\/\\\/www.serafimaint.com\\\/de\\\/atex-experten\\\/#primaryimage\"},\"thumbnailUrl\":\"https:\\\/\\\/www.serafimaint.com\\\/wp-content\\\/uploads\\\/2025\\\/02\\\/Ex-1.jpg\",\"datePublished\":\"2025-02-11T10:21:11+00:00\",\"dateModified\":\"2026-01-26T19:14:02+00:00\",\"description\":\"Serafima ist ein globaler Dienstleister und Maschinenhersteller, der sich auf rotierende Anlagen, einschlie\u00dflich Ventilatoren, Gebl\u00e4se und Kompressoren, spezialisiert hat.\",\"breadcrumb\":{\"@id\":\"https:\\\/\\\/www.serafimaint.com\\\/de\\\/atex-experten\\\/#breadcrumb\"},\"inLanguage\":\"de\",\"potentialAction\":[{\"@type\":\"ReadAction\",\"target\":[\"https:\\\/\\\/www.serafimaint.com\\\/de\\\/atex-experten\\\/\"]}]},{\"@type\":\"ImageObject\",\"inLanguage\":\"de\",\"@id\":\"https:\\\/\\\/www.serafimaint.com\\\/de\\\/atex-experten\\\/#primaryimage\",\"url\":\"https:\\\/\\\/www.serafimaint.com\\\/wp-content\\\/uploads\\\/2025\\\/02\\\/Ex-1.jpg\",\"contentUrl\":\"https:\\\/\\\/www.serafimaint.com\\\/wp-content\\\/uploads\\\/2025\\\/02\\\/Ex-1.jpg\",\"width\":241,\"height\":209},{\"@type\":\"BreadcrumbList\",\"@id\":\"https:\\\/\\\/www.serafimaint.com\\\/de\\\/atex-experten\\\/#breadcrumb\",\"itemListElement\":[{\"@type\":\"ListItem\",\"position\":1,\"name\":\"Home\",\"item\":\"https:\\\/\\\/www.serafimaint.com\\\/de\\\/\"},{\"@type\":\"ListItem\",\"position\":2,\"name\":\"ATEX-Experten\"}]},{\"@type\":\"WebSite\",\"@id\":\"https:\\\/\\\/www.serafimaint.com\\\/de\\\/#website\",\"url\":\"https:\\\/\\\/www.serafimaint.com\\\/de\\\/\",\"name\":\"Serafima\",\"description\":\"\",\"publisher\":{\"@id\":\"https:\\\/\\\/www.serafimaint.com\\\/de\\\/#organization\"},\"potentialAction\":[{\"@type\":\"SearchAction\",\"target\":{\"@type\":\"EntryPoint\",\"urlTemplate\":\"https:\\\/\\\/www.serafimaint.com\\\/de\\\/?s={search_term_string}\"},\"query-input\":{\"@type\":\"PropertyValueSpecification\",\"valueRequired\":true,\"valueName\":\"search_term_string\"}}],\"inLanguage\":\"de\"},{\"@type\":\"Organization\",\"@id\":\"https:\\\/\\\/www.serafimaint.com\\\/de\\\/#organization\",\"name\":\"Serafima\",\"url\":\"https:\\\/\\\/www.serafimaint.com\\\/de\\\/\",\"logo\":{\"@type\":\"ImageObject\",\"inLanguage\":\"de\",\"@id\":\"https:\\\/\\\/www.serafimaint.com\\\/de\\\/#\\\/schema\\\/logo\\\/image\\\/\",\"url\":\"https:\\\/\\\/www.serafimaint.com\\\/wp-content\\\/uploads\\\/2024\\\/04\\\/logo300.png\",\"contentUrl\":\"https:\\\/\\\/www.serafimaint.com\\\/wp-content\\\/uploads\\\/2024\\\/04\\\/logo300.png\",\"width\":300,\"height\":82,\"caption\":\"Serafima\"},\"image\":{\"@id\":\"https:\\\/\\\/www.serafimaint.com\\\/de\\\/#\\\/schema\\\/logo\\\/image\\\/\"},\"sameAs\":[\"https:\\\/\\\/www.facebook.com\\\/serafimaservice\",\"https:\\\/\\\/www.xing.com\\\/pages\\\/serafimagmbh-co-kg\",\"https:\\\/\\\/www.linkedin.com\\\/company\\\/53425691\"]}]}<\/script>\n<!-- \/ Yoast SEO plugin. -->","yoast_head_json":{"title":"Hersteller von Ventilatoren, Gebl\u00e4sen und Kompressoren","description":"Serafima ist ein globaler Dienstleister und Maschinenhersteller, der sich auf rotierende Anlagen, einschlie\u00dflich Ventilatoren, Gebl\u00e4se und Kompressoren, spezialisiert hat.","robots":{"index":"index","follow":"follow","max-snippet":"max-snippet:-1","max-image-preview":"max-image-preview:large","max-video-preview":"max-video-preview:-1"},"canonical":"https:\/\/www.serafimaint.com\/de\/atex-experten\/","og_locale":"de_DE","og_type":"article","og_title":"Hersteller von Ventilatoren, Gebl\u00e4sen und Kompressoren","og_description":"Serafima ist ein globaler Dienstleister und Maschinenhersteller, der sich auf rotierende Anlagen, einschlie\u00dflich Ventilatoren, Gebl\u00e4se und Kompressoren, spezialisiert hat.","og_url":"https:\/\/www.serafimaint.com\/de\/atex-experten\/","og_site_name":"Serafima","article_publisher":"https:\/\/www.facebook.com\/serafimaservice","article_modified_time":"2026-01-26T19:14:02+00:00","og_image":[{"width":241,"height":209,"url":"https:\/\/www.serafimaint.com\/wp-content\/uploads\/2025\/02\/Ex-1.jpg","type":"image\/jpeg"}],"twitter_card":"summary_large_image","twitter_misc":{"Gesch\u00e4tzte Lesezeit":"1\u00a0Minute"},"schema":{"@context":"https:\/\/schema.org","@graph":[{"@type":"WebPage","@id":"https:\/\/www.serafimaint.com\/de\/atex-experten\/","url":"https:\/\/www.serafimaint.com\/de\/atex-experten\/","name":"Hersteller von Ventilatoren, Gebl\u00e4sen und Kompressoren","isPartOf":{"@id":"https:\/\/www.serafimaint.com\/de\/#website"},"primaryImageOfPage":{"@id":"https:\/\/www.serafimaint.com\/de\/atex-experten\/#primaryimage"},"image":{"@id":"https:\/\/www.serafimaint.com\/de\/atex-experten\/#primaryimage"},"thumbnailUrl":"https:\/\/www.serafimaint.com\/wp-content\/uploads\/2025\/02\/Ex-1.jpg","datePublished":"2025-02-11T10:21:11+00:00","dateModified":"2026-01-26T19:14:02+00:00","description":"Serafima ist ein globaler Dienstleister und Maschinenhersteller, der sich auf rotierende Anlagen, einschlie\u00dflich Ventilatoren, Gebl\u00e4se und Kompressoren, spezialisiert hat.","breadcrumb":{"@id":"https:\/\/www.serafimaint.com\/de\/atex-experten\/#breadcrumb"},"inLanguage":"de","potentialAction":[{"@type":"ReadAction","target":["https:\/\/www.serafimaint.com\/de\/atex-experten\/"]}]},{"@type":"ImageObject","inLanguage":"de","@id":"https:\/\/www.serafimaint.com\/de\/atex-experten\/#primaryimage","url":"https:\/\/www.serafimaint.com\/wp-content\/uploads\/2025\/02\/Ex-1.jpg","contentUrl":"https:\/\/www.serafimaint.com\/wp-content\/uploads\/2025\/02\/Ex-1.jpg","width":241,"height":209},{"@type":"BreadcrumbList","@id":"https:\/\/www.serafimaint.com\/de\/atex-experten\/#breadcrumb","itemListElement":[{"@type":"ListItem","position":1,"name":"Home","item":"https:\/\/www.serafimaint.com\/de\/"},{"@type":"ListItem","position":2,"name":"ATEX-Experten"}]},{"@type":"WebSite","@id":"https:\/\/www.serafimaint.com\/de\/#website","url":"https:\/\/www.serafimaint.com\/de\/","name":"Serafima","description":"","publisher":{"@id":"https:\/\/www.serafimaint.com\/de\/#organization"},"potentialAction":[{"@type":"SearchAction","target":{"@type":"EntryPoint","urlTemplate":"https:\/\/www.serafimaint.com\/de\/?s={search_term_string}"},"query-input":{"@type":"PropertyValueSpecification","valueRequired":true,"valueName":"search_term_string"}}],"inLanguage":"de"},{"@type":"Organization","@id":"https:\/\/www.serafimaint.com\/de\/#organization","name":"Serafima","url":"https:\/\/www.serafimaint.com\/de\/","logo":{"@type":"ImageObject","inLanguage":"de","@id":"https:\/\/www.serafimaint.com\/de\/#\/schema\/logo\/image\/","url":"https:\/\/www.serafimaint.com\/wp-content\/uploads\/2024\/04\/logo300.png","contentUrl":"https:\/\/www.serafimaint.com\/wp-content\/uploads\/2024\/04\/logo300.png","width":300,"height":82,"caption":"Serafima"},"image":{"@id":"https:\/\/www.serafimaint.com\/de\/#\/schema\/logo\/image\/"},"sameAs":["https:\/\/www.facebook.com\/serafimaservice","https:\/\/www.xing.com\/pages\/serafimagmbh-co-kg","https:\/\/www.linkedin.com\/company\/53425691"]}]}},"jetpack_sharing_enabled":true,"_links":{"self":[{"href":"https:\/\/www.serafimaint.com\/de\/wp-json\/wp\/v2\/pages\/991096","targetHints":{"allow":["GET"]}}],"collection":[{"href":"https:\/\/www.serafimaint.com\/de\/wp-json\/wp\/v2\/pages"}],"about":[{"href":"https:\/\/www.serafimaint.com\/de\/wp-json\/wp\/v2\/types\/page"}],"author":[{"embeddable":true,"href":"https:\/\/www.serafimaint.com\/de\/wp-json\/wp\/v2\/users\/3"}],"replies":[{"embeddable":true,"href":"https:\/\/www.serafimaint.com\/de\/wp-json\/wp\/v2\/comments?post=991096"}],"version-history":[{"count":1,"href":"https:\/\/www.serafimaint.com\/de\/wp-json\/wp\/v2\/pages\/991096\/revisions"}],"predecessor-version":[{"id":992028,"href":"https:\/\/www.serafimaint.com\/de\/wp-json\/wp\/v2\/pages\/991096\/revisions\/992028"}],"wp:featuredmedia":[{"embeddable":true,"href":"https:\/\/www.serafimaint.com\/de\/wp-json\/wp\/v2\/media\/991084"}],"wp:attachment":[{"href":"https:\/\/www.serafimaint.com\/de\/wp-json\/wp\/v2\/media?parent=991096"}],"curies":[{"name":"wp","href":"https:\/\/api.w.org\/{rel}","templated":true}]}}